{"id":25962,"date":"2021-08-27T13:58:40","date_gmt":"2021-08-27T11:58:40","guid":{"rendered":"https:\/\/www.imds-professional.com\/comprobacion-del-sistema\/"},"modified":"2022-02-16T09:47:52","modified_gmt":"2022-02-16T08:47:52","slug":"comprobacion-del-sistema","status":"publish","type":"page","link":"https:\/\/www.imds-professional.com\/es\/comprobacion-del-sistema\/","title":{"rendered":"Comprobaci\u00f3n del sistema"},"content":{"rendered":"\t\t<div data-elementor-type=\"wp-page\" data-elementor-id=\"25962\" class=\"elementor elementor-25962 elementor-7471\" data-elementor-post-type=\"page\">\n\t\t\t\t\t\t<section class=\"elementor-section elementor-top-section elementor-element elementor-element-310d797 elementor-section-boxed elementor-section-height-default elementor-section-height-default\" data-id=\"310d797\" data-element_type=\"section\" data-e-type=\"section\">\n\t\t\t\t\t\t\t<div class=\"elementor-background-overlay\"><\/div>\n\t\t\t\t\t\t\t<div class=\"elementor-container elementor-column-gap-default\">\n\t\t\t\t\t<div class=\"elementor-column elementor-col-100 elementor-top-column elementor-element elementor-element-e65e6da\" data-id=\"e65e6da\" data-element_type=\"column\" data-e-type=\"column\" data-settings=\"{&quot;background_background&quot;:&quot;classic&quot;}\">\n\t\t\t<div class=\"elementor-widget-wrap elementor-element-populated\">\n\t\t\t\t\t<div class=\"elementor-background-overlay\"><\/div>\n\t\t\t\t\t\t<div class=\"elementor-element elementor-element-1ed5679 elementor-widget-divider--view-line elementor-invisible elementor-widget elementor-widget-divider\" data-id=\"1ed5679\" data-element_type=\"widget\" data-e-type=\"widget\" data-settings=\"{&quot;_animation&quot;:&quot;fadeIn&quot;,&quot;_animation_delay&quot;:150}\" data-widget_type=\"divider.default\">\n\t\t\t\t<div class=\"elementor-widget-container\">\n\t\t\t\t\t\t\t<div class=\"elementor-divider\">\n\t\t\t<span class=\"elementor-divider-separator\">\n\t\t\t\t\t\t<\/span>\n\t\t<\/div>\n\t\t\t\t\t\t<\/div>\n\t\t\t\t<\/div>\n\t\t\t\t<div class=\"elementor-element elementor-element-59fede4 elementor-widget elementor-widget-heading\" data-id=\"59fede4\" data-element_type=\"widget\" data-e-type=\"widget\" data-widget_type=\"heading.default\">\n\t\t\t\t<div class=\"elementor-widget-container\">\n\t\t\t\t\t<h1 class=\"elementor-heading-title elementor-size-default\">Formaci\u00f3n en l\u00ednea <b>Comprobaci\u00f3n del sistema<\/b><\/h1>\t\t\t\t<\/div>\n\t\t\t\t<\/div>\n\t\t\t\t<div class=\"elementor-element elementor-element-3eb63d5 elementor-widget elementor-widget-text-editor\" data-id=\"3eb63d5\" data-element_type=\"widget\" data-e-type=\"widget\" data-widget_type=\"text-editor.default\">\n\t\t\t\t<div class=\"elementor-widget-container\">\n\t\t\t\t\t\t\t\t\t<p>Estimado participante,<\/p><p>nos complace que est\u00e9 interesado \/ se haya inscrito en uno de nuestros cursos de formaci\u00f3n en l\u00ednea.<\/p><h5>Necesitar\u00e1s:<\/h5><ul><li>una conexi\u00f3n a Internet estable<\/li><li>Auricular o altavoz y micr\u00f3fono<\/li><\/ul><h5>En caso de problemas suele ayudar<\/h5><ul><li style=\"list-style-type: none;\"><ul><li>utilizar un navegador diferente<\/li><li>Compruebe la configuraci\u00f3n del cortafuegos<\/li><\/ul><\/li><\/ul><p>En caso de duda, coordine con su departamento interno de TI.<\/p><p><strong>Por regla general, nuestros cursos de formaci\u00f3n tienen lugar a trav\u00e9s de Microsoft Teams. Encontrar\u00e1 instrucciones e informaci\u00f3n t\u00e9cnica en las p\u00e1ginas oficiales de Microsoft.<\/strong><\/p><p><strong>Algunos cursos de formaci\u00f3n tienen lugar a trav\u00e9s de GoToWebinar. Tambi\u00e9n hay p\u00e1ginas de ayuda que lo explican todo.<\/strong><\/p><p>Si tiene m\u00e1s preguntas o problemas, no dude en ponerse en contacto con nosotros por tel\u00e9fono en el +49 (0) 6083 \/ 91300 o por correo electr\u00f3nico en info@imds-professional.com.<\/p>\t\t\t\t\t\t\t\t<\/div>\n\t\t\t\t<\/div>\n\t\t\t\t\t<\/div>\n\t\t<\/div>\n\t\t\t\t\t<\/div>\n\t\t<\/section>\n\t\t\t\t<\/div>\n\t\t","protected":false},"excerpt":{"rendered":"<p>Formaci\u00f3n en l\u00ednea Comprobaci\u00f3n del sistema Estimado participante, nos complace que est\u00e9 interesado \/ se haya inscrito en uno de nuestros cursos de formaci\u00f3n en l\u00ednea. Necesitar\u00e1s: una conexi\u00f3n a Internet estable Auricular o altavoz y micr\u00f3fono En caso de problemas suele ayudar utilizar un navegador diferente Compruebe la configuraci\u00f3n del cortafuegos En caso de [&hellip;]<\/p>\n","protected":false},"author":4,"featured_media":0,"parent":0,"menu_order":0,"comment_status":"closed","ping_status":"closed","template":"elementor_header_footer","meta":{"footnotes":""},"class_list":["post-25962","page","type-page","status-publish","hentry","entry","owp-thumbs-layout-horizontal","owp-btn-normal","owp-tabs-layout-horizontal","has-no-thumbnails","has-product-nav"],"yoast_head":"<!-- This site is optimized with the Yoast SEO plugin v27.2 - https:\/\/yoast.com\/product\/yoast-seo-wordpress\/ -->\n<title>Comprobaci\u00f3n del sistema<\/title>\n<meta name=\"robots\" content=\"index, follow, max-snippet:-1, max-image-preview:large, max-video-preview:-1\" \/>\n<link rel=\"canonical\" href=\"https:\/\/www.imds-professional.com\/systemcheck\/\" \/>\n<meta property=\"og:locale\" content=\"es_ES\" \/>\n<meta property=\"og:type\" content=\"article\" \/>\n<meta property=\"og:title\" content=\"Comprobaci\u00f3n del sistema\" \/>\n<meta property=\"og:description\" content=\"Formaci\u00f3n en l\u00ednea Comprobaci\u00f3n del sistema Estimado participante, nos complace que est\u00e9 interesado \/ se haya inscrito en uno de nuestros cursos de formaci\u00f3n en l\u00ednea. Necesitar\u00e1s: una conexi\u00f3n a Internet estable Auricular o altavoz y micr\u00f3fono En caso de problemas suele ayudar utilizar un navegador diferente Compruebe la configuraci\u00f3n del cortafuegos En caso de [&hellip;]\" \/>\n<meta property=\"og:url\" content=\"https:\/\/www.imds-professional.com\/systemcheck\/\" \/>\n<meta property=\"og:site_name\" content=\"imds-professional\" \/>\n<meta property=\"article:modified_time\" content=\"2022-02-16T08:47:52+00:00\" \/>\n<meta name=\"twitter:label1\" content=\"Tiempo de lectura\" \/>\n\t<meta name=\"twitter:data1\" content=\"1 minuto\" \/>\n<script type=\"application\/ld+json\" class=\"yoast-schema-graph\">{\"@context\":\"https:\/\/schema.org\",\"@graph\":[{\"@type\":\"WebPage\",\"@id\":\"https:\/\/www.imds-professional.com\/systemcheck\/\",\"url\":\"https:\/\/www.imds-professional.com\/systemcheck\/\",\"name\":\"Comprobaci\u00f3n del sistema\",\"isPartOf\":{\"@id\":\"https:\/\/www.imds-professional.com\/#website\"},\"datePublished\":\"2021-08-27T11:58:40+00:00\",\"dateModified\":\"2022-02-16T08:47:52+00:00\",\"breadcrumb\":{\"@id\":\"https:\/\/www.imds-professional.com\/systemcheck\/#breadcrumb\"},\"inLanguage\":\"es\",\"potentialAction\":[{\"@type\":\"ReadAction\",\"target\":[\"https:\/\/www.imds-professional.com\/systemcheck\/\"]}]},{\"@type\":\"BreadcrumbList\",\"@id\":\"https:\/\/www.imds-professional.com\/systemcheck\/#breadcrumb\",\"itemListElement\":[{\"@type\":\"ListItem\",\"position\":1,\"name\":\"Startseite\",\"item\":\"https:\/\/www.imds-professional.com\/en\/\"},{\"@type\":\"ListItem\",\"position\":2,\"name\":\"Comprobaci\u00f3n del sistema\"}]},{\"@type\":\"WebSite\",\"@id\":\"https:\/\/www.imds-professional.com\/#website\",\"url\":\"https:\/\/www.imds-professional.com\/\",\"name\":\"imds-professional\",\"description\":\"Demo Seite f\u00fcr ein Projekt, nicht l\u00f6schen!!! \",\"publisher\":{\"@id\":\"https:\/\/www.imds-professional.com\/#organization\"},\"potentialAction\":[{\"@type\":\"SearchAction\",\"target\":{\"@type\":\"EntryPoint\",\"urlTemplate\":\"https:\/\/www.imds-professional.com\/?s={search_term_string}\"},\"query-input\":{\"@type\":\"PropertyValueSpecification\",\"valueRequired\":true,\"valueName\":\"search_term_string\"}}],\"inLanguage\":\"es\"},{\"@type\":\"Organization\",\"@id\":\"https:\/\/www.imds-professional.com\/#organization\",\"name\":\"imds professional GmbH & Co. KG\",\"url\":\"https:\/\/www.imds-professional.com\/\",\"logo\":{\"@type\":\"ImageObject\",\"inLanguage\":\"es\",\"@id\":\"https:\/\/www.imds-professional.com\/#\/schema\/logo\/image\/\",\"url\":\"https:\/\/www.imds-professional.com\/wp-content\/uploads\/2021\/06\/Logo-TransparentHeader.png\",\"contentUrl\":\"https:\/\/www.imds-professional.com\/wp-content\/uploads\/2021\/06\/Logo-TransparentHeader.png\",\"width\":5012,\"height\":2111,\"caption\":\"imds professional GmbH & Co. KG\"},\"image\":{\"@id\":\"https:\/\/www.imds-professional.com\/#\/schema\/logo\/image\/\"}}]}<\/script>\n<!-- \/ Yoast SEO plugin. -->","yoast_head_json":{"title":"Comprobaci\u00f3n del sistema","robots":{"index":"index","follow":"follow","max-snippet":"max-snippet:-1","max-image-preview":"max-image-preview:large","max-video-preview":"max-video-preview:-1"},"canonical":"https:\/\/www.imds-professional.com\/systemcheck\/","og_locale":"es_ES","og_type":"article","og_title":"Comprobaci\u00f3n del sistema","og_description":"Formaci\u00f3n en l\u00ednea Comprobaci\u00f3n del sistema Estimado participante, nos complace que est\u00e9 interesado \/ se haya inscrito en uno de nuestros cursos de formaci\u00f3n en l\u00ednea. Necesitar\u00e1s: una conexi\u00f3n a Internet estable Auricular o altavoz y micr\u00f3fono En caso de problemas suele ayudar utilizar un navegador diferente Compruebe la configuraci\u00f3n del cortafuegos En caso de [&hellip;]","og_url":"https:\/\/www.imds-professional.com\/systemcheck\/","og_site_name":"imds-professional","article_modified_time":"2022-02-16T08:47:52+00:00","twitter_misc":{"Tiempo de lectura":"1 minuto"},"schema":{"@context":"https:\/\/schema.org","@graph":[{"@type":"WebPage","@id":"https:\/\/www.imds-professional.com\/systemcheck\/","url":"https:\/\/www.imds-professional.com\/systemcheck\/","name":"Comprobaci\u00f3n del sistema","isPartOf":{"@id":"https:\/\/www.imds-professional.com\/#website"},"datePublished":"2021-08-27T11:58:40+00:00","dateModified":"2022-02-16T08:47:52+00:00","breadcrumb":{"@id":"https:\/\/www.imds-professional.com\/systemcheck\/#breadcrumb"},"inLanguage":"es","potentialAction":[{"@type":"ReadAction","target":["https:\/\/www.imds-professional.com\/systemcheck\/"]}]},{"@type":"BreadcrumbList","@id":"https:\/\/www.imds-professional.com\/systemcheck\/#breadcrumb","itemListElement":[{"@type":"ListItem","position":1,"name":"Startseite","item":"https:\/\/www.imds-professional.com\/en\/"},{"@type":"ListItem","position":2,"name":"Comprobaci\u00f3n del sistema"}]},{"@type":"WebSite","@id":"https:\/\/www.imds-professional.com\/#website","url":"https:\/\/www.imds-professional.com\/","name":"imds-professional","description":"Demo Seite f\u00fcr ein Projekt, nicht l\u00f6schen!!! ","publisher":{"@id":"https:\/\/www.imds-professional.com\/#organization"},"potentialAction":[{"@type":"SearchAction","target":{"@type":"EntryPoint","urlTemplate":"https:\/\/www.imds-professional.com\/?s={search_term_string}"},"query-input":{"@type":"PropertyValueSpecification","valueRequired":true,"valueName":"search_term_string"}}],"inLanguage":"es"},{"@type":"Organization","@id":"https:\/\/www.imds-professional.com\/#organization","name":"imds professional GmbH & Co. KG","url":"https:\/\/www.imds-professional.com\/","logo":{"@type":"ImageObject","inLanguage":"es","@id":"https:\/\/www.imds-professional.com\/#\/schema\/logo\/image\/","url":"https:\/\/www.imds-professional.com\/wp-content\/uploads\/2021\/06\/Logo-TransparentHeader.png","contentUrl":"https:\/\/www.imds-professional.com\/wp-content\/uploads\/2021\/06\/Logo-TransparentHeader.png","width":5012,"height":2111,"caption":"imds professional GmbH & Co. KG"},"image":{"@id":"https:\/\/www.imds-professional.com\/#\/schema\/logo\/image\/"}}]}},"_links":{"self":[{"href":"https:\/\/www.imds-professional.com\/es\/wp-json\/wp\/v2\/pages\/25962","targetHints":{"allow":["GET"]}}],"collection":[{"href":"https:\/\/www.imds-professional.com\/es\/wp-json\/wp\/v2\/pages"}],"about":[{"href":"https:\/\/www.imds-professional.com\/es\/wp-json\/wp\/v2\/types\/page"}],"author":[{"embeddable":true,"href":"https:\/\/www.imds-professional.com\/es\/wp-json\/wp\/v2\/users\/4"}],"replies":[{"embeddable":true,"href":"https:\/\/www.imds-professional.com\/es\/wp-json\/wp\/v2\/comments?post=25962"}],"version-history":[{"count":0,"href":"https:\/\/www.imds-professional.com\/es\/wp-json\/wp\/v2\/pages\/25962\/revisions"}],"wp:attachment":[{"href":"https:\/\/www.imds-professional.com\/es\/wp-json\/wp\/v2\/media?parent=25962"}],"curies":[{"name":"wp","href":"https:\/\/api.w.org\/{rel}","templated":true}]}}