{"id":26729,"date":"2021-06-14T09:21:26","date_gmt":"2021-06-14T07:21:26","guid":{"rendered":"https:\/\/www.imds-professional.com\/aviso-legal\/"},"modified":"2026-02-10T08:36:56","modified_gmt":"2026-02-10T07:36:56","slug":"aviso-legal","status":"publish","type":"page","link":"https:\/\/www.imds-professional.com\/es\/aviso-legal\/","title":{"rendered":"Aviso legal"},"content":{"rendered":"\t\t<div data-elementor-type=\"wp-page\" data-elementor-id=\"26729\" class=\"elementor elementor-26729 elementor-3393\" data-elementor-post-type=\"page\">\n\t\t\t\t\t\t<section class=\"elementor-section elementor-top-section elementor-element elementor-element-89fac03 elementor-section-content-middle elementor-reverse-mobile elementor-section-height-min-height elementor-section-boxed elementor-section-height-default elementor-section-items-middle\" data-id=\"89fac03\" data-element_type=\"section\" data-e-type=\"section\" data-settings=\"{&quot;background_background&quot;:&quot;classic&quot;}\">\n\t\t\t\t\t\t\t<div class=\"elementor-background-overlay\"><\/div>\n\t\t\t\t\t\t\t<div class=\"elementor-container elementor-column-gap-wider\">\n\t\t\t\t\t<div class=\"elementor-column elementor-col-50 elementor-top-column elementor-element elementor-element-658e976\" data-id=\"658e976\" data-element_type=\"column\" data-e-type=\"column\" data-settings=\"{&quot;background_background&quot;:&quot;classic&quot;}\">\n\t\t\t<div class=\"elementor-widget-wrap elementor-element-populated\">\n\t\t\t\t\t\t<section class=\"elementor-section elementor-inner-section elementor-element elementor-element-37be3bb elementor-section-content-middle elementor-reverse-mobile elementor-section-boxed elementor-section-height-default elementor-section-height-default elementor-invisible\" data-id=\"37be3bb\" data-element_type=\"section\" data-e-type=\"section\" data-settings=\"{&quot;animation&quot;:&quot;fadeInUp&quot;}\">\n\t\t\t\t\t\t<div class=\"elementor-container elementor-column-gap-default\">\n\t\t\t\t\t<div class=\"elementor-column elementor-col-100 elementor-inner-column elementor-element elementor-element-8d5173b\" data-id=\"8d5173b\" data-element_type=\"column\" data-e-type=\"column\">\n\t\t\t<div class=\"elementor-widget-wrap elementor-element-populated\">\n\t\t\t\t\t\t<div class=\"elementor-element elementor-element-c67980f elementor-widget elementor-widget-heading\" data-id=\"c67980f\" data-element_type=\"widget\" data-e-type=\"widget\" data-widget_type=\"heading.default\">\n\t\t\t\t<div class=\"elementor-widget-container\">\n\t\t\t\t\t<h3 class=\"elementor-heading-title elementor-size-default\">imds professional GmbH &amp; Co. KG <\/h3>\t\t\t\t<\/div>\n\t\t\t\t<\/div>\n\t\t\t\t<div class=\"elementor-element elementor-element-9cfefda elementor-widget-divider--view-line elementor-widget elementor-widget-divider\" data-id=\"9cfefda\" data-element_type=\"widget\" data-e-type=\"widget\" data-widget_type=\"divider.default\">\n\t\t\t\t<div class=\"elementor-widget-container\">\n\t\t\t\t\t\t\t<div class=\"elementor-divider\">\n\t\t\t<span class=\"elementor-divider-separator\">\n\t\t\t\t\t\t<\/span>\n\t\t<\/div>\n\t\t\t\t\t\t<\/div>\n\t\t\t\t<\/div>\n\t\t\t\t\t<\/div>\n\t\t<\/div>\n\t\t\t\t\t<\/div>\n\t\t<\/section>\n\t\t\t\t<div class=\"elementor-element elementor-element-af247de animated-slow elementor-invisible elementor-widget elementor-widget-heading\" data-id=\"af247de\" data-element_type=\"widget\" data-e-type=\"widget\" data-settings=\"{&quot;_animation&quot;:&quot;fadeInUp&quot;,&quot;_animation_delay&quot;:100}\" data-widget_type=\"heading.default\">\n\t\t\t\t<div class=\"elementor-widget-container\">\n\t\t\t\t\t<h1 class=\"elementor-heading-title elementor-size-default\"><b>Aviso legal<\/b><\/h1>\t\t\t\t<\/div>\n\t\t\t\t<\/div>\n\t\t\t\t<div class=\"elementor-element elementor-element-1facff3 elementor-align-left elementor-mobile-align-center elementor-widget elementor-widget-button\" data-id=\"1facff3\" data-element_type=\"widget\" data-e-type=\"widget\" data-widget_type=\"button.default\">\n\t\t\t\t<div class=\"elementor-widget-container\">\n\t\t\t\t\t\t\t\t\t<div class=\"elementor-button-wrapper\">\n\t\t\t\t\t<a class=\"elementor-button elementor-button-link elementor-size-sm elementor-animation-float\" href=\"https:\/\/www.imds-professional.com\/es\/proteccion-de-datos\/\">\n\t\t\t\t\t\t<span class=\"elementor-button-content-wrapper\">\n\t\t\t\t\t\t<span class=\"elementor-button-icon\">\n\t\t\t\t<svg xmlns=\"http:\/\/www.w3.org\/2000\/svg\" id=\"b385ca18-4b85-46d4-bb4b-571c73a19812\" data-name=\"b922a425-e5e0-4ef1-881c-5748460fd139\" viewBox=\"0 0 30.125 18.1738\"><title>arrow-icon-size3<\/title><path d=\"M29.75,9.3948,21.5281,1.1735a.8479.8479,0,0,0-.601-.261L20.9124.9119a.8526.8526,0,0,0-.5956.2409.8642.8642,0,0,0-.0027,1.23l6.7618,6.7611H.7316a.8566.8566,0,1,0,0,1.7131H27.0759l-6.7591,6.7591a.8576.8576,0,0,0-.0214,1.2113.8462.8462,0,0,0,.61.2583.8949.8949,0,0,0,.621-.2556l8.2233-8.224A.8587.8587,0,0,0,29.75,9.3948Z\" transform=\"translate(0.125 -0.9119)\"><\/path><\/svg>\t\t\t<\/span>\n\t\t\t\t\t\t\t\t\t<span class=\"elementor-button-text\">Protecci\u00f3n de datos<\/span>\n\t\t\t\t\t<\/span>\n\t\t\t\t\t<\/a>\n\t\t\t\t<\/div>\n\t\t\t\t\t\t\t\t<\/div>\n\t\t\t\t<\/div>\n\t\t\t\t\t<\/div>\n\t\t<\/div>\n\t\t\t\t<div class=\"elementor-column elementor-col-50 elementor-top-column elementor-element elementor-element-2792dc2\" data-id=\"2792dc2\" data-element_type=\"column\" data-e-type=\"column\">\n\t\t\t<div class=\"elementor-widget-wrap elementor-element-populated\">\n\t\t\t\t\t\t<div class=\"elementor-element elementor-element-49a49ce animated-slow elementor-invisible elementor-widget elementor-widget-image\" data-id=\"49a49ce\" data-element_type=\"widget\" data-e-type=\"widget\" data-settings=\"{&quot;_animation&quot;:&quot;fadeInUp&quot;,&quot;_animation_delay&quot;:200}\" data-widget_type=\"image.default\">\n\t\t\t\t<div class=\"elementor-widget-container\">\n\t\t\t\t\t\t\t\t\t\t\t\t\t\t\t<img decoding=\"async\" src=\"https:\/\/www.imds-professional.com\/wp-content\/uploads\/elementor\/thumbs\/Puma-ohne-Logo-1-1-pklbgav612s2qotg28v74rlvszbdok43flxkt0egkk.jpg\" title=\"Puma-ohne-Logo (1)\" alt=\"imds professional startseite puma, Sobre nosotros, Home | Conformidad de los materiales y los productos\" loading=\"lazy\" \/>\t\t\t\t\t\t\t\t\t\t\t\t\t\t\t<\/div>\n\t\t\t\t<\/div>\n\t\t\t\t\t<\/div>\n\t\t<\/div>\n\t\t\t\t\t<\/div>\n\t\t<\/section>\n\t\t\t\t<section class=\"elementor-section elementor-top-section elementor-element elementor-element-73a50f3 elementor-section-boxed elementor-section-height-default elementor-section-height-default\" data-id=\"73a50f3\" data-element_type=\"section\" data-e-type=\"section\">\n\t\t\t\t\t\t<div class=\"elementor-container elementor-column-gap-default\">\n\t\t\t\t\t<div class=\"elementor-column elementor-col-100 elementor-top-column elementor-element elementor-element-8fdeeb9\" data-id=\"8fdeeb9\" data-element_type=\"column\" data-e-type=\"column\">\n\t\t\t<div class=\"elementor-widget-wrap elementor-element-populated\">\n\t\t\t\t\t\t<div class=\"elementor-element elementor-element-845cff3 elementor-widget elementor-widget-spacer\" data-id=\"845cff3\" data-element_type=\"widget\" data-e-type=\"widget\" data-widget_type=\"spacer.default\">\n\t\t\t\t<div class=\"elementor-widget-container\">\n\t\t\t\t\t\t\t<div class=\"elementor-spacer\">\n\t\t\t<div class=\"elementor-spacer-inner\"><\/div>\n\t\t<\/div>\n\t\t\t\t\t\t<\/div>\n\t\t\t\t<\/div>\n\t\t\t\t<div class=\"elementor-element elementor-element-187247c elementor-widget elementor-widget-text-editor\" data-id=\"187247c\" data-element_type=\"widget\" data-e-type=\"widget\" data-widget_type=\"text-editor.default\">\n\t\t\t\t<div class=\"elementor-widget-container\">\n\t\t\t\t\t\t\t\t\t<p><strong>imds professional GmbH &amp; Co. KG<\/strong> es un proveedor de formaci\u00f3n, consultor\u00eda y servicios para el cumplimiento medioambiental de los productos en todo el mundo.<\/p>\n<p><strong>imds professional GmbH &amp; Co. KG<\/strong><\/p>\n<p>Calle Waschweg 3<br \/>61276 Weilrod \/Alemania<\/p>\n<p>Tel\u00e9fono: +49-6083-9130-30<br \/>Fax: +49-6083-9130-930<br \/>Correo electr\u00f3nico: info(at)imds-professional.com<br \/>Internet: www.imds-professional.com<\/p>\n<p><strong>Direcci\u00f3n: Heide Teubert<\/strong><br \/>Domicilio social de la empresa: Weilrod<br \/>Tribunal local de K\u00f6nigstein: HRA 104787<br \/>N\u00famero de identificaci\u00f3n del impuesto sobre el valor a\u00f1adido seg\u00fan el art\u00edculo 27 a de la Ley del Impuesto sobre el Valor A\u00f1adido: DE 249 46 47 59<br \/>N\u00famero DUNS: 50-711-8821<\/p>\n<p><strong>Datos bancarios:<\/strong><br \/>Commerzbank<br \/>IBAN: DE91 5004 0000 0122 2900 00<br \/>BIC: COBADEFFXXX<\/p>\n<p><strong>Informaci\u00f3n sobre la configuraci\u00f3n de los proveedores (PDF)<\/strong><\/p>\n<p>Socio general: imds professional Verwaltungs GmbH<br \/>Calle Waschweg 3<br \/>61276 Weilrod (Alemania)<br \/>Tribunal local de K\u00f6nigstein<br \/>HRB 8769<\/p>\n<p>El servidor de estas p\u00e1ginas web se encuentra en Weilrod, Alemania.<\/p>\n<p><strong>Responsable del contenido editorial seg\u00fan el art\u00edculo 10, apartado 3, del MDStV:<\/strong><br \/>imds professional GmbH &amp; Co. KG &#8211; departamento de marketing, direcci\u00f3n anterior<\/p>\n<p>Este sello tambi\u00e9n se aplica a nuestros sitios de redes sociales (LinkedIn, Youtube).<\/p>\n<p><strong>Aviso legal<\/strong><br \/>La empresa imds professional comprueba y actualiza constantemente la informaci\u00f3n de sus sitios web. A pesar de todos los cuidados, los datos pueden haber cambiado entretanto. Por lo tanto, no se puede asumir ninguna responsabilidad o garant\u00eda por la actualidad, exactitud e integridad de la informaci\u00f3n proporcionada. Lo mismo se aplica a todos los dem\u00e1s sitios web a los que se hace referencia mediante un hiperv\u00ednculo. imds professional no se hace responsable del contenido de los sitios web a los que se llega a trav\u00e9s de dicho enlace.<\/p>\n<p>Adem\u00e1s, imds professional se reserva el derecho a realizar cambios o adiciones a la informaci\u00f3n proporcionada. El contenido y la estructura del sitio web de imds professional est\u00e1n protegidos por derechos de autor. La duplicaci\u00f3n de informaci\u00f3n o datos, especialmente el uso de textos, partes de textos o im\u00e1genes, requiere el consentimiento previo de imds professional.<\/p>\n<p>Todos los posibles derechos de autor de las marcas aqu\u00ed mencionadas siguen siendo de los autores y titulares de los derechos.<\/p>\n<p>Adem\u00e1s del material gr\u00e1fico adquirido a <a href=\"https:\/\/www.istockphoto.com\/de\" target=\"_blank\" rel=\"noopener\">iStock<\/a> y <a href=\"https:\/\/stock.adobe.com\/de\" target=\"_blank\" rel=\"noopener\">Adobe<\/a>, utilizamos material gr\u00e1fico libre de derechos de <a href=\"https:\/\/pixabay.com\/de\/\" target=\"_blank\" rel=\"noopener\">pixabay<\/a> y <a href=\"https:\/\/pixelio.net\/de\/\" target=\"_blank\" rel=\"noopener\">pixelio<\/a>, as\u00ed como im\u00e1genes generadas por IA.<\/p>\n<p><strong>Cookies<\/strong><\/p>\n<p>Las cookies son archivos de texto que se almacenan autom\u00e1ticamente en el navegador del visitante cuando se accede a un sitio web. Este sitio web utiliza cookies para que la oferta sea m\u00e1s f\u00e1cil de usar y funcional. Gracias a estos archivos, es posible, por ejemplo, mostrar informaci\u00f3n en una p\u00e1gina adaptada a los intereses individuales. Las funciones relacionadas con la seguridad para proteger su privacidad tambi\u00e9n son posibles gracias al uso de cookies. Por lo tanto, el \u00fanico objetivo es adaptar nuestra oferta a los deseos de sus clientes de la mejor manera posible y hacer que el uso del sitio sea lo m\u00e1s c\u00f3modo posible. Con la aplicaci\u00f3n de la DSGVO 2018, los webmasters est\u00e1n obligados a cumplir con la normativa b\u00e1sica publicada en https:\/\/eu-datenschutz.org\/ y a informar convenientemente a sus usuarios sobre la recogida y an\u00e1lisis de datos. La legalidad del tratamiento se basa en el cap\u00edtulo 2, art\u00edculo 6, del RGPD.<\/p>\n<p>Puede evitar el almacenamiento de cookies configurando el software de su navegador en consecuencia.<\/p>\n<p><strong>Google Analytics<\/strong><\/p>\n<p>Este sitio web tambi\u00e9n utiliza el servicio de an\u00e1lisis web Google Analytics, un programa de Google Inc. (\u00abGoogle, USA\u00bb). La informaci\u00f3n sobre su uso de este sitio web recopilada por el seguimiento se almacena en un servidor de Google en los Estados Unidos. Mediante la llamada anonimizaci\u00f3n de IP, su direcci\u00f3n IP ser\u00e1 acortada previamente por Google dentro de los estados miembros de la Uni\u00f3n Europea o en otros estados contratantes del Acuerdo sobre el Espacio Econ\u00f3mico Europeo. Esto significa que la ubicaci\u00f3n de su navegador s\u00f3lo puede asignarse a una regi\u00f3n, pero no a su persona. Google puede analizar el comportamiento de los visitantes para elaborar informes sobre la actividad del sitio web. Otros servicios asociados al uso del sitio web y de Internet tambi\u00e9n pueden ser proporcionados al operador del sitio web de esta manera.<\/p>\n<p>Puede evitar la recopilaci\u00f3n de los datos generados por la cookie y relacionados con su uso del sitio web (incluida su direcci\u00f3n IP) a Google, as\u00ed como el procesamiento de estos datos por parte de Google, descargando e instalando el plugin para el navegador disponible en el siguiente enlace: Complemento del navegador para desactivar Google Analytics.<\/p>\n<p><strong>Plugins de Facebook (bot\u00f3n \u00abMe gusta\u00bb)<\/strong><\/p>\n<p>En este sitio web se utilizan los botones \u00abMe gusta\u00bb de la red social Facebook (Facebook Inc., 1601 Willow Road, Menlo Park, California, 94025, USA). Cuando usted visita nuestras p\u00e1ginas, se establece una conexi\u00f3n entre el navegador y Facebook a trav\u00e9s del plugin de intercambio social. De este modo, Facebook recibe informaci\u00f3n sobre el comportamiento de uso en el sitio web. Al hacer clic en el bot\u00f3n \u00abMe gusta\u00bb mientras est\u00e1 conectado a su cuenta de Facebook, el contenido de nuestras p\u00e1ginas puede asociarse a su perfil de Facebook. El operador de este sitio web no tiene forma de acceder a los datos transmitidos, ni tiene conocimiento de su uso por parte de Facebook. Si no quieres que Facebook pueda asociar tu visita a nuestras p\u00e1ginas con tu cuenta de Facebook, cierra la sesi\u00f3n de tu cuenta de usuario de Facebook.<\/p>\n<p>Fuente: El modelo de protecci\u00f3n de datos procede de http:\/\/website-tutor.com\/datenschutz\/.<\/p>\n\t\t\t\t\t\t\t\t<\/div>\n\t\t\t\t<\/div>\n\t\t\t\t\t<\/div>\n\t\t<\/div>\n\t\t\t\t\t<\/div>\n\t\t<\/section>\n\t\t\t\t<\/div>\n\t\t","protected":false},"excerpt":{"rendered":"<p>imds professional GmbH &amp; Co. KG Aviso legal arrow-icon-size3 Protecci\u00f3n de datos imds professional GmbH &amp; Co. KG es un proveedor de formaci\u00f3n, consultor\u00eda y servicios para el cumplimiento medioambiental de los productos en todo el mundo. imds professional GmbH &amp; Co. KG Calle Waschweg 361276 Weilrod \/Alemania Tel\u00e9fono: +49-6083-9130-30Fax: +49-6083-9130-930Correo electr\u00f3nico: info(at)imds-professional.comInternet: www.imds-professional.com Direcci\u00f3n: [&hellip;]<\/p>\n","protected":false},"author":4,"featured_media":0,"parent":0,"menu_order":0,"comment_status":"closed","ping_status":"closed","template":"elementor_header_footer","meta":{"footnotes":""},"class_list":["post-26729","page","type-page","status-publish","hentry","entry","owp-thumbs-layout-horizontal","owp-btn-normal","owp-tabs-layout-horizontal","has-no-thumbnails","has-product-nav"],"yoast_head":"<!-- This site is optimized with the Yoast SEO plugin v27.3 - https:\/\/yoast.com\/product\/yoast-seo-wordpress\/ -->\n<title>Aviso legal<\/title>\n<meta name=\"description\" content=\"imds professional GmbH &amp; Co. KG es un proveedor de servicios para el cumplimiento medioambiental de los productos. Haga clic aqu\u00ed para ver el aviso legal.\" \/>\n<meta name=\"robots\" content=\"index, follow, max-snippet:-1, max-image-preview:large, max-video-preview:-1\" \/>\n<link rel=\"canonical\" href=\"https:\/\/www.imds-professional.com\/impressum\/\" \/>\n<meta property=\"og:locale\" content=\"es_ES\" \/>\n<meta property=\"og:type\" content=\"article\" \/>\n<meta property=\"og:title\" content=\"Aviso legal\" \/>\n<meta property=\"og:description\" content=\"imds professional GmbH &amp; Co. KG es un proveedor de servicios para el cumplimiento medioambiental de los productos. Haga clic aqu\u00ed para ver el aviso legal.\" \/>\n<meta property=\"og:url\" content=\"https:\/\/www.imds-professional.com\/impressum\/\" \/>\n<meta property=\"og:site_name\" content=\"imds-professional\" \/>\n<meta property=\"article:modified_time\" content=\"2026-02-10T07:36:56+00:00\" \/>\n<meta property=\"og:image\" content=\"https:\/\/www.imds-professional.com\/wp-content\/uploads\/elementor\/thumbs\/Puma-ohne-Logo-1-1-pklbgav612s2qotg28v74rlvszbdok43flxkt0egkk.jpg\" \/>\n<meta name=\"twitter:label1\" content=\"Tiempo de lectura\" \/>\n\t<meta name=\"twitter:data1\" content=\"4 minutos\" \/>\n<script type=\"application\/ld+json\" class=\"yoast-schema-graph\">{\"@context\":\"https:\\\/\\\/schema.org\",\"@graph\":[{\"@type\":\"WebPage\",\"@id\":\"https:\\\/\\\/www.imds-professional.com\\\/impressum\\\/\",\"url\":\"https:\\\/\\\/www.imds-professional.com\\\/impressum\\\/\",\"name\":\"Aviso legal\",\"isPartOf\":{\"@id\":\"https:\\\/\\\/www.imds-professional.com\\\/#website\"},\"primaryImageOfPage\":{\"@id\":\"https:\\\/\\\/www.imds-professional.com\\\/impressum\\\/#primaryimage\"},\"image\":{\"@id\":\"https:\\\/\\\/www.imds-professional.com\\\/impressum\\\/#primaryimage\"},\"thumbnailUrl\":\"https:\\\/\\\/www.imds-professional.com\\\/wp-content\\\/uploads\\\/elementor\\\/thumbs\\\/Puma-ohne-Logo-1-1-pklbgav612s2qotg28v74rlvszbdok43flxkt0egkk.jpg\",\"datePublished\":\"2021-06-14T07:21:26+00:00\",\"dateModified\":\"2026-02-10T07:36:56+00:00\",\"description\":\"imds professional GmbH & Co. KG es un proveedor de servicios para el cumplimiento medioambiental de los productos. Haga clic aqu\u00ed para ver el aviso legal.\",\"breadcrumb\":{\"@id\":\"https:\\\/\\\/www.imds-professional.com\\\/impressum\\\/#breadcrumb\"},\"inLanguage\":\"es\",\"potentialAction\":[{\"@type\":\"ReadAction\",\"target\":[\"https:\\\/\\\/www.imds-professional.com\\\/impressum\\\/\"]}]},{\"@type\":\"ImageObject\",\"inLanguage\":\"es\",\"@id\":\"https:\\\/\\\/www.imds-professional.com\\\/impressum\\\/#primaryimage\",\"url\":\"https:\\\/\\\/www.imds-professional.com\\\/wp-content\\\/uploads\\\/elementor\\\/thumbs\\\/Puma-ohne-Logo-1-1-pklbgav612s2qotg28v74rlvszbdok43flxkt0egkk.jpg\",\"contentUrl\":\"https:\\\/\\\/www.imds-professional.com\\\/wp-content\\\/uploads\\\/elementor\\\/thumbs\\\/Puma-ohne-Logo-1-1-pklbgav612s2qotg28v74rlvszbdok43flxkt0egkk.jpg\"},{\"@type\":\"BreadcrumbList\",\"@id\":\"https:\\\/\\\/www.imds-professional.com\\\/impressum\\\/#breadcrumb\",\"itemListElement\":[{\"@type\":\"ListItem\",\"position\":1,\"name\":\"Startseite\",\"item\":\"https:\\\/\\\/www.imds-professional.com\\\/en\\\/\"},{\"@type\":\"ListItem\",\"position\":2,\"name\":\"Aviso legal\"}]},{\"@type\":\"WebSite\",\"@id\":\"https:\\\/\\\/www.imds-professional.com\\\/#website\",\"url\":\"https:\\\/\\\/www.imds-professional.com\\\/\",\"name\":\"imds-professional\",\"description\":\"Demo Seite f\u00fcr ein Projekt, nicht l\u00f6schen!!! \",\"publisher\":{\"@id\":\"https:\\\/\\\/www.imds-professional.com\\\/#organization\"},\"potentialAction\":[{\"@type\":\"SearchAction\",\"target\":{\"@type\":\"EntryPoint\",\"urlTemplate\":\"https:\\\/\\\/www.imds-professional.com\\\/?s={search_term_string}\"},\"query-input\":{\"@type\":\"PropertyValueSpecification\",\"valueRequired\":true,\"valueName\":\"search_term_string\"}}],\"inLanguage\":\"es\"},{\"@type\":\"Organization\",\"@id\":\"https:\\\/\\\/www.imds-professional.com\\\/#organization\",\"name\":\"imds professional GmbH & Co. KG\",\"url\":\"https:\\\/\\\/www.imds-professional.com\\\/\",\"logo\":{\"@type\":\"ImageObject\",\"inLanguage\":\"es\",\"@id\":\"https:\\\/\\\/www.imds-professional.com\\\/#\\\/schema\\\/logo\\\/image\\\/\",\"url\":\"https:\\\/\\\/www.imds-professional.com\\\/wp-content\\\/uploads\\\/2021\\\/06\\\/Logo-TransparentHeader.png\",\"contentUrl\":\"https:\\\/\\\/www.imds-professional.com\\\/wp-content\\\/uploads\\\/2021\\\/06\\\/Logo-TransparentHeader.png\",\"width\":5012,\"height\":2111,\"caption\":\"imds professional GmbH & Co. KG\"},\"image\":{\"@id\":\"https:\\\/\\\/www.imds-professional.com\\\/#\\\/schema\\\/logo\\\/image\\\/\"}}]}<\/script>\n<!-- \/ Yoast SEO plugin. -->","yoast_head_json":{"title":"Aviso legal","description":"imds professional GmbH & Co. KG es un proveedor de servicios para el cumplimiento medioambiental de los productos. Haga clic aqu\u00ed para ver el aviso legal.","robots":{"index":"index","follow":"follow","max-snippet":"max-snippet:-1","max-image-preview":"max-image-preview:large","max-video-preview":"max-video-preview:-1"},"canonical":"https:\/\/www.imds-professional.com\/impressum\/","og_locale":"es_ES","og_type":"article","og_title":"Aviso legal","og_description":"imds professional GmbH & Co. KG es un proveedor de servicios para el cumplimiento medioambiental de los productos. Haga clic aqu\u00ed para ver el aviso legal.","og_url":"https:\/\/www.imds-professional.com\/impressum\/","og_site_name":"imds-professional","article_modified_time":"2026-02-10T07:36:56+00:00","og_image":[{"url":"https:\/\/www.imds-professional.com\/wp-content\/uploads\/elementor\/thumbs\/Puma-ohne-Logo-1-1-pklbgav612s2qotg28v74rlvszbdok43flxkt0egkk.jpg","type":"","width":"","height":""}],"twitter_misc":{"Tiempo de lectura":"4 minutos"},"schema":{"@context":"https:\/\/schema.org","@graph":[{"@type":"WebPage","@id":"https:\/\/www.imds-professional.com\/impressum\/","url":"https:\/\/www.imds-professional.com\/impressum\/","name":"Aviso legal","isPartOf":{"@id":"https:\/\/www.imds-professional.com\/#website"},"primaryImageOfPage":{"@id":"https:\/\/www.imds-professional.com\/impressum\/#primaryimage"},"image":{"@id":"https:\/\/www.imds-professional.com\/impressum\/#primaryimage"},"thumbnailUrl":"https:\/\/www.imds-professional.com\/wp-content\/uploads\/elementor\/thumbs\/Puma-ohne-Logo-1-1-pklbgav612s2qotg28v74rlvszbdok43flxkt0egkk.jpg","datePublished":"2021-06-14T07:21:26+00:00","dateModified":"2026-02-10T07:36:56+00:00","description":"imds professional GmbH & Co. KG es un proveedor de servicios para el cumplimiento medioambiental de los productos. Haga clic aqu\u00ed para ver el aviso legal.","breadcrumb":{"@id":"https:\/\/www.imds-professional.com\/impressum\/#breadcrumb"},"inLanguage":"es","potentialAction":[{"@type":"ReadAction","target":["https:\/\/www.imds-professional.com\/impressum\/"]}]},{"@type":"ImageObject","inLanguage":"es","@id":"https:\/\/www.imds-professional.com\/impressum\/#primaryimage","url":"https:\/\/www.imds-professional.com\/wp-content\/uploads\/elementor\/thumbs\/Puma-ohne-Logo-1-1-pklbgav612s2qotg28v74rlvszbdok43flxkt0egkk.jpg","contentUrl":"https:\/\/www.imds-professional.com\/wp-content\/uploads\/elementor\/thumbs\/Puma-ohne-Logo-1-1-pklbgav612s2qotg28v74rlvszbdok43flxkt0egkk.jpg"},{"@type":"BreadcrumbList","@id":"https:\/\/www.imds-professional.com\/impressum\/#breadcrumb","itemListElement":[{"@type":"ListItem","position":1,"name":"Startseite","item":"https:\/\/www.imds-professional.com\/en\/"},{"@type":"ListItem","position":2,"name":"Aviso legal"}]},{"@type":"WebSite","@id":"https:\/\/www.imds-professional.com\/#website","url":"https:\/\/www.imds-professional.com\/","name":"imds-professional","description":"Demo Seite f\u00fcr ein Projekt, nicht l\u00f6schen!!! ","publisher":{"@id":"https:\/\/www.imds-professional.com\/#organization"},"potentialAction":[{"@type":"SearchAction","target":{"@type":"EntryPoint","urlTemplate":"https:\/\/www.imds-professional.com\/?s={search_term_string}"},"query-input":{"@type":"PropertyValueSpecification","valueRequired":true,"valueName":"search_term_string"}}],"inLanguage":"es"},{"@type":"Organization","@id":"https:\/\/www.imds-professional.com\/#organization","name":"imds professional GmbH & Co. KG","url":"https:\/\/www.imds-professional.com\/","logo":{"@type":"ImageObject","inLanguage":"es","@id":"https:\/\/www.imds-professional.com\/#\/schema\/logo\/image\/","url":"https:\/\/www.imds-professional.com\/wp-content\/uploads\/2021\/06\/Logo-TransparentHeader.png","contentUrl":"https:\/\/www.imds-professional.com\/wp-content\/uploads\/2021\/06\/Logo-TransparentHeader.png","width":5012,"height":2111,"caption":"imds professional GmbH & Co. KG"},"image":{"@id":"https:\/\/www.imds-professional.com\/#\/schema\/logo\/image\/"}}]}},"_links":{"self":[{"href":"https:\/\/www.imds-professional.com\/es\/wp-json\/wp\/v2\/pages\/26729","targetHints":{"allow":["GET"]}}],"collection":[{"href":"https:\/\/www.imds-professional.com\/es\/wp-json\/wp\/v2\/pages"}],"about":[{"href":"https:\/\/www.imds-professional.com\/es\/wp-json\/wp\/v2\/types\/page"}],"author":[{"embeddable":true,"href":"https:\/\/www.imds-professional.com\/es\/wp-json\/wp\/v2\/users\/4"}],"replies":[{"embeddable":true,"href":"https:\/\/www.imds-professional.com\/es\/wp-json\/wp\/v2\/comments?post=26729"}],"version-history":[{"count":2,"href":"https:\/\/www.imds-professional.com\/es\/wp-json\/wp\/v2\/pages\/26729\/revisions"}],"predecessor-version":[{"id":71125,"href":"https:\/\/www.imds-professional.com\/es\/wp-json\/wp\/v2\/pages\/26729\/revisions\/71125"}],"wp:attachment":[{"href":"https:\/\/www.imds-professional.com\/es\/wp-json\/wp\/v2\/media?parent=26729"}],"curies":[{"name":"wp","href":"https:\/\/api.w.org\/{rel}","templated":true}]}}