{"id":32587,"date":"2022-06-22T14:24:57","date_gmt":"2022-06-22T12:24:57","guid":{"rendered":"https:\/\/www.imds-professional.com\/servicio-mdr-2\/"},"modified":"2024-04-04T21:02:03","modified_gmt":"2024-04-04T19:02:03","slug":"servicio-mdr-2","status":"publish","type":"page","link":"https:\/\/www.imds-professional.com\/es\/servicio-mdr-2\/","title":{"rendered":"Servicio MDR"},"content":{"rendered":"\t\t<div data-elementor-type=\"wp-page\" data-elementor-id=\"32587\" class=\"elementor elementor-32587 elementor-32246\" data-elementor-post-type=\"page\">\n\t\t\t\t\t\t<section class=\"elementor-section elementor-top-section elementor-element elementor-element-310d797 elementor-section-boxed elementor-section-height-default elementor-section-height-default\" data-id=\"310d797\" data-element_type=\"section\" data-e-type=\"section\">\n\t\t\t\t\t\t\t<div class=\"elementor-background-overlay\"><\/div>\n\t\t\t\t\t\t\t<div class=\"elementor-container elementor-column-gap-default\">\n\t\t\t\t\t<div class=\"elementor-column elementor-col-50 elementor-top-column elementor-element elementor-element-3806531\" data-id=\"3806531\" data-element_type=\"column\" data-e-type=\"column\" data-settings=\"{&quot;background_background&quot;:&quot;classic&quot;}\">\n\t\t\t<div class=\"elementor-widget-wrap elementor-element-populated\">\n\t\t\t\t\t<div class=\"elementor-background-overlay\"><\/div>\n\t\t\t\t\t\t<div class=\"elementor-element elementor-element-a86c7cb elementor-nav-menu__align-start elementor-nav-menu--dropdown-none elementor-widget elementor-widget-nav-menu\" data-id=\"a86c7cb\" data-element_type=\"widget\" data-e-type=\"widget\" data-settings=\"{&quot;layout&quot;:&quot;vertical&quot;,&quot;sticky&quot;:&quot;top&quot;,&quot;sticky_parent&quot;:&quot;yes&quot;,&quot;submenu_icon&quot;:{&quot;value&quot;:&quot;&lt;i aria-hidden=\\&quot;true\\&quot; class=\\&quot;\\&quot;&gt;&lt;\\\/i&gt;&quot;,&quot;library&quot;:&quot;&quot;},&quot;sticky_on&quot;:[&quot;desktop&quot;],&quot;sticky_offset&quot;:0,&quot;sticky_effects_offset&quot;:0,&quot;sticky_anchor_link_offset&quot;:0}\" data-widget_type=\"nav-menu.default\">\n\t\t\t\t<div class=\"elementor-widget-container\">\n\t\t\t\t\t\t\t\t<nav aria-label=\"Men\u00fa\" class=\"elementor-nav-menu--main elementor-nav-menu__container elementor-nav-menu--layout-vertical e--pointer-none\">\n\t\t\t\t<ul id=\"menu-1-a86c7cb\" class=\"elementor-nav-menu sm-vertical\"><li class=\"menu-item menu-item-type-post_type menu-item-object-page menu-item-32253\"><a href=\"https:\/\/www.imds-professional.com\/medizinprodukte-verordnung-informationen\/\" class=\"elementor-item\">Informaci\u00f3n especializada MDR<\/a><\/li>\n<li class=\"menu-item menu-item-type-post_type menu-item-object-page menu-item-32252\"><a href=\"https:\/\/www.imds-professional.com\/mdr-schulungen\/\" class=\"elementor-item\">Formaciones MDR<\/a><\/li>\n<li class=\"menu-item menu-item-type-post_type menu-item-object-page menu-item-32251\"><a href=\"https:\/\/www.imds-professional.com\/mdr-service\/\" class=\"elementor-item\">Servicio MDR<\/a><\/li>\n<\/ul>\t\t\t<\/nav>\n\t\t\t\t\t\t<nav class=\"elementor-nav-menu--dropdown elementor-nav-menu__container\" aria-hidden=\"true\">\n\t\t\t\t<ul id=\"menu-2-a86c7cb\" class=\"elementor-nav-menu sm-vertical\"><li class=\"menu-item menu-item-type-post_type menu-item-object-page menu-item-32253\"><a href=\"https:\/\/www.imds-professional.com\/medizinprodukte-verordnung-informationen\/\" class=\"elementor-item\" tabindex=\"-1\">Informaci\u00f3n especializada MDR<\/a><\/li>\n<li class=\"menu-item menu-item-type-post_type menu-item-object-page menu-item-32252\"><a href=\"https:\/\/www.imds-professional.com\/mdr-schulungen\/\" class=\"elementor-item\" tabindex=\"-1\">Formaciones MDR<\/a><\/li>\n<li class=\"menu-item menu-item-type-post_type menu-item-object-page menu-item-32251\"><a href=\"https:\/\/www.imds-professional.com\/mdr-service\/\" class=\"elementor-item\" tabindex=\"-1\">Servicio MDR<\/a><\/li>\n<\/ul>\t\t\t<\/nav>\n\t\t\t\t\t\t<\/div>\n\t\t\t\t<\/div>\n\t\t\t\t<div class=\"elementor-element elementor-element-1593ad0 elementor-align-left elementor-widget elementor-widget-button\" data-id=\"1593ad0\" data-element_type=\"widget\" data-e-type=\"widget\" data-settings=\"{&quot;sticky&quot;:&quot;top&quot;,&quot;sticky_offset&quot;:330,&quot;sticky_parent&quot;:&quot;yes&quot;,&quot;sticky_on&quot;:[&quot;desktop&quot;],&quot;sticky_effects_offset&quot;:0,&quot;sticky_anchor_link_offset&quot;:0}\" data-widget_type=\"button.default\">\n\t\t\t\t<div class=\"elementor-widget-container\">\n\t\t\t\t\t\t\t\t\t<div class=\"elementor-button-wrapper\">\n\t\t\t\t\t<a class=\"elementor-button elementor-button-link elementor-size-sm elementor-animation-float\" href=\"https:\/\/www.imds-professional.com\/es\/contacto\/\">\n\t\t\t\t\t\t<span class=\"elementor-button-content-wrapper\">\n\t\t\t\t\t\t<span class=\"elementor-button-icon\">\n\t\t\t\t<svg xmlns=\"http:\/\/www.w3.org\/2000\/svg\" id=\"b385ca18-4b85-46d4-bb4b-571c73a19812\" data-name=\"b922a425-e5e0-4ef1-881c-5748460fd139\" viewBox=\"0 0 30.125 18.1738\"><title>arrow-icon-size3<\/title><path d=\"M29.75,9.3948,21.5281,1.1735a.8479.8479,0,0,0-.601-.261L20.9124.9119a.8526.8526,0,0,0-.5956.2409.8642.8642,0,0,0-.0027,1.23l6.7618,6.7611H.7316a.8566.8566,0,1,0,0,1.7131H27.0759l-6.7591,6.7591a.8576.8576,0,0,0-.0214,1.2113.8462.8462,0,0,0,.61.2583.8949.8949,0,0,0,.621-.2556l8.2233-8.224A.8587.8587,0,0,0,29.75,9.3948Z\" transform=\"translate(0.125 -0.9119)\"><\/path><\/svg>\t\t\t<\/span>\n\t\t\t\t\t\t\t\t\t<span class=\"elementor-button-text\">CONTACTO<\/span>\n\t\t\t\t\t<\/span>\n\t\t\t\t\t<\/a>\n\t\t\t\t<\/div>\n\t\t\t\t\t\t\t\t<\/div>\n\t\t\t\t<\/div>\n\t\t\t\t<div class=\"elementor-element elementor-element-2ff3192 elementor-align-left elementor-widget elementor-widget-button\" data-id=\"2ff3192\" data-element_type=\"widget\" data-e-type=\"widget\" data-settings=\"{&quot;sticky&quot;:&quot;top&quot;,&quot;sticky_offset&quot;:440,&quot;sticky_parent&quot;:&quot;yes&quot;,&quot;sticky_on&quot;:[&quot;desktop&quot;],&quot;sticky_effects_offset&quot;:0,&quot;sticky_anchor_link_offset&quot;:0}\" data-widget_type=\"button.default\">\n\t\t\t\t<div class=\"elementor-widget-container\">\n\t\t\t\t\t\t\t\t\t<div class=\"elementor-button-wrapper\">\n\t\t\t\t\t<a class=\"elementor-button elementor-button-link elementor-size-sm elementor-animation-float\" href=\"https:\/\/www.imds-professional.com\/es\/formaciones-actuales\/\">\n\t\t\t\t\t\t<span class=\"elementor-button-content-wrapper\">\n\t\t\t\t\t\t<span class=\"elementor-button-icon\">\n\t\t\t\t<svg xmlns=\"http:\/\/www.w3.org\/2000\/svg\" id=\"b385ca18-4b85-46d4-bb4b-571c73a19812\" data-name=\"b922a425-e5e0-4ef1-881c-5748460fd139\" viewBox=\"0 0 30.125 18.1738\"><title>arrow-icon-size3<\/title><path d=\"M29.75,9.3948,21.5281,1.1735a.8479.8479,0,0,0-.601-.261L20.9124.9119a.8526.8526,0,0,0-.5956.2409.8642.8642,0,0,0-.0027,1.23l6.7618,6.7611H.7316a.8566.8566,0,1,0,0,1.7131H27.0759l-6.7591,6.7591a.8576.8576,0,0,0-.0214,1.2113.8462.8462,0,0,0,.61.2583.8949.8949,0,0,0,.621-.2556l8.2233-8.224A.8587.8587,0,0,0,29.75,9.3948Z\" transform=\"translate(0.125 -0.9119)\"><\/path><\/svg>\t\t\t<\/span>\n\t\t\t\t\t\t\t\t\t<span class=\"elementor-button-text\">Reserva de seminarios<\/span>\n\t\t\t\t\t<\/span>\n\t\t\t\t\t<\/a>\n\t\t\t\t<\/div>\n\t\t\t\t\t\t\t\t<\/div>\n\t\t\t\t<\/div>\n\t\t\t\t<div class=\"elementor-element elementor-element-c32053f elementor-align-left elementor-widget elementor-widget-button\" data-id=\"c32053f\" data-element_type=\"widget\" data-e-type=\"widget\" data-settings=\"{&quot;sticky&quot;:&quot;top&quot;,&quot;sticky_offset&quot;:500,&quot;sticky_parent&quot;:&quot;yes&quot;,&quot;sticky_on&quot;:[&quot;desktop&quot;],&quot;sticky_effects_offset&quot;:0,&quot;sticky_anchor_link_offset&quot;:0}\" data-widget_type=\"button.default\">\n\t\t\t\t<div class=\"elementor-widget-container\">\n\t\t\t\t\t\t\t\t\t<div class=\"elementor-button-wrapper\">\n\t\t\t\t\t<a class=\"elementor-button elementor-button-link elementor-size-sm elementor-animation-float\" href=\"https:\/\/www.imds-professional.com\/es\/boletin\/\">\n\t\t\t\t\t\t<span class=\"elementor-button-content-wrapper\">\n\t\t\t\t\t\t<span class=\"elementor-button-icon\">\n\t\t\t\t<svg xmlns=\"http:\/\/www.w3.org\/2000\/svg\" id=\"b385ca18-4b85-46d4-bb4b-571c73a19812\" data-name=\"b922a425-e5e0-4ef1-881c-5748460fd139\" viewBox=\"0 0 30.125 18.1738\"><title>arrow-icon-size3<\/title><path d=\"M29.75,9.3948,21.5281,1.1735a.8479.8479,0,0,0-.601-.261L20.9124.9119a.8526.8526,0,0,0-.5956.2409.8642.8642,0,0,0-.0027,1.23l6.7618,6.7611H.7316a.8566.8566,0,1,0,0,1.7131H27.0759l-6.7591,6.7591a.8576.8576,0,0,0-.0214,1.2113.8462.8462,0,0,0,.61.2583.8949.8949,0,0,0,.621-.2556l8.2233-8.224A.8587.8587,0,0,0,29.75,9.3948Z\" transform=\"translate(0.125 -0.9119)\"><\/path><\/svg>\t\t\t<\/span>\n\t\t\t\t\t\t\t\t\t<span class=\"elementor-button-text\">Newsletter<\/span>\n\t\t\t\t\t<\/span>\n\t\t\t\t\t<\/a>\n\t\t\t\t<\/div>\n\t\t\t\t\t\t\t\t<\/div>\n\t\t\t\t<\/div>\n\t\t\t\t\t<\/div>\n\t\t<\/div>\n\t\t\t\t<div class=\"elementor-column elementor-col-50 elementor-top-column elementor-element elementor-element-e65e6da\" data-id=\"e65e6da\" data-element_type=\"column\" data-e-type=\"column\" data-settings=\"{&quot;background_background&quot;:&quot;classic&quot;}\">\n\t\t\t<div class=\"elementor-widget-wrap elementor-element-populated\">\n\t\t\t\t\t<div class=\"elementor-background-overlay\"><\/div>\n\t\t\t\t\t\t<div class=\"elementor-element elementor-element-7db202b elementor-align-left elementor-widget elementor-widget-button\" data-id=\"7db202b\" data-element_type=\"widget\" data-e-type=\"widget\" data-widget_type=\"button.default\">\n\t\t\t\t<div class=\"elementor-widget-container\">\n\t\t\t\t\t\t\t\t\t<div class=\"elementor-button-wrapper\">\n\t\t\t\t\t<a class=\"elementor-button elementor-button-link elementor-size-sm\" href=\"https:\/\/www.imds-professional.com\/es\/temas-especializados\/\">\n\t\t\t\t\t\t<span class=\"elementor-button-content-wrapper\">\n\t\t\t\t\t\t<span class=\"elementor-button-icon\">\n\t\t\t\t<i aria-hidden=\"true\" class=\"dticon dticon-arrow-down-outline\"><\/i>\t\t\t<\/span>\n\t\t\t\t\t\t\t\t\t<span class=\"elementor-button-text\">Volver a los temas especializados<\/span>\n\t\t\t\t\t<\/span>\n\t\t\t\t\t<\/a>\n\t\t\t\t<\/div>\n\t\t\t\t\t\t\t\t<\/div>\n\t\t\t\t<\/div>\n\t\t\t\t<div class=\"elementor-element elementor-element-7487d88 elementor-widget elementor-widget-heading\" data-id=\"7487d88\" data-element_type=\"widget\" data-e-type=\"widget\" data-widget_type=\"heading.default\">\n\t\t\t\t<div class=\"elementor-widget-container\">\n\t\t\t\t\t<h3 class=\"elementor-heading-title elementor-size-default\">Servicio <b>MDR<\/b><\/h3>\t\t\t\t<\/div>\n\t\t\t\t<\/div>\n\t\t\t\t<div class=\"elementor-element elementor-element-1ed5679 elementor-widget-divider--view-line elementor-invisible elementor-widget elementor-widget-divider\" data-id=\"1ed5679\" data-element_type=\"widget\" data-e-type=\"widget\" data-settings=\"{&quot;_animation&quot;:&quot;fadeIn&quot;,&quot;_animation_delay&quot;:150}\" data-widget_type=\"divider.default\">\n\t\t\t\t<div class=\"elementor-widget-container\">\n\t\t\t\t\t\t\t<div class=\"elementor-divider\">\n\t\t\t<span class=\"elementor-divider-separator\">\n\t\t\t\t\t\t<\/span>\n\t\t<\/div>\n\t\t\t\t\t\t<\/div>\n\t\t\t\t<\/div>\n\t\t\t\t<div class=\"elementor-element elementor-element-8c07343 animated-slow elementor-invisible elementor-widget elementor-widget-heading\" data-id=\"8c07343\" data-element_type=\"widget\" data-e-type=\"widget\" data-settings=\"{&quot;_animation&quot;:&quot;fadeInUp&quot;,&quot;_animation_delay&quot;:100}\" data-widget_type=\"heading.default\">\n\t\t\t\t<div class=\"elementor-widget-container\">\n\t\t\t\t\t<h1 class=\"elementor-heading-title elementor-size-default\">Normativa de dispositivos mdr - servicio de consultor\u00eda y apoyo<\/h1>\t\t\t\t<\/div>\n\t\t\t\t<\/div>\n\t\t\t\t<div class=\"elementor-element elementor-element-ddcf113 elementor-widget elementor-widget-text-editor\" data-id=\"ddcf113\" data-element_type=\"widget\" data-e-type=\"widget\" data-widget_type=\"text-editor.default\">\n\t\t\t\t<div class=\"elementor-widget-container\">\n\t\t\t\t\t\t\t\t\t<p><span style=\"font-weight: 400;\">Puede confiar en nuestros excelentes servicios de consultor\u00eda y apoyo para ayudarle a cumplir con todos los requisitos legales estipulados en el Reglamento de Productos Sanitarios. Si lo prefiere, puede subcontratar con nosotros todas las tareas relacionadas con la notificaci\u00f3n de materiales para productos sanitarios. Ofrecemos servicios de apoyo c\u00f3modos y completos que le ahorran tiempo, problemas y gastos.<\/span><\/p>\n<p><span style=\"font-size: 15px; font-weight: 400;\">Tambi\u00e9n puede reservar nuestros servicios como m\u00f3dulos individuales en funci\u00f3n de sus necesidades. Hemos acumulado una amplia experiencia a lo largo de los a\u00f1os trabajando con clientes de una gran variedad de sectores. Esto nos ha capacitado para ofrecer a los fabricantes y proveedores una ayuda r\u00e1pida y espec\u00edfica cuando se trata de la conformidad de los materiales.<\/span><br><\/p>\n<p><span style=\"font-size: 15px; font-weight: 400;\">La gesti\u00f3n de datos sobre el cumplimiento de materiales,incluyendo la introducci\u00f3n, la gesti\u00f3n y el mantenimiento de los datos,es una tarea complicada y de mucho riesgo, ya que los errores pueden tener en poco tiempo graves consecuencias legales. Si no tiene acceso a informaci\u00f3n actualizada o no conoce las \u00faltimas novedades en esta materia, perder\u00e1 oportunidades de reestructurar los procesos de su empresa para hacerlos m\u00e1s eficaces y preparados para el futuro.<\/span><br><\/p>\n<p><span style=\"font-size: 15px; font-weight: 400;\">A menudo es una buena pol\u00edtica externalizar ciertas tareas o procesos completos relacionados con el cumplimiento de materiales y contaminantes org\u00e1nicos persistentes a proveedores externos. Nuestros paquetes de servicios integrales le ofrecen todo el apoyo que necesita desde el plan inicial del proyecto hasta su aprobaci\u00f3n. Puede contar con nuestros expertos altamente experimentados para proporcionarle un apoyo pr\u00e1ctico respaldado por m\u00e9todos de trabajo inteligentes y meticulosos.<\/span><\/p>\n<p><span style=\"font-size: 15px; font-weight: 400;\">Rellene nuestro <\/span><span style=\"font-size: 15px; background-color: rgb(255, 255, 255); font-weight: 400;\"><a href=\"https:\/\/www.imds-professional.com\/es\/contacto\/\">formulario de contacto<\/a><a href=\"http:\/\/5.189.184.204\/imds-service\/\"> <\/a><\/span><span style=\"font-size: 15px; font-weight: 400;\">para solicitar una consulta inicial gratuita.<\/span><\/p>\t\t\t\t\t\t\t\t<\/div>\n\t\t\t\t<\/div>\n\t\t\t\t<div class=\"elementor-element elementor-element-bcac146 elementor-widget elementor-widget-spacer\" data-id=\"bcac146\" data-element_type=\"widget\" data-e-type=\"widget\" data-widget_type=\"spacer.default\">\n\t\t\t\t<div class=\"elementor-widget-container\">\n\t\t\t\t\t\t\t<div class=\"elementor-spacer\">\n\t\t\t<div class=\"elementor-spacer-inner\"><\/div>\n\t\t<\/div>\n\t\t\t\t\t\t<\/div>\n\t\t\t\t<\/div>\n\t\t\t\t\t<\/div>\n\t\t<\/div>\n\t\t\t\t\t<\/div>\n\t\t<\/section>\n\t\t\t\t<\/div>\n\t\t","protected":false},"excerpt":{"rendered":"<p>arrow-icon-size3 CONTACTO arrow-icon-size3 Reserva de seminarios arrow-icon-size3 Newsletter Volver a los temas especializados Servicio MDR Normativa de dispositivos mdr &#8211; servicio de consultor\u00eda y apoyo Puede confiar en nuestros excelentes servicios de consultor\u00eda y apoyo para ayudarle a cumplir con todos los requisitos legales estipulados en el Reglamento de Productos Sanitarios. Si lo prefiere, puede [&hellip;]<\/p>\n","protected":false},"author":3,"featured_media":0,"parent":0,"menu_order":0,"comment_status":"closed","ping_status":"closed","template":"elementor_header_footer","meta":{"footnotes":""},"class_list":["post-32587","page","type-page","status-publish","hentry","entry","owp-thumbs-layout-horizontal","owp-btn-normal","owp-tabs-layout-horizontal","has-no-thumbnails","has-product-nav"],"yoast_head":"<!-- This site is optimized with the Yoast SEO plugin v27.2 - https:\/\/yoast.com\/product\/yoast-seo-wordpress\/ -->\n<title>Servicio MDR ES<\/title>\n<meta name=\"description\" content=\"Con nuestro servicio y asesoramiento de MDR, puede estar seguro de que cumple correctamente los requisitos legales del Reglamento sobre productos sanitarios.\" \/>\n<meta name=\"robots\" content=\"index, follow, max-snippet:-1, max-image-preview:large, max-video-preview:-1\" \/>\n<link rel=\"canonical\" href=\"https:\/\/www.imds-professional.com\/es\/servicio-mdr-2\/\" \/>\n<meta property=\"og:locale\" content=\"es_ES\" \/>\n<meta property=\"og:type\" content=\"article\" \/>\n<meta property=\"og:title\" content=\"Servicio MDR ES\" \/>\n<meta property=\"og:description\" content=\"Con nuestro servicio y asesoramiento de MDR, puede estar seguro de que cumple correctamente los requisitos legales del Reglamento sobre productos sanitarios.\" \/>\n<meta property=\"og:url\" content=\"https:\/\/www.imds-professional.com\/es\/servicio-mdr-2\/\" \/>\n<meta property=\"og:site_name\" content=\"imds-professional\" \/>\n<meta property=\"article:modified_time\" content=\"2024-04-04T19:02:03+00:00\" \/>\n<meta name=\"twitter:label1\" content=\"Tiempo de lectura\" \/>\n\t<meta name=\"twitter:data1\" content=\"2 minutos\" \/>\n<script type=\"application\/ld+json\" class=\"yoast-schema-graph\">{\"@context\":\"https:\/\/schema.org\",\"@graph\":[{\"@type\":\"WebPage\",\"@id\":\"https:\/\/www.imds-professional.com\/es\/servicio-mdr-2\/\",\"url\":\"https:\/\/www.imds-professional.com\/es\/servicio-mdr-2\/\",\"name\":\"Servicio MDR ES\",\"isPartOf\":{\"@id\":\"https:\/\/www.imds-professional.com\/#website\"},\"datePublished\":\"2022-06-22T12:24:57+00:00\",\"dateModified\":\"2024-04-04T19:02:03+00:00\",\"description\":\"Con nuestro servicio y asesoramiento de MDR, puede estar seguro de que cumple correctamente los requisitos legales del Reglamento sobre productos sanitarios.\",\"breadcrumb\":{\"@id\":\"https:\/\/www.imds-professional.com\/es\/servicio-mdr-2\/#breadcrumb\"},\"inLanguage\":\"es\",\"potentialAction\":[{\"@type\":\"ReadAction\",\"target\":[\"https:\/\/www.imds-professional.com\/es\/servicio-mdr-2\/\"]}]},{\"@type\":\"BreadcrumbList\",\"@id\":\"https:\/\/www.imds-professional.com\/es\/servicio-mdr-2\/#breadcrumb\",\"itemListElement\":[{\"@type\":\"ListItem\",\"position\":1,\"name\":\"Startseite\",\"item\":\"https:\/\/www.imds-professional.com\/en\/\"},{\"@type\":\"ListItem\",\"position\":2,\"name\":\"Servicio MDR\"}]},{\"@type\":\"WebSite\",\"@id\":\"https:\/\/www.imds-professional.com\/#website\",\"url\":\"https:\/\/www.imds-professional.com\/\",\"name\":\"imds-professional\",\"description\":\"Demo Seite f\u00fcr ein Projekt, nicht l\u00f6schen!!! \",\"publisher\":{\"@id\":\"https:\/\/www.imds-professional.com\/#organization\"},\"potentialAction\":[{\"@type\":\"SearchAction\",\"target\":{\"@type\":\"EntryPoint\",\"urlTemplate\":\"https:\/\/www.imds-professional.com\/?s={search_term_string}\"},\"query-input\":{\"@type\":\"PropertyValueSpecification\",\"valueRequired\":true,\"valueName\":\"search_term_string\"}}],\"inLanguage\":\"es\"},{\"@type\":\"Organization\",\"@id\":\"https:\/\/www.imds-professional.com\/#organization\",\"name\":\"imds professional GmbH & Co. KG\",\"url\":\"https:\/\/www.imds-professional.com\/\",\"logo\":{\"@type\":\"ImageObject\",\"inLanguage\":\"es\",\"@id\":\"https:\/\/www.imds-professional.com\/#\/schema\/logo\/image\/\",\"url\":\"https:\/\/www.imds-professional.com\/wp-content\/uploads\/2021\/06\/Logo-TransparentHeader.png\",\"contentUrl\":\"https:\/\/www.imds-professional.com\/wp-content\/uploads\/2021\/06\/Logo-TransparentHeader.png\",\"width\":5012,\"height\":2111,\"caption\":\"imds professional GmbH & Co. KG\"},\"image\":{\"@id\":\"https:\/\/www.imds-professional.com\/#\/schema\/logo\/image\/\"}}]}<\/script>\n<!-- \/ Yoast SEO plugin. -->","yoast_head_json":{"title":"Servicio MDR ES","description":"Con nuestro servicio y asesoramiento de MDR, puede estar seguro de que cumple correctamente los requisitos legales del Reglamento sobre productos sanitarios.","robots":{"index":"index","follow":"follow","max-snippet":"max-snippet:-1","max-image-preview":"max-image-preview:large","max-video-preview":"max-video-preview:-1"},"canonical":"https:\/\/www.imds-professional.com\/es\/servicio-mdr-2\/","og_locale":"es_ES","og_type":"article","og_title":"Servicio MDR ES","og_description":"Con nuestro servicio y asesoramiento de MDR, puede estar seguro de que cumple correctamente los requisitos legales del Reglamento sobre productos sanitarios.","og_url":"https:\/\/www.imds-professional.com\/es\/servicio-mdr-2\/","og_site_name":"imds-professional","article_modified_time":"2024-04-04T19:02:03+00:00","twitter_misc":{"Tiempo de lectura":"2 minutos"},"schema":{"@context":"https:\/\/schema.org","@graph":[{"@type":"WebPage","@id":"https:\/\/www.imds-professional.com\/es\/servicio-mdr-2\/","url":"https:\/\/www.imds-professional.com\/es\/servicio-mdr-2\/","name":"Servicio MDR ES","isPartOf":{"@id":"https:\/\/www.imds-professional.com\/#website"},"datePublished":"2022-06-22T12:24:57+00:00","dateModified":"2024-04-04T19:02:03+00:00","description":"Con nuestro servicio y asesoramiento de MDR, puede estar seguro de que cumple correctamente los requisitos legales del Reglamento sobre productos sanitarios.","breadcrumb":{"@id":"https:\/\/www.imds-professional.com\/es\/servicio-mdr-2\/#breadcrumb"},"inLanguage":"es","potentialAction":[{"@type":"ReadAction","target":["https:\/\/www.imds-professional.com\/es\/servicio-mdr-2\/"]}]},{"@type":"BreadcrumbList","@id":"https:\/\/www.imds-professional.com\/es\/servicio-mdr-2\/#breadcrumb","itemListElement":[{"@type":"ListItem","position":1,"name":"Startseite","item":"https:\/\/www.imds-professional.com\/en\/"},{"@type":"ListItem","position":2,"name":"Servicio MDR"}]},{"@type":"WebSite","@id":"https:\/\/www.imds-professional.com\/#website","url":"https:\/\/www.imds-professional.com\/","name":"imds-professional","description":"Demo Seite f\u00fcr ein Projekt, nicht l\u00f6schen!!! ","publisher":{"@id":"https:\/\/www.imds-professional.com\/#organization"},"potentialAction":[{"@type":"SearchAction","target":{"@type":"EntryPoint","urlTemplate":"https:\/\/www.imds-professional.com\/?s={search_term_string}"},"query-input":{"@type":"PropertyValueSpecification","valueRequired":true,"valueName":"search_term_string"}}],"inLanguage":"es"},{"@type":"Organization","@id":"https:\/\/www.imds-professional.com\/#organization","name":"imds professional GmbH & Co. KG","url":"https:\/\/www.imds-professional.com\/","logo":{"@type":"ImageObject","inLanguage":"es","@id":"https:\/\/www.imds-professional.com\/#\/schema\/logo\/image\/","url":"https:\/\/www.imds-professional.com\/wp-content\/uploads\/2021\/06\/Logo-TransparentHeader.png","contentUrl":"https:\/\/www.imds-professional.com\/wp-content\/uploads\/2021\/06\/Logo-TransparentHeader.png","width":5012,"height":2111,"caption":"imds professional GmbH & Co. KG"},"image":{"@id":"https:\/\/www.imds-professional.com\/#\/schema\/logo\/image\/"}}]}},"_links":{"self":[{"href":"https:\/\/www.imds-professional.com\/es\/wp-json\/wp\/v2\/pages\/32587","targetHints":{"allow":["GET"]}}],"collection":[{"href":"https:\/\/www.imds-professional.com\/es\/wp-json\/wp\/v2\/pages"}],"about":[{"href":"https:\/\/www.imds-professional.com\/es\/wp-json\/wp\/v2\/types\/page"}],"author":[{"embeddable":true,"href":"https:\/\/www.imds-professional.com\/es\/wp-json\/wp\/v2\/users\/3"}],"replies":[{"embeddable":true,"href":"https:\/\/www.imds-professional.com\/es\/wp-json\/wp\/v2\/comments?post=32587"}],"version-history":[{"count":0,"href":"https:\/\/www.imds-professional.com\/es\/wp-json\/wp\/v2\/pages\/32587\/revisions"}],"wp:attachment":[{"href":"https:\/\/www.imds-professional.com\/es\/wp-json\/wp\/v2\/media?parent=32587"}],"curies":[{"name":"wp","href":"https:\/\/api.w.org\/{rel}","templated":true}]}}