{"id":62254,"date":"2021-06-18T13:15:13","date_gmt":"2021-06-18T11:15:13","guid":{"rendered":"https:\/\/www.imds-professional.com\/ipjournal\/"},"modified":"2025-01-23T09:58:27","modified_gmt":"2025-01-23T08:58:27","slug":"ipjournal","status":"publish","type":"page","link":"https:\/\/www.imds-professional.com\/es\/ipjournal\/","title":{"rendered":"ipJournal"},"content":{"rendered":"\t\t<div data-elementor-type=\"wp-page\" data-elementor-id=\"62254\" class=\"elementor elementor-62254 elementor-3966\" data-elementor-post-type=\"page\">\n\t\t\t\t\t\t<section class=\"elementor-section elementor-top-section elementor-element elementor-element-3c5ba81 elementor-hidden-desktop elementor-hidden-tablet elementor-hidden-mobile elementor-section-boxed elementor-section-height-default elementor-section-height-default\" data-id=\"3c5ba81\" data-element_type=\"section\" data-e-type=\"section\">\n\t\t\t\t\t\t<div class=\"elementor-container elementor-column-gap-default\">\n\t\t\t\t\t<div class=\"elementor-column elementor-col-100 elementor-top-column elementor-element elementor-element-7d0ea2f\" data-id=\"7d0ea2f\" data-element_type=\"column\" data-e-type=\"column\">\n\t\t\t<div class=\"elementor-widget-wrap elementor-element-populated\">\n\t\t\t\t\t\t<div class=\"elementor-element elementor-element-2db0f6e elementor-widget elementor-widget-text-editor\" data-id=\"2db0f6e\" data-element_type=\"widget\" data-e-type=\"widget\" data-widget_type=\"text-editor.default\">\n\t\t\t\t<div class=\"elementor-widget-container\">\n\t\t\t\t\t\t\t\t\t<p>Mant\u00e9ngase al d\u00eda de todas las novedades importantes en el campo de la conformidad medioambiental de los productos con nuestro ipJournal.<\/p>\n\t\t\t\t\t\t\t\t<\/div>\n\t\t\t\t<\/div>\n\t\t\t\t\t<\/div>\n\t\t<\/div>\n\t\t\t\t\t<\/div>\n\t\t<\/section>\n\t\t\t\t<section class=\"elementor-section elementor-top-section elementor-element elementor-element-acfedb4 elementor-section-content-middle elementor-reverse-mobile elementor-section-height-min-height elementor-section-boxed elementor-section-height-default elementor-section-items-middle\" data-id=\"acfedb4\" data-element_type=\"section\" data-e-type=\"section\" data-settings=\"{&quot;background_background&quot;:&quot;classic&quot;}\">\n\t\t\t\t\t\t\t<div class=\"elementor-background-overlay\"><\/div>\n\t\t\t\t\t\t\t<div class=\"elementor-container elementor-column-gap-wider\">\n\t\t\t\t\t<div class=\"elementor-column elementor-col-50 elementor-top-column elementor-element elementor-element-6e438c5\" data-id=\"6e438c5\" data-element_type=\"column\" data-e-type=\"column\" data-settings=\"{&quot;background_background&quot;:&quot;classic&quot;}\">\n\t\t\t<div class=\"elementor-widget-wrap elementor-element-populated\">\n\t\t\t\t\t\t<section class=\"elementor-section elementor-inner-section elementor-element elementor-element-a2080ac elementor-section-content-middle elementor-reverse-mobile elementor-section-boxed elementor-section-height-default elementor-section-height-default elementor-invisible\" data-id=\"a2080ac\" data-element_type=\"section\" data-e-type=\"section\" data-settings=\"{&quot;animation&quot;:&quot;fadeInUp&quot;}\">\n\t\t\t\t\t\t<div class=\"elementor-container elementor-column-gap-default\">\n\t\t\t\t\t<div class=\"elementor-column elementor-col-100 elementor-inner-column elementor-element elementor-element-ca87440\" data-id=\"ca87440\" data-element_type=\"column\" data-e-type=\"column\">\n\t\t\t<div class=\"elementor-widget-wrap elementor-element-populated\">\n\t\t\t\t\t\t<div class=\"elementor-element elementor-element-4a8b644 elementor-widget elementor-widget-heading\" data-id=\"4a8b644\" data-element_type=\"widget\" data-e-type=\"widget\" data-widget_type=\"heading.default\">\n\t\t\t\t<div class=\"elementor-widget-container\">\n\t\t\t\t\t<h3 class=\"elementor-heading-title elementor-size-default\">Revista online <b>ipJournal<\/b><\/h3>\t\t\t\t<\/div>\n\t\t\t\t<\/div>\n\t\t\t\t<div class=\"elementor-element elementor-element-7cade1f elementor-widget-divider--view-line elementor-widget elementor-widget-divider\" data-id=\"7cade1f\" data-element_type=\"widget\" data-e-type=\"widget\" data-widget_type=\"divider.default\">\n\t\t\t\t<div class=\"elementor-widget-container\">\n\t\t\t\t\t\t\t<div class=\"elementor-divider\">\n\t\t\t<span class=\"elementor-divider-separator\">\n\t\t\t\t\t\t<\/span>\n\t\t<\/div>\n\t\t\t\t\t\t<\/div>\n\t\t\t\t<\/div>\n\t\t\t\t\t<\/div>\n\t\t<\/div>\n\t\t\t\t\t<\/div>\n\t\t<\/section>\n\t\t\t\t<div class=\"elementor-element elementor-element-f815519 animated-slow elementor-invisible elementor-widget elementor-widget-heading\" data-id=\"f815519\" data-element_type=\"widget\" data-e-type=\"widget\" data-settings=\"{&quot;_animation&quot;:&quot;fadeInUp&quot;,&quot;_animation_delay&quot;:100}\" data-widget_type=\"heading.default\">\n\t\t\t\t<div class=\"elementor-widget-container\">\n\t\t\t\t\t<h1 class=\"elementor-heading-title elementor-size-default\"><b>Informaci\u00f3n especializada<\/b> actual<\/h1>\t\t\t\t<\/div>\n\t\t\t\t<\/div>\n\t\t\t\t<div class=\"elementor-element elementor-element-314f976 elementor-widget elementor-widget-text-editor\" data-id=\"314f976\" data-element_type=\"widget\" data-e-type=\"widget\" data-widget_type=\"text-editor.default\">\n\t\t\t\t<div class=\"elementor-widget-container\">\n\t\t\t\t\t\t\t\t\t<p>Mant\u00e9ngase informado Aqu\u00ed encontrar\u00e1 actualizaciones peri\u00f3dicas sobre temas de conformidad medioambiental de productos. Suscr\u00edbase a nuestro <a href=\"https:\/\/www.imds-professional.com\/es\/boletin\/\" target=\"_blank\" rel=\"noopener\">bolet\u00edn<\/a> para no perderse ninguna informaci\u00f3n y para enterarse de cu\u00e1ndo est\u00e1n previstos cursos de formaci\u00f3n y eventos.<\/p>\n\t\t\t\t\t\t\t\t<\/div>\n\t\t\t\t<\/div>\n\t\t\t\t<div class=\"elementor-element elementor-element-6e59681 elementor-align-left elementor-widget elementor-widget-button\" data-id=\"6e59681\" data-element_type=\"widget\" data-e-type=\"widget\" data-settings=\"{&quot;sticky&quot;:&quot;top&quot;,&quot;sticky_offset&quot;:500,&quot;sticky_parent&quot;:&quot;yes&quot;,&quot;sticky_on&quot;:[&quot;desktop&quot;],&quot;sticky_effects_offset&quot;:0,&quot;sticky_anchor_link_offset&quot;:0}\" data-widget_type=\"button.default\">\n\t\t\t\t<div class=\"elementor-widget-container\">\n\t\t\t\t\t\t\t\t\t<div class=\"elementor-button-wrapper\">\n\t\t\t\t\t<a class=\"elementor-button elementor-button-link elementor-size-sm elementor-animation-float\" href=\"https:\/\/www.imds-professional.com\/es\/boletin\/\">\n\t\t\t\t\t\t<span class=\"elementor-button-content-wrapper\">\n\t\t\t\t\t\t<span class=\"elementor-button-icon\">\n\t\t\t\t<svg xmlns=\"http:\/\/www.w3.org\/2000\/svg\" id=\"b385ca18-4b85-46d4-bb4b-571c73a19812\" data-name=\"b922a425-e5e0-4ef1-881c-5748460fd139\" viewBox=\"0 0 30.125 18.1738\"><title>arrow-icon-size3<\/title><path d=\"M29.75,9.3948,21.5281,1.1735a.8479.8479,0,0,0-.601-.261L20.9124.9119a.8526.8526,0,0,0-.5956.2409.8642.8642,0,0,0-.0027,1.23l6.7618,6.7611H.7316a.8566.8566,0,1,0,0,1.7131H27.0759l-6.7591,6.7591a.8576.8576,0,0,0-.0214,1.2113.8462.8462,0,0,0,.61.2583.8949.8949,0,0,0,.621-.2556l8.2233-8.224A.8587.8587,0,0,0,29.75,9.3948Z\" transform=\"translate(0.125 -0.9119)\"><\/path><\/svg>\t\t\t<\/span>\n\t\t\t\t\t\t\t\t\t<span class=\"elementor-button-text\">Newsletter<\/span>\n\t\t\t\t\t<\/span>\n\t\t\t\t\t<\/a>\n\t\t\t\t<\/div>\n\t\t\t\t\t\t\t\t<\/div>\n\t\t\t\t<\/div>\n\t\t\t\t\t<\/div>\n\t\t<\/div>\n\t\t\t\t<div class=\"elementor-column elementor-col-50 elementor-top-column elementor-element elementor-element-f572894\" data-id=\"f572894\" data-element_type=\"column\" data-e-type=\"column\">\n\t\t\t<div class=\"elementor-widget-wrap elementor-element-populated\">\n\t\t\t\t\t\t<div class=\"elementor-element elementor-element-2f7d6b7 animated-slow elementor-invisible elementor-widget elementor-widget-image\" data-id=\"2f7d6b7\" data-element_type=\"widget\" data-e-type=\"widget\" data-settings=\"{&quot;_animation&quot;:&quot;fadeInLeft&quot;}\" data-widget_type=\"image.default\">\n\t\t\t\t<div class=\"elementor-widget-container\">\n\t\t\t\t\t\t\t\t\t\t\t\t\t\t\t<img fetchpriority=\"high\" decoding=\"async\" width=\"1424\" height=\"800\" src=\"https:\/\/www.imds-professional.com\/wp-content\/uploads\/2021\/08\/Kabel.jpg\" class=\"attachment-full size-full wp-image-26732\" alt=\"ipJournal DE\" srcset=\"https:\/\/www.imds-professional.com\/wp-content\/uploads\/2021\/08\/Kabel.jpg 1424w, https:\/\/www.imds-professional.com\/wp-content\/uploads\/2021\/08\/Kabel-300x169.jpg 300w, https:\/\/www.imds-professional.com\/wp-content\/uploads\/2021\/08\/Kabel-1024x575.jpg 1024w, https:\/\/www.imds-professional.com\/wp-content\/uploads\/2021\/08\/Kabel-768x431.jpg 768w\" sizes=\"(max-width: 1424px) 100vw, 1424px\" \/>\t\t\t\t\t\t\t\t\t\t\t\t\t\t\t<\/div>\n\t\t\t\t<\/div>\n\t\t\t\t<div class=\"elementor-element elementor-element-edeb706 animated-slow elementor-invisible elementor-widget elementor-widget-image\" data-id=\"edeb706\" data-element_type=\"widget\" data-e-type=\"widget\" data-settings=\"{&quot;_animation&quot;:&quot;fadeInRight&quot;,&quot;_animation_delay&quot;:0}\" data-widget_type=\"image.default\">\n\t\t\t\t<div class=\"elementor-widget-container\">\n\t\t\t\t\t\t\t\t\t\t\t\t\t\t\t<img decoding=\"async\" width=\"1176\" height=\"811\" src=\"https:\/\/www.imds-professional.com\/wp-content\/uploads\/2021\/08\/Welle.jpg\" class=\"attachment-full size-full wp-image-26737\" alt=\"\" srcset=\"https:\/\/www.imds-professional.com\/wp-content\/uploads\/2021\/08\/Welle.jpg 1176w, https:\/\/www.imds-professional.com\/wp-content\/uploads\/2021\/08\/Welle-300x207.jpg 300w, https:\/\/www.imds-professional.com\/wp-content\/uploads\/2021\/08\/Welle-1024x706.jpg 1024w, https:\/\/www.imds-professional.com\/wp-content\/uploads\/2021\/08\/Welle-768x530.jpg 768w\" sizes=\"(max-width: 1176px) 100vw, 1176px\" \/>\t\t\t\t\t\t\t\t\t\t\t\t\t\t\t<\/div>\n\t\t\t\t<\/div>\n\t\t\t\t\t<\/div>\n\t\t<\/div>\n\t\t\t\t\t<\/div>\n\t\t<\/section>\n\t\t\t\t<section class=\"elementor-section elementor-top-section elementor-element elementor-element-e061974 elementor-section-boxed elementor-section-height-default elementor-section-height-default\" data-id=\"e061974\" data-element_type=\"section\" data-e-type=\"section\">\n\t\t\t\t\t\t\t<div class=\"elementor-background-overlay\"><\/div>\n\t\t\t\t\t\t\t<div class=\"elementor-container elementor-column-gap-default\">\n\t\t\t\t\t<div class=\"elementor-column elementor-col-100 elementor-top-column elementor-element elementor-element-fc9b439\" data-id=\"fc9b439\" data-element_type=\"column\" data-e-type=\"column\">\n\t\t\t<div class=\"elementor-widget-wrap elementor-element-populated\">\n\t\t\t\t\t\t<div class=\"elementor-element elementor-element-3c0e3b2 elementor-widget elementor-widget-text-editor\" data-id=\"3c0e3b2\" data-element_type=\"widget\" data-e-type=\"widget\" data-widget_type=\"text-editor.default\">\n\t\t\t\t<div class=\"elementor-widget-container\">\n\t\t\t\t\t\t\t\t\t<p>Cambie al <a href=\"https:\/\/www.imds-professional.com\/en\/ipjournal\/\" target=\"_blank\" rel=\"noopener\">ipJournal en ingl\u00e9s<\/a> para leer los art\u00edculos en ingl\u00e9s. O cambie al <a href=\"https:\/\/www.imds-professional.com\/ipjournal\/\" target=\"_blank\" rel=\"noopener\">ipJournal en alem\u00e1n<\/a> para leer los art\u00edculos en alem\u00e1n.<\/p>\t\t\t\t\t\t\t\t<\/div>\n\t\t\t\t<\/div>\n\t\t\t\t\t<\/div>\n\t\t<\/div>\n\t\t\t\t\t<\/div>\n\t\t<\/section>\n\t\t\t\t<section class=\"elementor-section elementor-top-section elementor-element elementor-element-cc46727 elementor-section-boxed elementor-section-height-default elementor-section-height-default\" data-id=\"cc46727\" data-element_type=\"section\" data-e-type=\"section\">\n\t\t\t\t\t\t<div class=\"elementor-container elementor-column-gap-default\">\n\t\t\t\t\t\t<\/div>\n\t\t<\/section>\n\t\t\t\t<section class=\"elementor-section elementor-top-section elementor-element elementor-element-e5981d2 elementor-section-boxed elementor-section-height-default elementor-section-height-default\" data-id=\"e5981d2\" data-element_type=\"section\" data-e-type=\"section\">\n\t\t\t\t\t\t<div class=\"elementor-container elementor-column-gap-default\">\n\t\t\t\t\t\t<\/div>\n\t\t<\/section>\n\t\t\t\t<\/div>\n\t\t","protected":false},"excerpt":{"rendered":"<p>Mant\u00e9ngase al d\u00eda de todas las novedades importantes en el campo de la conformidad medioambiental de los productos con nuestro ipJournal. Revista online ipJournal Informaci\u00f3n especializada actual Mant\u00e9ngase informado Aqu\u00ed encontrar\u00e1 actualizaciones peri\u00f3dicas sobre temas de conformidad medioambiental de productos. Suscr\u00edbase a nuestro bolet\u00edn para no perderse ninguna informaci\u00f3n y para enterarse de cu\u00e1ndo est\u00e1n [&hellip;]<\/p>\n","protected":false},"author":4,"featured_media":0,"parent":0,"menu_order":0,"comment_status":"closed","ping_status":"closed","template":"elementor_header_footer","meta":{"footnotes":""},"class_list":["post-62254","page","type-page","status-publish","hentry","entry","owp-thumbs-layout-horizontal","owp-btn-normal","owp-tabs-layout-horizontal","has-no-thumbnails","has-product-nav"],"yoast_head":"<!-- This site is optimized with the Yoast SEO plugin v27.3 - https:\/\/yoast.com\/product\/yoast-seo-wordpress\/ -->\n<title>ipJournal ES<\/title>\n<meta name=\"description\" content=\"En nuestra revista en l\u00ednea \u00abipJournal\u00bb encontrar\u00e1 art\u00edculos de actualidad e informaci\u00f3n sobre la conformidad de materiales y productos.\" \/>\n<meta name=\"robots\" content=\"index, follow, max-snippet:-1, max-image-preview:large, max-video-preview:-1\" \/>\n<link rel=\"canonical\" href=\"https:\/\/www.imds-professional.com\/es\/ipjournal\/\" \/>\n<meta property=\"og:locale\" content=\"es_ES\" \/>\n<meta property=\"og:type\" content=\"article\" \/>\n<meta property=\"og:title\" content=\"ipJournal ES\" \/>\n<meta property=\"og:description\" content=\"En nuestra revista en l\u00ednea \u00abipJournal\u00bb encontrar\u00e1 art\u00edculos de actualidad e informaci\u00f3n sobre la conformidad de materiales y productos.\" \/>\n<meta property=\"og:url\" content=\"https:\/\/www.imds-professional.com\/es\/ipjournal\/\" \/>\n<meta property=\"og:site_name\" content=\"imds-professional\" \/>\n<meta property=\"article:modified_time\" content=\"2025-01-23T08:58:27+00:00\" \/>\n<meta property=\"og:image\" content=\"https:\/\/www.imds-professional.com\/wp-content\/uploads\/2021\/08\/Kabel.jpg\" \/>\n\t<meta property=\"og:image:width\" content=\"1424\" \/>\n\t<meta property=\"og:image:height\" content=\"800\" \/>\n\t<meta property=\"og:image:type\" content=\"image\/jpeg\" \/>\n<meta name=\"twitter:label1\" content=\"Tiempo de lectura\" \/>\n\t<meta name=\"twitter:data1\" content=\"1 minuto\" \/>\n<script type=\"application\/ld+json\" class=\"yoast-schema-graph\">{\"@context\":\"https:\\\/\\\/schema.org\",\"@graph\":[{\"@type\":\"WebPage\",\"@id\":\"https:\\\/\\\/www.imds-professional.com\\\/es\\\/ipjournal\\\/\",\"url\":\"https:\\\/\\\/www.imds-professional.com\\\/es\\\/ipjournal\\\/\",\"name\":\"ipJournal ES\",\"isPartOf\":{\"@id\":\"https:\\\/\\\/www.imds-professional.com\\\/#website\"},\"primaryImageOfPage\":{\"@id\":\"https:\\\/\\\/www.imds-professional.com\\\/es\\\/ipjournal\\\/#primaryimage\"},\"image\":{\"@id\":\"https:\\\/\\\/www.imds-professional.com\\\/es\\\/ipjournal\\\/#primaryimage\"},\"thumbnailUrl\":\"https:\\\/\\\/www.imds-professional.com\\\/wp-content\\\/uploads\\\/2021\\\/08\\\/Kabel.jpg\",\"datePublished\":\"2021-06-18T11:15:13+00:00\",\"dateModified\":\"2025-01-23T08:58:27+00:00\",\"description\":\"En nuestra revista en l\u00ednea \u00abipJournal\u00bb encontrar\u00e1 art\u00edculos de actualidad e informaci\u00f3n sobre la conformidad de materiales y productos.\",\"breadcrumb\":{\"@id\":\"https:\\\/\\\/www.imds-professional.com\\\/es\\\/ipjournal\\\/#breadcrumb\"},\"inLanguage\":\"es\",\"potentialAction\":[{\"@type\":\"ReadAction\",\"target\":[\"https:\\\/\\\/www.imds-professional.com\\\/es\\\/ipjournal\\\/\"]}]},{\"@type\":\"ImageObject\",\"inLanguage\":\"es\",\"@id\":\"https:\\\/\\\/www.imds-professional.com\\\/es\\\/ipjournal\\\/#primaryimage\",\"url\":\"https:\\\/\\\/www.imds-professional.com\\\/wp-content\\\/uploads\\\/2021\\\/08\\\/Kabel.jpg\",\"contentUrl\":\"https:\\\/\\\/www.imds-professional.com\\\/wp-content\\\/uploads\\\/2021\\\/08\\\/Kabel.jpg\"},{\"@type\":\"BreadcrumbList\",\"@id\":\"https:\\\/\\\/www.imds-professional.com\\\/es\\\/ipjournal\\\/#breadcrumb\",\"itemListElement\":[{\"@type\":\"ListItem\",\"position\":1,\"name\":\"Startseite\",\"item\":\"https:\\\/\\\/www.imds-professional.com\\\/en\\\/\"},{\"@type\":\"ListItem\",\"position\":2,\"name\":\"ipJournal\"}]},{\"@type\":\"WebSite\",\"@id\":\"https:\\\/\\\/www.imds-professional.com\\\/#website\",\"url\":\"https:\\\/\\\/www.imds-professional.com\\\/\",\"name\":\"imds-professional\",\"description\":\"Demo Seite f\u00fcr ein Projekt, nicht l\u00f6schen!!! \",\"publisher\":{\"@id\":\"https:\\\/\\\/www.imds-professional.com\\\/#organization\"},\"potentialAction\":[{\"@type\":\"SearchAction\",\"target\":{\"@type\":\"EntryPoint\",\"urlTemplate\":\"https:\\\/\\\/www.imds-professional.com\\\/?s={search_term_string}\"},\"query-input\":{\"@type\":\"PropertyValueSpecification\",\"valueRequired\":true,\"valueName\":\"search_term_string\"}}],\"inLanguage\":\"es\"},{\"@type\":\"Organization\",\"@id\":\"https:\\\/\\\/www.imds-professional.com\\\/#organization\",\"name\":\"imds professional GmbH & Co. KG\",\"url\":\"https:\\\/\\\/www.imds-professional.com\\\/\",\"logo\":{\"@type\":\"ImageObject\",\"inLanguage\":\"es\",\"@id\":\"https:\\\/\\\/www.imds-professional.com\\\/#\\\/schema\\\/logo\\\/image\\\/\",\"url\":\"https:\\\/\\\/www.imds-professional.com\\\/wp-content\\\/uploads\\\/2021\\\/06\\\/Logo-TransparentHeader.png\",\"contentUrl\":\"https:\\\/\\\/www.imds-professional.com\\\/wp-content\\\/uploads\\\/2021\\\/06\\\/Logo-TransparentHeader.png\",\"width\":5012,\"height\":2111,\"caption\":\"imds professional GmbH & Co. KG\"},\"image\":{\"@id\":\"https:\\\/\\\/www.imds-professional.com\\\/#\\\/schema\\\/logo\\\/image\\\/\"}}]}<\/script>\n<!-- \/ Yoast SEO plugin. -->","yoast_head_json":{"title":"ipJournal ES","description":"En nuestra revista en l\u00ednea \u00abipJournal\u00bb encontrar\u00e1 art\u00edculos de actualidad e informaci\u00f3n sobre la conformidad de materiales y productos.","robots":{"index":"index","follow":"follow","max-snippet":"max-snippet:-1","max-image-preview":"max-image-preview:large","max-video-preview":"max-video-preview:-1"},"canonical":"https:\/\/www.imds-professional.com\/es\/ipjournal\/","og_locale":"es_ES","og_type":"article","og_title":"ipJournal ES","og_description":"En nuestra revista en l\u00ednea \u00abipJournal\u00bb encontrar\u00e1 art\u00edculos de actualidad e informaci\u00f3n sobre la conformidad de materiales y productos.","og_url":"https:\/\/www.imds-professional.com\/es\/ipjournal\/","og_site_name":"imds-professional","article_modified_time":"2025-01-23T08:58:27+00:00","og_image":[{"width":1424,"height":800,"url":"https:\/\/www.imds-professional.com\/wp-content\/uploads\/2021\/08\/Kabel.jpg","type":"image\/jpeg"}],"twitter_misc":{"Tiempo de lectura":"1 minuto"},"schema":{"@context":"https:\/\/schema.org","@graph":[{"@type":"WebPage","@id":"https:\/\/www.imds-professional.com\/es\/ipjournal\/","url":"https:\/\/www.imds-professional.com\/es\/ipjournal\/","name":"ipJournal ES","isPartOf":{"@id":"https:\/\/www.imds-professional.com\/#website"},"primaryImageOfPage":{"@id":"https:\/\/www.imds-professional.com\/es\/ipjournal\/#primaryimage"},"image":{"@id":"https:\/\/www.imds-professional.com\/es\/ipjournal\/#primaryimage"},"thumbnailUrl":"https:\/\/www.imds-professional.com\/wp-content\/uploads\/2021\/08\/Kabel.jpg","datePublished":"2021-06-18T11:15:13+00:00","dateModified":"2025-01-23T08:58:27+00:00","description":"En nuestra revista en l\u00ednea \u00abipJournal\u00bb encontrar\u00e1 art\u00edculos de actualidad e informaci\u00f3n sobre la conformidad de materiales y productos.","breadcrumb":{"@id":"https:\/\/www.imds-professional.com\/es\/ipjournal\/#breadcrumb"},"inLanguage":"es","potentialAction":[{"@type":"ReadAction","target":["https:\/\/www.imds-professional.com\/es\/ipjournal\/"]}]},{"@type":"ImageObject","inLanguage":"es","@id":"https:\/\/www.imds-professional.com\/es\/ipjournal\/#primaryimage","url":"https:\/\/www.imds-professional.com\/wp-content\/uploads\/2021\/08\/Kabel.jpg","contentUrl":"https:\/\/www.imds-professional.com\/wp-content\/uploads\/2021\/08\/Kabel.jpg"},{"@type":"BreadcrumbList","@id":"https:\/\/www.imds-professional.com\/es\/ipjournal\/#breadcrumb","itemListElement":[{"@type":"ListItem","position":1,"name":"Startseite","item":"https:\/\/www.imds-professional.com\/en\/"},{"@type":"ListItem","position":2,"name":"ipJournal"}]},{"@type":"WebSite","@id":"https:\/\/www.imds-professional.com\/#website","url":"https:\/\/www.imds-professional.com\/","name":"imds-professional","description":"Demo Seite f\u00fcr ein Projekt, nicht l\u00f6schen!!! ","publisher":{"@id":"https:\/\/www.imds-professional.com\/#organization"},"potentialAction":[{"@type":"SearchAction","target":{"@type":"EntryPoint","urlTemplate":"https:\/\/www.imds-professional.com\/?s={search_term_string}"},"query-input":{"@type":"PropertyValueSpecification","valueRequired":true,"valueName":"search_term_string"}}],"inLanguage":"es"},{"@type":"Organization","@id":"https:\/\/www.imds-professional.com\/#organization","name":"imds professional GmbH & Co. KG","url":"https:\/\/www.imds-professional.com\/","logo":{"@type":"ImageObject","inLanguage":"es","@id":"https:\/\/www.imds-professional.com\/#\/schema\/logo\/image\/","url":"https:\/\/www.imds-professional.com\/wp-content\/uploads\/2021\/06\/Logo-TransparentHeader.png","contentUrl":"https:\/\/www.imds-professional.com\/wp-content\/uploads\/2021\/06\/Logo-TransparentHeader.png","width":5012,"height":2111,"caption":"imds professional GmbH & Co. KG"},"image":{"@id":"https:\/\/www.imds-professional.com\/#\/schema\/logo\/image\/"}}]}},"_links":{"self":[{"href":"https:\/\/www.imds-professional.com\/es\/wp-json\/wp\/v2\/pages\/62254","targetHints":{"allow":["GET"]}}],"collection":[{"href":"https:\/\/www.imds-professional.com\/es\/wp-json\/wp\/v2\/pages"}],"about":[{"href":"https:\/\/www.imds-professional.com\/es\/wp-json\/wp\/v2\/types\/page"}],"author":[{"embeddable":true,"href":"https:\/\/www.imds-professional.com\/es\/wp-json\/wp\/v2\/users\/4"}],"replies":[{"embeddable":true,"href":"https:\/\/www.imds-professional.com\/es\/wp-json\/wp\/v2\/comments?post=62254"}],"version-history":[{"count":4,"href":"https:\/\/www.imds-professional.com\/es\/wp-json\/wp\/v2\/pages\/62254\/revisions"}],"predecessor-version":[{"id":62266,"href":"https:\/\/www.imds-professional.com\/es\/wp-json\/wp\/v2\/pages\/62254\/revisions\/62266"}],"wp:attachment":[{"href":"https:\/\/www.imds-professional.com\/es\/wp-json\/wp\/v2\/media?parent=62254"}],"curies":[{"name":"wp","href":"https:\/\/api.w.org\/{rel}","templated":true}]}}