{"id":21229,"date":"2021-08-19T17:31:35","date_gmt":"2021-08-19T15:31:35","guid":{"rendered":"https:\/\/www.imds-professional.com\/notre-equipe\/"},"modified":"2024-04-25T16:16:44","modified_gmt":"2024-04-25T14:16:44","slug":"notre-equipe","status":"publish","type":"page","link":"https:\/\/www.imds-professional.com\/fr\/notre-equipe\/","title":{"rendered":"Notre \u00e9quipe"},"content":{"rendered":"\t\t<div data-elementor-type=\"wp-page\" data-elementor-id=\"21229\" class=\"elementor elementor-21229 elementor-6495\" data-elementor-post-type=\"page\">\n\t\t\t\t\t\t<section class=\"elementor-section elementor-top-section elementor-element elementor-element-a47d831 elementor-hidden-desktop elementor-hidden-tablet elementor-hidden-mobile elementor-section-boxed elementor-section-height-default elementor-section-height-default\" data-id=\"a47d831\" data-element_type=\"section\" data-e-type=\"section\">\n\t\t\t\t\t\t<div class=\"elementor-container elementor-column-gap-default\">\n\t\t\t\t\t<div class=\"elementor-column elementor-col-100 elementor-top-column elementor-element elementor-element-3f7d408\" data-id=\"3f7d408\" data-element_type=\"column\" data-e-type=\"column\">\n\t\t\t<div class=\"elementor-widget-wrap elementor-element-populated\">\n\t\t\t\t\t\t<div class=\"elementor-element elementor-element-6b00905 elementor-widget elementor-widget-text-editor\" data-id=\"6b00905\" data-element_type=\"widget\" data-e-type=\"widget\" data-widget_type=\"text-editor.default\">\n\t\t\t\t<div class=\"elementor-widget-container\">\n\t\t\t\t\t\t\t\t\t<p>Notre \u00e9quipe<\/p>\t\t\t\t\t\t\t\t<\/div>\n\t\t\t\t<\/div>\n\t\t\t\t\t<\/div>\n\t\t<\/div>\n\t\t\t\t\t<\/div>\n\t\t<\/section>\n\t\t\t\t<section class=\"elementor-section elementor-top-section elementor-element elementor-element-310d797 elementor-section-boxed elementor-section-height-default elementor-section-height-default\" data-id=\"310d797\" data-element_type=\"section\" data-e-type=\"section\">\n\t\t\t\t\t\t\t<div class=\"elementor-background-overlay\"><\/div>\n\t\t\t\t\t\t\t<div class=\"elementor-container elementor-column-gap-default\">\n\t\t\t\t\t<div class=\"elementor-column elementor-col-50 elementor-top-column elementor-element elementor-element-c0c6899\" data-id=\"c0c6899\" data-element_type=\"column\" data-e-type=\"column\" data-settings=\"{&quot;background_background&quot;:&quot;classic&quot;}\">\n\t\t\t<div class=\"elementor-widget-wrap elementor-element-populated\">\n\t\t\t\t\t<div class=\"elementor-background-overlay\"><\/div>\n\t\t\t\t\t\t<div class=\"elementor-element elementor-element-aa78491 elementor-nav-menu__align-start elementor-nav-menu--dropdown-none elementor-widget elementor-widget-nav-menu\" data-id=\"aa78491\" data-element_type=\"widget\" data-e-type=\"widget\" data-settings=\"{&quot;layout&quot;:&quot;vertical&quot;,&quot;sticky&quot;:&quot;top&quot;,&quot;sticky_parent&quot;:&quot;yes&quot;,&quot;submenu_icon&quot;:{&quot;value&quot;:&quot;&lt;i aria-hidden=\\&quot;true\\&quot; class=\\&quot;\\&quot;&gt;&lt;\\\/i&gt;&quot;,&quot;library&quot;:&quot;&quot;},&quot;sticky_on&quot;:[&quot;desktop&quot;],&quot;sticky_offset&quot;:0,&quot;sticky_effects_offset&quot;:0,&quot;sticky_anchor_link_offset&quot;:0}\" data-widget_type=\"nav-menu.default\">\n\t\t\t\t<div class=\"elementor-widget-container\">\n\t\t\t\t\t\t\t\t<nav aria-label=\"Menu\" class=\"elementor-nav-menu--main elementor-nav-menu__container elementor-nav-menu--layout-vertical e--pointer-none\">\n\t\t\t\t<ul id=\"menu-1-aa78491\" class=\"elementor-nav-menu sm-vertical\"><li class=\"menu-item menu-item-type-post_type menu-item-object-page menu-item-36743\"><a href=\"https:\/\/www.imds-professional.com\/fr\/histoire\/\" class=\"elementor-item\">Histoire<\/a><\/li>\n<li class=\"menu-item menu-item-type-post_type menu-item-object-page menu-item-36744\"><a href=\"https:\/\/www.imds-professional.com\/fr\/notre-equipe\/\" class=\"elementor-item\">Notre \u00e9quipe<\/a><\/li>\n<li class=\"menu-item menu-item-type-post_type menu-item-object-page menu-item-36745\"><a href=\"https:\/\/www.imds-professional.com\/fr\/jobs\/\" class=\"elementor-item\">Carri\u00e8re<\/a><\/li>\n<li class=\"menu-item menu-item-type-post_type menu-item-object-page menu-item-36746\"><a href=\"https:\/\/www.imds-professional.com\/fr\/cooperations\/\" class=\"elementor-item\">Coop\u00e9rations<\/a><\/li>\n<\/ul>\t\t\t<\/nav>\n\t\t\t\t\t\t<nav class=\"elementor-nav-menu--dropdown elementor-nav-menu__container\" aria-hidden=\"true\">\n\t\t\t\t<ul id=\"menu-2-aa78491\" class=\"elementor-nav-menu sm-vertical\"><li class=\"menu-item menu-item-type-post_type menu-item-object-page menu-item-36743\"><a href=\"https:\/\/www.imds-professional.com\/fr\/histoire\/\" class=\"elementor-item\" tabindex=\"-1\">Histoire<\/a><\/li>\n<li class=\"menu-item menu-item-type-post_type menu-item-object-page menu-item-36744\"><a href=\"https:\/\/www.imds-professional.com\/fr\/notre-equipe\/\" class=\"elementor-item\" tabindex=\"-1\">Notre \u00e9quipe<\/a><\/li>\n<li class=\"menu-item menu-item-type-post_type menu-item-object-page menu-item-36745\"><a href=\"https:\/\/www.imds-professional.com\/fr\/jobs\/\" class=\"elementor-item\" tabindex=\"-1\">Carri\u00e8re<\/a><\/li>\n<li class=\"menu-item menu-item-type-post_type menu-item-object-page menu-item-36746\"><a href=\"https:\/\/www.imds-professional.com\/fr\/cooperations\/\" class=\"elementor-item\" tabindex=\"-1\">Coop\u00e9rations<\/a><\/li>\n<\/ul>\t\t\t<\/nav>\n\t\t\t\t\t\t<\/div>\n\t\t\t\t<\/div>\n\t\t\t\t<div class=\"elementor-element elementor-element-36408ab elementor-align-left elementor-widget elementor-widget-button\" data-id=\"36408ab\" data-element_type=\"widget\" data-e-type=\"widget\" data-settings=\"{&quot;sticky&quot;:&quot;top&quot;,&quot;sticky_offset&quot;:330,&quot;sticky_parent&quot;:&quot;yes&quot;,&quot;sticky_on&quot;:[&quot;desktop&quot;],&quot;sticky_effects_offset&quot;:0,&quot;sticky_anchor_link_offset&quot;:0}\" data-widget_type=\"button.default\">\n\t\t\t\t<div class=\"elementor-widget-container\">\n\t\t\t\t\t\t\t\t\t<div class=\"elementor-button-wrapper\">\n\t\t\t\t\t<a class=\"elementor-button elementor-button-link elementor-size-sm elementor-animation-float\" href=\"https:\/\/www.imds-professional.com\/kontakt\/\">\n\t\t\t\t\t\t<span class=\"elementor-button-content-wrapper\">\n\t\t\t\t\t\t<span class=\"elementor-button-icon\">\n\t\t\t\t<svg xmlns=\"http:\/\/www.w3.org\/2000\/svg\" id=\"b385ca18-4b85-46d4-bb4b-571c73a19812\" data-name=\"b922a425-e5e0-4ef1-881c-5748460fd139\" viewBox=\"0 0 30.125 18.1738\"><title>arrow-icon-size3<\/title><path d=\"M29.75,9.3948,21.5281,1.1735a.8479.8479,0,0,0-.601-.261L20.9124.9119a.8526.8526,0,0,0-.5956.2409.8642.8642,0,0,0-.0027,1.23l6.7618,6.7611H.7316a.8566.8566,0,1,0,0,1.7131H27.0759l-6.7591,6.7591a.8576.8576,0,0,0-.0214,1.2113.8462.8462,0,0,0,.61.2583.8949.8949,0,0,0,.621-.2556l8.2233-8.224A.8587.8587,0,0,0,29.75,9.3948Z\" transform=\"translate(0.125 -0.9119)\"><\/path><\/svg>\t\t\t<\/span>\n\t\t\t\t\t\t\t\t\t<span class=\"elementor-button-text\">Contact<\/span>\n\t\t\t\t\t<\/span>\n\t\t\t\t\t<\/a>\n\t\t\t\t<\/div>\n\t\t\t\t\t\t\t\t<\/div>\n\t\t\t\t<\/div>\n\t\t\t\t<div class=\"elementor-element elementor-element-158c511 elementor-align-left elementor-widget elementor-widget-button\" data-id=\"158c511\" data-element_type=\"widget\" data-e-type=\"widget\" data-settings=\"{&quot;sticky&quot;:&quot;top&quot;,&quot;sticky_offset&quot;:440,&quot;sticky_parent&quot;:&quot;yes&quot;,&quot;sticky_on&quot;:[&quot;desktop&quot;],&quot;sticky_effects_offset&quot;:0,&quot;sticky_anchor_link_offset&quot;:0}\" data-widget_type=\"button.default\">\n\t\t\t\t<div class=\"elementor-widget-container\">\n\t\t\t\t\t\t\t\t\t<div class=\"elementor-button-wrapper\">\n\t\t\t\t\t<a class=\"elementor-button elementor-button-link elementor-size-sm elementor-animation-float\" href=\"https:\/\/www.imds-professional.com\/aktuelle-schulungen\/\">\n\t\t\t\t\t\t<span class=\"elementor-button-content-wrapper\">\n\t\t\t\t\t\t<span class=\"elementor-button-icon\">\n\t\t\t\t<svg xmlns=\"http:\/\/www.w3.org\/2000\/svg\" id=\"b385ca18-4b85-46d4-bb4b-571c73a19812\" data-name=\"b922a425-e5e0-4ef1-881c-5748460fd139\" viewBox=\"0 0 30.125 18.1738\"><title>arrow-icon-size3<\/title><path d=\"M29.75,9.3948,21.5281,1.1735a.8479.8479,0,0,0-.601-.261L20.9124.9119a.8526.8526,0,0,0-.5956.2409.8642.8642,0,0,0-.0027,1.23l6.7618,6.7611H.7316a.8566.8566,0,1,0,0,1.7131H27.0759l-6.7591,6.7591a.8576.8576,0,0,0-.0214,1.2113.8462.8462,0,0,0,.61.2583.8949.8949,0,0,0,.621-.2556l8.2233-8.224A.8587.8587,0,0,0,29.75,9.3948Z\" transform=\"translate(0.125 -0.9119)\"><\/path><\/svg>\t\t\t<\/span>\n\t\t\t\t\t\t\t\t\t<span class=\"elementor-button-text\">R\u00e9servation de s\u00e9minaire<\/span>\n\t\t\t\t\t<\/span>\n\t\t\t\t\t<\/a>\n\t\t\t\t<\/div>\n\t\t\t\t\t\t\t\t<\/div>\n\t\t\t\t<\/div>\n\t\t\t\t<div class=\"elementor-element elementor-element-d7d571e elementor-align-left elementor-widget elementor-widget-button\" data-id=\"d7d571e\" data-element_type=\"widget\" data-e-type=\"widget\" data-settings=\"{&quot;sticky&quot;:&quot;top&quot;,&quot;sticky_offset&quot;:500,&quot;sticky_parent&quot;:&quot;yes&quot;,&quot;sticky_on&quot;:[&quot;desktop&quot;],&quot;sticky_effects_offset&quot;:0,&quot;sticky_anchor_link_offset&quot;:0}\" data-widget_type=\"button.default\">\n\t\t\t\t<div class=\"elementor-widget-container\">\n\t\t\t\t\t\t\t\t\t<div class=\"elementor-button-wrapper\">\n\t\t\t\t\t<a class=\"elementor-button elementor-button-link elementor-size-sm elementor-animation-float\" href=\"https:\/\/www.imds-professional.com\/newsletter\/\">\n\t\t\t\t\t\t<span class=\"elementor-button-content-wrapper\">\n\t\t\t\t\t\t<span class=\"elementor-button-icon\">\n\t\t\t\t<svg xmlns=\"http:\/\/www.w3.org\/2000\/svg\" id=\"b385ca18-4b85-46d4-bb4b-571c73a19812\" data-name=\"b922a425-e5e0-4ef1-881c-5748460fd139\" viewBox=\"0 0 30.125 18.1738\"><title>arrow-icon-size3<\/title><path d=\"M29.75,9.3948,21.5281,1.1735a.8479.8479,0,0,0-.601-.261L20.9124.9119a.8526.8526,0,0,0-.5956.2409.8642.8642,0,0,0-.0027,1.23l6.7618,6.7611H.7316a.8566.8566,0,1,0,0,1.7131H27.0759l-6.7591,6.7591a.8576.8576,0,0,0-.0214,1.2113.8462.8462,0,0,0,.61.2583.8949.8949,0,0,0,.621-.2556l8.2233-8.224A.8587.8587,0,0,0,29.75,9.3948Z\" transform=\"translate(0.125 -0.9119)\"><\/path><\/svg>\t\t\t<\/span>\n\t\t\t\t\t\t\t\t\t<span class=\"elementor-button-text\">Newsletter<\/span>\n\t\t\t\t\t<\/span>\n\t\t\t\t\t<\/a>\n\t\t\t\t<\/div>\n\t\t\t\t\t\t\t\t<\/div>\n\t\t\t\t<\/div>\n\t\t\t\t\t<\/div>\n\t\t<\/div>\n\t\t\t\t<div class=\"elementor-column elementor-col-50 elementor-top-column elementor-element elementor-element-e65e6da\" data-id=\"e65e6da\" data-element_type=\"column\" data-e-type=\"column\" data-settings=\"{&quot;background_background&quot;:&quot;classic&quot;}\">\n\t\t\t<div class=\"elementor-widget-wrap elementor-element-populated\">\n\t\t\t\t\t<div class=\"elementor-background-overlay\"><\/div>\n\t\t\t\t\t\t<div class=\"elementor-element elementor-element-7db202b elementor-align-left elementor-widget elementor-widget-button\" data-id=\"7db202b\" data-element_type=\"widget\" data-e-type=\"widget\" data-widget_type=\"button.default\">\n\t\t\t\t<div class=\"elementor-widget-container\">\n\t\t\t\t\t\t\t\t\t<div class=\"elementor-button-wrapper\">\n\t\t\t\t\t<a class=\"elementor-button elementor-button-link elementor-size-sm\" href=\"https:\/\/www.imds-professional.com\/fr\/a-propos-de-nous\/\">\n\t\t\t\t\t\t<span class=\"elementor-button-content-wrapper\">\n\t\t\t\t\t\t<span class=\"elementor-button-icon\">\n\t\t\t\t<i aria-hidden=\"true\" class=\"dticon dticon-arrow-down-outline\"><\/i>\t\t\t<\/span>\n\t\t\t\t\t\t\t\t\t<span class=\"elementor-button-text\">Retour \u00e0 \u00c0 propos de nous<\/span>\n\t\t\t\t\t<\/span>\n\t\t\t\t\t<\/a>\n\t\t\t\t<\/div>\n\t\t\t\t\t\t\t\t<\/div>\n\t\t\t\t<\/div>\n\t\t\t\t<div class=\"elementor-element elementor-element-a89c11b elementor-widget elementor-widget-heading\" data-id=\"a89c11b\" data-element_type=\"widget\" data-e-type=\"widget\" data-widget_type=\"heading.default\">\n\t\t\t\t<div class=\"elementor-widget-container\">\n\t\t\t\t\t<h3 class=\"elementor-heading-title elementor-size-default\">Notre \u00e9quipe<\/h3>\t\t\t\t<\/div>\n\t\t\t\t<\/div>\n\t\t\t\t<div class=\"elementor-element elementor-element-1ed5679 elementor-widget-divider--view-line elementor-invisible elementor-widget elementor-widget-divider\" data-id=\"1ed5679\" data-element_type=\"widget\" data-e-type=\"widget\" data-settings=\"{&quot;_animation&quot;:&quot;fadeIn&quot;,&quot;_animation_delay&quot;:150}\" data-widget_type=\"divider.default\">\n\t\t\t\t<div class=\"elementor-widget-container\">\n\t\t\t\t\t\t\t<div class=\"elementor-divider\">\n\t\t\t<span class=\"elementor-divider-separator\">\n\t\t\t\t\t\t<\/span>\n\t\t<\/div>\n\t\t\t\t\t\t<\/div>\n\t\t\t\t<\/div>\n\t\t\t\t<div class=\"elementor-element elementor-element-85c4ae8 animated-slow elementor-invisible elementor-widget elementor-widget-heading\" data-id=\"85c4ae8\" data-element_type=\"widget\" data-e-type=\"widget\" data-settings=\"{&quot;_animation&quot;:&quot;fadeInUp&quot;,&quot;_animation_delay&quot;:100}\" data-widget_type=\"heading.default\">\n\t\t\t\t<div class=\"elementor-widget-container\">\n\t\t\t\t\t<h1 class=\"elementor-heading-title elementor-size-default\">Engag\u00e9e, comp\u00e9tente, <b>exp\u00e9riment\u00e9e et internationale<\/b><\/h1>\t\t\t\t<\/div>\n\t\t\t\t<\/div>\n\t\t\t\t<div class=\"elementor-element elementor-element-ddcf113 elementor-widget elementor-widget-text-editor\" data-id=\"ddcf113\" data-element_type=\"widget\" data-e-type=\"widget\" data-widget_type=\"text-editor.default\">\n\t\t\t\t<div class=\"elementor-widget-container\">\n\t\t\t\t\t\t\t\t\t<p>En tant que fournisseur de services de premier plan dans le domaine de la conformit\u00e9 environnementale des produits (PEC), notre \u00e9quipe garantit un large \u00e9ventail de domaines sp\u00e9cialis\u00e9s et de comp\u00e9tences.<\/p>\n<p>Nos collaborateurs et formateurs exp\u00e9riment\u00e9s vous conseillent en allemand, anglais, fran\u00e7ais, espagnol, polonais, italien, portugais et indien (tamoul, hindi, kannada) et vous forment sur notre <a href=\"https:\/\/www.imds-professional.com\/fr\/ipcampus\/\">ipCampus<\/a>.<\/p>\n<p>Nous sommes soutenus par des employ\u00e9s de grandes entreprises fournisseurs de divers secteurs qui sont \u00e9galement associ\u00e9s \u00e0 nous depuis de nombreuses ann\u00e9es. Des r\u00e9unions d&rsquo;experts r\u00e9guli\u00e8res nous assurent de connaitre les derni\u00e8res connaissances pratiques.<\/p>\n<p>Notre \u00e9quipe d&rsquo;ing\u00e9nieurs, d&rsquo;auditeurs environnementaux et d&rsquo;autres experts sont \u00e9galement en contact permanent avec les d\u00e9veloppeurs IMDS et CDX de DXC Technology et le comit\u00e9 directeur IMDS, ainsi qu&rsquo;avec d&rsquo;autres professionnels de la gestion des donn\u00e9es environnementales et des produits dans toute l&rsquo;Europe. Ainsi, vous b\u00e9n\u00e9ficiez de connaissances actualis\u00e9es et nous pouvons vous conseiller sur les d\u00e9veloppements futurs avec clairvoyance.<\/p>\n<p>Notre travail est orient\u00e9 vers la recherche de solutions, nous sommes comp\u00e9tents, passionn\u00e9s par notre sujet et toujours avec un sourire amical.<\/p>\n<p><a href=\"https:\/\/www.imds-professional.com\/fr\/contact\/\">Comment pouvons-nous vous aider ? Prenez contact avec nous !<\/a><\/p>\t\t\t\t\t\t\t\t<\/div>\n\t\t\t\t<\/div>\n\t\t\t\t\t<\/div>\n\t\t<\/div>\n\t\t\t\t\t<\/div>\n\t\t<\/section>\n\t\t\t\t<\/div>\n\t\t","protected":false},"excerpt":{"rendered":"<p>Notre \u00e9quipe arrow-icon-size3 Contact arrow-icon-size3 R\u00e9servation de s\u00e9minaire arrow-icon-size3 Newsletter Retour \u00e0 \u00c0 propos de nous Notre \u00e9quipe Engag\u00e9e, comp\u00e9tente, exp\u00e9riment\u00e9e et internationale En tant que fournisseur de services de premier plan dans le domaine de la conformit\u00e9 environnementale des produits (PEC), notre \u00e9quipe garantit un large \u00e9ventail de domaines sp\u00e9cialis\u00e9s et de comp\u00e9tences. Nos [&hellip;]<\/p>\n","protected":false},"author":4,"featured_media":0,"parent":0,"menu_order":0,"comment_status":"closed","ping_status":"closed","template":"elementor_header_footer","meta":{"footnotes":""},"class_list":["post-21229","page","type-page","status-publish","hentry","entry","owp-thumbs-layout-horizontal","owp-btn-normal","owp-tabs-layout-horizontal","has-no-thumbnails","has-product-nav"],"yoast_head":"<!-- This site is optimized with the Yoast SEO plugin v27.3 - https:\/\/yoast.com\/product\/yoast-seo-wordpress\/ -->\n<title>Notre \u00e9quipe<\/title>\n<meta name=\"description\" content=\"Notre \u00e9quipe forme et conseille en allemand, anglais, fran\u00e7ais, espagnol, polonais, italien, portugais et hindi, entre autres.\" \/>\n<meta name=\"robots\" content=\"index, follow, max-snippet:-1, max-image-preview:large, max-video-preview:-1\" \/>\n<link rel=\"canonical\" href=\"https:\/\/www.imds-professional.com\/en\/our-team\/\" \/>\n<meta property=\"og:locale\" content=\"fr_FR\" \/>\n<meta property=\"og:type\" content=\"article\" \/>\n<meta property=\"og:title\" content=\"Notre \u00e9quipe\" \/>\n<meta property=\"og:description\" content=\"Notre \u00e9quipe forme et conseille en allemand, anglais, fran\u00e7ais, espagnol, polonais, italien, portugais et hindi, entre autres.\" \/>\n<meta property=\"og:url\" content=\"https:\/\/www.imds-professional.com\/en\/our-team\/\" \/>\n<meta property=\"og:site_name\" content=\"imds-professional\" \/>\n<meta property=\"article:modified_time\" content=\"2024-04-25T14:16:44+00:00\" \/>\n<meta name=\"twitter:label1\" content=\"Dur\u00e9e de lecture estim\u00e9e\" \/>\n\t<meta name=\"twitter:data1\" content=\"2 minutes\" \/>\n<script type=\"application\/ld+json\" class=\"yoast-schema-graph\">{\"@context\":\"https:\\\/\\\/schema.org\",\"@graph\":[{\"@type\":\"WebPage\",\"@id\":\"https:\\\/\\\/www.imds-professional.com\\\/en\\\/our-team\\\/\",\"url\":\"https:\\\/\\\/www.imds-professional.com\\\/en\\\/our-team\\\/\",\"name\":\"Notre \u00e9quipe\",\"isPartOf\":{\"@id\":\"https:\\\/\\\/www.imds-professional.com\\\/#website\"},\"datePublished\":\"2021-08-19T15:31:35+00:00\",\"dateModified\":\"2024-04-25T14:16:44+00:00\",\"description\":\"Notre \u00e9quipe forme et conseille en allemand, anglais, fran\u00e7ais, espagnol, polonais, italien, portugais et hindi, entre autres.\",\"breadcrumb\":{\"@id\":\"https:\\\/\\\/www.imds-professional.com\\\/en\\\/our-team\\\/#breadcrumb\"},\"inLanguage\":\"fr-FR\",\"potentialAction\":[{\"@type\":\"ReadAction\",\"target\":[\"https:\\\/\\\/www.imds-professional.com\\\/en\\\/our-team\\\/\"]}]},{\"@type\":\"BreadcrumbList\",\"@id\":\"https:\\\/\\\/www.imds-professional.com\\\/en\\\/our-team\\\/#breadcrumb\",\"itemListElement\":[{\"@type\":\"ListItem\",\"position\":1,\"name\":\"Startseite\",\"item\":\"https:\\\/\\\/www.imds-professional.com\\\/en\\\/\"},{\"@type\":\"ListItem\",\"position\":2,\"name\":\"Notre \u00e9quipe\"}]},{\"@type\":\"WebSite\",\"@id\":\"https:\\\/\\\/www.imds-professional.com\\\/#website\",\"url\":\"https:\\\/\\\/www.imds-professional.com\\\/\",\"name\":\"imds-professional\",\"description\":\"Demo Seite f\u00fcr ein Projekt, nicht l\u00f6schen!!! \",\"publisher\":{\"@id\":\"https:\\\/\\\/www.imds-professional.com\\\/#organization\"},\"potentialAction\":[{\"@type\":\"SearchAction\",\"target\":{\"@type\":\"EntryPoint\",\"urlTemplate\":\"https:\\\/\\\/www.imds-professional.com\\\/?s={search_term_string}\"},\"query-input\":{\"@type\":\"PropertyValueSpecification\",\"valueRequired\":true,\"valueName\":\"search_term_string\"}}],\"inLanguage\":\"fr-FR\"},{\"@type\":\"Organization\",\"@id\":\"https:\\\/\\\/www.imds-professional.com\\\/#organization\",\"name\":\"imds professional GmbH & Co. KG\",\"url\":\"https:\\\/\\\/www.imds-professional.com\\\/\",\"logo\":{\"@type\":\"ImageObject\",\"inLanguage\":\"fr-FR\",\"@id\":\"https:\\\/\\\/www.imds-professional.com\\\/#\\\/schema\\\/logo\\\/image\\\/\",\"url\":\"https:\\\/\\\/www.imds-professional.com\\\/wp-content\\\/uploads\\\/2021\\\/06\\\/Logo-TransparentHeader.png\",\"contentUrl\":\"https:\\\/\\\/www.imds-professional.com\\\/wp-content\\\/uploads\\\/2021\\\/06\\\/Logo-TransparentHeader.png\",\"width\":5012,\"height\":2111,\"caption\":\"imds professional GmbH & Co. KG\"},\"image\":{\"@id\":\"https:\\\/\\\/www.imds-professional.com\\\/#\\\/schema\\\/logo\\\/image\\\/\"}}]}<\/script>\n<!-- \/ Yoast SEO plugin. -->","yoast_head_json":{"title":"Notre \u00e9quipe","description":"Notre \u00e9quipe forme et conseille en allemand, anglais, fran\u00e7ais, espagnol, polonais, italien, portugais et hindi, entre autres.","robots":{"index":"index","follow":"follow","max-snippet":"max-snippet:-1","max-image-preview":"max-image-preview:large","max-video-preview":"max-video-preview:-1"},"canonical":"https:\/\/www.imds-professional.com\/en\/our-team\/","og_locale":"fr_FR","og_type":"article","og_title":"Notre \u00e9quipe","og_description":"Notre \u00e9quipe forme et conseille en allemand, anglais, fran\u00e7ais, espagnol, polonais, italien, portugais et hindi, entre autres.","og_url":"https:\/\/www.imds-professional.com\/en\/our-team\/","og_site_name":"imds-professional","article_modified_time":"2024-04-25T14:16:44+00:00","twitter_misc":{"Dur\u00e9e de lecture estim\u00e9e":"2 minutes"},"schema":{"@context":"https:\/\/schema.org","@graph":[{"@type":"WebPage","@id":"https:\/\/www.imds-professional.com\/en\/our-team\/","url":"https:\/\/www.imds-professional.com\/en\/our-team\/","name":"Notre \u00e9quipe","isPartOf":{"@id":"https:\/\/www.imds-professional.com\/#website"},"datePublished":"2021-08-19T15:31:35+00:00","dateModified":"2024-04-25T14:16:44+00:00","description":"Notre \u00e9quipe forme et conseille en allemand, anglais, fran\u00e7ais, espagnol, polonais, italien, portugais et hindi, entre autres.","breadcrumb":{"@id":"https:\/\/www.imds-professional.com\/en\/our-team\/#breadcrumb"},"inLanguage":"fr-FR","potentialAction":[{"@type":"ReadAction","target":["https:\/\/www.imds-professional.com\/en\/our-team\/"]}]},{"@type":"BreadcrumbList","@id":"https:\/\/www.imds-professional.com\/en\/our-team\/#breadcrumb","itemListElement":[{"@type":"ListItem","position":1,"name":"Startseite","item":"https:\/\/www.imds-professional.com\/en\/"},{"@type":"ListItem","position":2,"name":"Notre \u00e9quipe"}]},{"@type":"WebSite","@id":"https:\/\/www.imds-professional.com\/#website","url":"https:\/\/www.imds-professional.com\/","name":"imds-professional","description":"Demo Seite f\u00fcr ein Projekt, nicht l\u00f6schen!!! ","publisher":{"@id":"https:\/\/www.imds-professional.com\/#organization"},"potentialAction":[{"@type":"SearchAction","target":{"@type":"EntryPoint","urlTemplate":"https:\/\/www.imds-professional.com\/?s={search_term_string}"},"query-input":{"@type":"PropertyValueSpecification","valueRequired":true,"valueName":"search_term_string"}}],"inLanguage":"fr-FR"},{"@type":"Organization","@id":"https:\/\/www.imds-professional.com\/#organization","name":"imds professional GmbH & Co. KG","url":"https:\/\/www.imds-professional.com\/","logo":{"@type":"ImageObject","inLanguage":"fr-FR","@id":"https:\/\/www.imds-professional.com\/#\/schema\/logo\/image\/","url":"https:\/\/www.imds-professional.com\/wp-content\/uploads\/2021\/06\/Logo-TransparentHeader.png","contentUrl":"https:\/\/www.imds-professional.com\/wp-content\/uploads\/2021\/06\/Logo-TransparentHeader.png","width":5012,"height":2111,"caption":"imds professional GmbH & Co. KG"},"image":{"@id":"https:\/\/www.imds-professional.com\/#\/schema\/logo\/image\/"}}]}},"_links":{"self":[{"href":"https:\/\/www.imds-professional.com\/fr\/wp-json\/wp\/v2\/pages\/21229","targetHints":{"allow":["GET"]}}],"collection":[{"href":"https:\/\/www.imds-professional.com\/fr\/wp-json\/wp\/v2\/pages"}],"about":[{"href":"https:\/\/www.imds-professional.com\/fr\/wp-json\/wp\/v2\/types\/page"}],"author":[{"embeddable":true,"href":"https:\/\/www.imds-professional.com\/fr\/wp-json\/wp\/v2\/users\/4"}],"replies":[{"embeddable":true,"href":"https:\/\/www.imds-professional.com\/fr\/wp-json\/wp\/v2\/comments?post=21229"}],"version-history":[{"count":0,"href":"https:\/\/www.imds-professional.com\/fr\/wp-json\/wp\/v2\/pages\/21229\/revisions"}],"wp:attachment":[{"href":"https:\/\/www.imds-professional.com\/fr\/wp-json\/wp\/v2\/media?parent=21229"}],"curies":[{"name":"wp","href":"https:\/\/api.w.org\/{rel}","templated":true}]}}