{"id":22301,"date":"2021-06-14T09:21:26","date_gmt":"2021-06-14T07:21:26","guid":{"rendered":"https:\/\/www.imds-professional.com\/mentions-legales\/"},"modified":"2026-02-10T08:33:23","modified_gmt":"2026-02-10T07:33:23","slug":"mentions-legales","status":"publish","type":"page","link":"https:\/\/www.imds-professional.com\/fr\/mentions-legales\/","title":{"rendered":"Mentions l\u00e9gales"},"content":{"rendered":"\t\t<div data-elementor-type=\"wp-page\" data-elementor-id=\"22301\" class=\"elementor elementor-22301 elementor-3393\" data-elementor-post-type=\"page\">\n\t\t\t\t\t\t<section class=\"elementor-section elementor-top-section elementor-element elementor-element-89fac03 elementor-section-content-middle elementor-reverse-mobile elementor-section-height-min-height elementor-section-boxed elementor-section-height-default elementor-section-items-middle\" data-id=\"89fac03\" data-element_type=\"section\" data-e-type=\"section\" data-settings=\"{&quot;background_background&quot;:&quot;classic&quot;}\">\n\t\t\t\t\t\t\t<div class=\"elementor-background-overlay\"><\/div>\n\t\t\t\t\t\t\t<div class=\"elementor-container elementor-column-gap-wider\">\n\t\t\t\t\t<div class=\"elementor-column elementor-col-50 elementor-top-column elementor-element elementor-element-658e976\" data-id=\"658e976\" data-element_type=\"column\" data-e-type=\"column\" data-settings=\"{&quot;background_background&quot;:&quot;classic&quot;}\">\n\t\t\t<div class=\"elementor-widget-wrap elementor-element-populated\">\n\t\t\t\t\t\t<section class=\"elementor-section elementor-inner-section elementor-element elementor-element-37be3bb elementor-section-content-middle elementor-reverse-mobile elementor-section-boxed elementor-section-height-default elementor-section-height-default elementor-invisible\" data-id=\"37be3bb\" data-element_type=\"section\" data-e-type=\"section\" data-settings=\"{&quot;animation&quot;:&quot;fadeInUp&quot;}\">\n\t\t\t\t\t\t<div class=\"elementor-container elementor-column-gap-default\">\n\t\t\t\t\t<div class=\"elementor-column elementor-col-100 elementor-inner-column elementor-element elementor-element-8d5173b\" data-id=\"8d5173b\" data-element_type=\"column\" data-e-type=\"column\">\n\t\t\t<div class=\"elementor-widget-wrap elementor-element-populated\">\n\t\t\t\t\t\t<div class=\"elementor-element elementor-element-c67980f elementor-widget elementor-widget-heading\" data-id=\"c67980f\" data-element_type=\"widget\" data-e-type=\"widget\" data-widget_type=\"heading.default\">\n\t\t\t\t<div class=\"elementor-widget-container\">\n\t\t\t\t\t<h3 class=\"elementor-heading-title elementor-size-default\">imds professional GmbH &amp; Co. KG <\/h3>\t\t\t\t<\/div>\n\t\t\t\t<\/div>\n\t\t\t\t<div class=\"elementor-element elementor-element-9cfefda elementor-widget-divider--view-line elementor-widget elementor-widget-divider\" data-id=\"9cfefda\" data-element_type=\"widget\" data-e-type=\"widget\" data-widget_type=\"divider.default\">\n\t\t\t\t<div class=\"elementor-widget-container\">\n\t\t\t\t\t\t\t<div class=\"elementor-divider\">\n\t\t\t<span class=\"elementor-divider-separator\">\n\t\t\t\t\t\t<\/span>\n\t\t<\/div>\n\t\t\t\t\t\t<\/div>\n\t\t\t\t<\/div>\n\t\t\t\t\t<\/div>\n\t\t<\/div>\n\t\t\t\t\t<\/div>\n\t\t<\/section>\n\t\t\t\t<div class=\"elementor-element elementor-element-af247de animated-slow elementor-invisible elementor-widget elementor-widget-heading\" data-id=\"af247de\" data-element_type=\"widget\" data-e-type=\"widget\" data-settings=\"{&quot;_animation&quot;:&quot;fadeInUp&quot;,&quot;_animation_delay&quot;:100}\" data-widget_type=\"heading.default\">\n\t\t\t\t<div class=\"elementor-widget-container\">\n\t\t\t\t\t<h1 class=\"elementor-heading-title elementor-size-default\"><b>Mentions l\u00e9gales<\/b><\/h1>\t\t\t\t<\/div>\n\t\t\t\t<\/div>\n\t\t\t\t<div class=\"elementor-element elementor-element-1facff3 elementor-align-left elementor-mobile-align-center elementor-widget elementor-widget-button\" data-id=\"1facff3\" data-element_type=\"widget\" data-e-type=\"widget\" data-widget_type=\"button.default\">\n\t\t\t\t<div class=\"elementor-widget-container\">\n\t\t\t\t\t\t\t\t\t<div class=\"elementor-button-wrapper\">\n\t\t\t\t\t<a class=\"elementor-button elementor-button-link elementor-size-sm elementor-animation-float\" href=\"https:\/\/www.imds-professional.com\/fr\/protection-des-donnees\/\">\n\t\t\t\t\t\t<span class=\"elementor-button-content-wrapper\">\n\t\t\t\t\t\t<span class=\"elementor-button-icon\">\n\t\t\t\t<svg xmlns=\"http:\/\/www.w3.org\/2000\/svg\" id=\"b385ca18-4b85-46d4-bb4b-571c73a19812\" data-name=\"b922a425-e5e0-4ef1-881c-5748460fd139\" viewBox=\"0 0 30.125 18.1738\"><title>arrow-icon-size3<\/title><path d=\"M29.75,9.3948,21.5281,1.1735a.8479.8479,0,0,0-.601-.261L20.9124.9119a.8526.8526,0,0,0-.5956.2409.8642.8642,0,0,0-.0027,1.23l6.7618,6.7611H.7316a.8566.8566,0,1,0,0,1.7131H27.0759l-6.7591,6.7591a.8576.8576,0,0,0-.0214,1.2113.8462.8462,0,0,0,.61.2583.8949.8949,0,0,0,.621-.2556l8.2233-8.224A.8587.8587,0,0,0,29.75,9.3948Z\" transform=\"translate(0.125 -0.9119)\"><\/path><\/svg>\t\t\t<\/span>\n\t\t\t\t\t\t\t\t\t<span class=\"elementor-button-text\">Protection des donn\u00e9es<\/span>\n\t\t\t\t\t<\/span>\n\t\t\t\t\t<\/a>\n\t\t\t\t<\/div>\n\t\t\t\t\t\t\t\t<\/div>\n\t\t\t\t<\/div>\n\t\t\t\t\t<\/div>\n\t\t<\/div>\n\t\t\t\t<div class=\"elementor-column elementor-col-50 elementor-top-column elementor-element elementor-element-2792dc2\" data-id=\"2792dc2\" data-element_type=\"column\" data-e-type=\"column\">\n\t\t\t<div class=\"elementor-widget-wrap elementor-element-populated\">\n\t\t\t\t\t\t<div class=\"elementor-element elementor-element-49a49ce animated-slow elementor-invisible elementor-widget elementor-widget-image\" data-id=\"49a49ce\" data-element_type=\"widget\" data-e-type=\"widget\" data-settings=\"{&quot;_animation&quot;:&quot;fadeInUp&quot;,&quot;_animation_delay&quot;:200}\" data-widget_type=\"image.default\">\n\t\t\t\t<div class=\"elementor-widget-container\">\n\t\t\t\t\t\t\t\t\t\t\t\t\t\t\t<img decoding=\"async\" src=\"https:\/\/www.imds-professional.com\/wp-content\/uploads\/elementor\/thumbs\/Puma-ohne-Logo-1-1-pklbgav612s2qotg28v74rlvszbdok43flxkt0egkk.jpg\" title=\"Puma-ohne-Logo (1)\" alt=\"imds professional startseite puma, A propos de nous,Conformit\u00e9 des mat\u00e9riaux et des produits FR\" loading=\"lazy\" \/>\t\t\t\t\t\t\t\t\t\t\t\t\t\t\t<\/div>\n\t\t\t\t<\/div>\n\t\t\t\t\t<\/div>\n\t\t<\/div>\n\t\t\t\t\t<\/div>\n\t\t<\/section>\n\t\t\t\t<section class=\"elementor-section elementor-top-section elementor-element elementor-element-73a50f3 elementor-section-boxed elementor-section-height-default elementor-section-height-default\" data-id=\"73a50f3\" data-element_type=\"section\" data-e-type=\"section\">\n\t\t\t\t\t\t<div class=\"elementor-container elementor-column-gap-default\">\n\t\t\t\t\t<div class=\"elementor-column elementor-col-100 elementor-top-column elementor-element elementor-element-8fdeeb9\" data-id=\"8fdeeb9\" data-element_type=\"column\" data-e-type=\"column\">\n\t\t\t<div class=\"elementor-widget-wrap elementor-element-populated\">\n\t\t\t\t\t\t<div class=\"elementor-element elementor-element-845cff3 elementor-widget elementor-widget-spacer\" data-id=\"845cff3\" data-element_type=\"widget\" data-e-type=\"widget\" data-widget_type=\"spacer.default\">\n\t\t\t\t<div class=\"elementor-widget-container\">\n\t\t\t\t\t\t\t<div class=\"elementor-spacer\">\n\t\t\t<div class=\"elementor-spacer-inner\"><\/div>\n\t\t<\/div>\n\t\t\t\t\t\t<\/div>\n\t\t\t\t<\/div>\n\t\t\t\t<div class=\"elementor-element elementor-element-187247c elementor-widget elementor-widget-text-editor\" data-id=\"187247c\" data-element_type=\"widget\" data-e-type=\"widget\" data-widget_type=\"text-editor.default\">\n\t\t\t\t<div class=\"elementor-widget-container\">\n\t\t\t\t\t\t\t\t\t<p>La soci\u00e9t\u00e9 imds professional GmbH &amp; Co. KG est un fournisseur de formation, de conseil et de services pour la conformit\u00e9 environnementale des produits dans le monde entier.<\/p>\n<p>imds professional GmbH &amp; Co. KG<\/p>\n<p>Waschweg 3<br \/>61276 Weilrod \/Allemagne<\/p>\n<p>T\u00e9l. : +49-6083-9130-30<br \/>T\u00e9l\u00e9copieur : +49-6083-9130-930<br \/>E-mail : info(at)imds-professional.com<br \/>Internet : www.imds-professional.com<\/p>\n<p>Direction : Heide Teubert<br \/>Si\u00e8ge de la soci\u00e9t\u00e9 : Weilrod<br \/>Tribunal d&rsquo;instance de K\u00f6nigstein : HRA 104787<br \/>N\u00b0 de TVA intracommunautaire conform\u00e9ment au \u00a727 a de la loi sur la TVA : DE 249 46 47 59<br \/>N\u00b0 DUNS : 50-711-8821<\/p>\n<p>Coordonn\u00e9es bancaires :<br \/>Commerzbank<br \/>IBAN : DE91 5004 0000 0122 2900 00<br \/>BIC : COBADEFFXXX<\/p>\n<p>Information de configuration du vendeur (PDF)<\/p>\n<p>Associ\u00e9 commandit\u00e9 : imds professional Verwaltungs GmbH<br \/>Waschweg 3<br \/>61276 Weilrod (Allemagne)<br \/>Tribunal d&rsquo;instance K\u00f6nigstein<br \/>HRB 8769<\/p>\n<p>Le serveur pour ces pages web se trouve \u00e0 Weilrod, Allemagne.<\/p>\n<p>Responsable du contenu r\u00e9dactionnel conform\u00e9ment au \u00a7 10 alin\u00e9a 3 MDStV :<br \/>imds professional GmbH &amp; Co. KG &#8211; D\u00e9partement Marketing, adresse comme ci-dessus<\/p>\n<p>Ces mentions l\u00e9gales s&rsquo;appliquent \u00e9galement \u00e0 notre pr\u00e9sence sur les m\u00e9dias sociaux (LinkedIn, Youtube).<\/p>\n<p><strong>Mentions l\u00e9gales<\/strong><\/p>\n<p>L&rsquo;entreprise imds professional v\u00e9rifie et actualise en permanence les informations figurant sur ses pages web. Malgr\u00e9 tout le soin apport\u00e9, les donn\u00e9es peuvent avoir chang\u00e9 entre-temps. Une responsabilit\u00e9 ou une garantie pour l&rsquo;actualit\u00e9, l&rsquo;exactitude et l&rsquo;int\u00e9gralit\u00e9 des informations mises \u00e0 disposition ne peut donc pas \u00eatre assum\u00e9e. Il en va de m\u00eame pour tous les autres sites web auxquels il est fait r\u00e9f\u00e9rence au moyen d&rsquo;un lien hypertexte. imds professional n&rsquo;est pas responsable du contenu des sites web auxquels il est fait r\u00e9f\u00e9rence sur la base d&rsquo;un tel lien.<\/p>\n<p>En outre, imds professional se r\u00e9serve le droit de modifier ou de compl\u00e9ter les informations mises \u00e0 disposition. Le contenu et la structure des pages web d&rsquo;imds professional sont prot\u00e9g\u00e9s par les droits d&rsquo;auteur. La reproduction d&rsquo;informations ou de donn\u00e9es, en particulier l&rsquo;utilisation de textes, de parties de textes ou d&rsquo;images, n\u00e9cessite l&rsquo;accord pr\u00e9alable d&rsquo;imds professional.<\/p>\n<p>Tous les droits de marque \u00e9ventuellement prot\u00e9g\u00e9s par le droit d&rsquo;auteur mentionn\u00e9s ici restent la propri\u00e9t\u00e9 des auteurs et des d\u00e9tenteurs des droits.<\/p>\n<p>Outre les images achet\u00e9es aupr\u00e8s <a href=\"https:\/\/www.istockphoto.com\/de\" target=\"_blank\" rel=\"noopener\">d&rsquo;iStock<\/a> et <a href=\"https:\/\/stock.adobe.com\/de\" target=\"_blank\" rel=\"noopener\">d&rsquo;Adobe<\/a>, nous utilisons des images libres de droits provenant de <a href=\"https:\/\/pixabay.com\/de\/\" target=\"_blank\" rel=\"noopener\">pixabay<\/a> et <a href=\"https:\/\/pixelio.net\/de\/\" target=\"_blank\" rel=\"noopener\">pixelio<\/a>, ainsi que des images g\u00e9n\u00e9r\u00e9es par IA.<\/p>\n<p><strong>Cookies<\/strong><\/p>\n<p>Les cookies sont des fichiers texte qui sont automatiquement d\u00e9pos\u00e9s localement dans le navigateur du visiteur lorsqu&rsquo;il consulte un site web. Ce site web utilise des cookies afin de rendre l&rsquo;offre plus conviviale et fonctionnelle. Gr\u00e2ce \u00e0 ces fichiers, il est par exemple possible d&rsquo;afficher sur une page des informations adapt\u00e9es aux int\u00e9r\u00eats individuels. L&rsquo;utilisation de cookies permet \u00e9galement d&rsquo;assurer des fonctions de s\u00e9curit\u00e9 pour prot\u00e9ger votre vie priv\u00e9e. L&rsquo;objectif exclusif est donc d&rsquo;adapter au mieux notre offre aux souhaits de nos clients et de rendre l&rsquo;utilisation du site aussi confortable que possible. Avec l&rsquo;application du RGPD 2018, les webmasters sont tenus de se conformer au r\u00e8glement de base publi\u00e9 sur https:\/\/eu-datenschutz.org\/ et d&rsquo;informer leurs utilisateurs de la collecte et de l&rsquo;analyse des donn\u00e9es. La l\u00e9gitimit\u00e9 du traitement est fond\u00e9e sur le chapitre 2, article 6 du RGPD.<\/p>\n<p>Vous pouvez emp\u00eacher l&rsquo;enregistrement des cookies en configurant votre logiciel de navigation en cons\u00e9quence.<\/p>\n<p>Google Analytics<\/p>\n<p>Ce site web utilise \u00e9galement le service d&rsquo;analyse web Google Analytics, un programme de Google Inc. (\u00ab\u00a0Google, USA\u00a0\u00bb). Les informations recueillies par le tracking concernant votre utilisation de ce site web sont enregistr\u00e9es sur un serveur de Google aux \u00c9tats-Unis. Gr\u00e2ce \u00e0 ce que l&rsquo;on appelle l&rsquo;anonymisation IP, votre adresse IP est pr\u00e9alablement abr\u00e9g\u00e9e par Google dans les \u00c9tats membres de l&rsquo;Union europ\u00e9enne ou dans d&rsquo;autres \u00c9tats signataires de l&rsquo;accord sur l&rsquo;Espace \u00e9conomique europ\u00e9en. Ainsi, l&#8217;emplacement de votre navigateur peut \u00eatre attribu\u00e9 uniquement au niveau r\u00e9gional, mais pas \u00e0 votre personne. Google peut \u00e9valuer le comportement des visiteurs afin d&rsquo;\u00e9tablir des rapports sur les activit\u00e9s du site web. D&rsquo;autres services li\u00e9s \u00e0 l&rsquo;utilisation du site et d&rsquo;Internet peuvent \u00e9galement \u00eatre fournis \u00e0 l&rsquo;exploitant du site.<\/p>\n<p>Vous pouvez emp\u00eacher la saisie par Google des donn\u00e9es g\u00e9n\u00e9r\u00e9es par le cookie et relatives \u00e0 votre utilisation du site web (y compris votre adresse IP) ainsi que le traitement de ces donn\u00e9es par Google en t\u00e9l\u00e9chargeant et en installant le plug-in de navigateur disponible sous le lien suivant : Browser Add On pour la d\u00e9sactivation de Google Analytics.<\/p>\n<p>Source : le mod\u00e8le de protection des donn\u00e9es provient de http:\/\/website-tutor.com\/datenschutz\/.<\/p>\n\t\t\t\t\t\t\t\t<\/div>\n\t\t\t\t<\/div>\n\t\t\t\t\t<\/div>\n\t\t<\/div>\n\t\t\t\t\t<\/div>\n\t\t<\/section>\n\t\t\t\t<\/div>\n\t\t","protected":false},"excerpt":{"rendered":"<p>imds professional GmbH &amp; Co. KG Mentions l\u00e9gales arrow-icon-size3 Protection des donn\u00e9es La soci\u00e9t\u00e9 imds professional GmbH &amp; Co. KG est un fournisseur de formation, de conseil et de services pour la conformit\u00e9 environnementale des produits dans le monde entier. imds professional GmbH &amp; Co. KG Waschweg 361276 Weilrod \/Allemagne T\u00e9l. : +49-6083-9130-30T\u00e9l\u00e9copieur : +49-6083-9130-930E-mail [&hellip;]<\/p>\n","protected":false},"author":4,"featured_media":0,"parent":0,"menu_order":0,"comment_status":"closed","ping_status":"closed","template":"elementor_header_footer","meta":{"footnotes":""},"class_list":["post-22301","page","type-page","status-publish","hentry","entry","owp-thumbs-layout-horizontal","owp-btn-normal","owp-tabs-layout-horizontal","has-no-thumbnails","has-product-nav"],"yoast_head":"<!-- This site is optimized with the Yoast SEO plugin v27.3 - https:\/\/yoast.com\/product\/yoast-seo-wordpress\/ -->\n<title>Mentions l\u00e9gales<\/title>\n<meta name=\"description\" content=\"La soci\u00e9t\u00e9 imds professional GmbH &amp; Co. KG est un fournisseur de services pour la Product Environmental Compliance. Cliquez ici pour les mentions l\u00e9gales.\" \/>\n<meta name=\"robots\" content=\"index, follow, max-snippet:-1, max-image-preview:large, max-video-preview:-1\" \/>\n<link rel=\"canonical\" href=\"https:\/\/www.imds-professional.com\/impressum\/\" \/>\n<meta property=\"og:locale\" content=\"fr_FR\" \/>\n<meta property=\"og:type\" content=\"article\" \/>\n<meta property=\"og:title\" content=\"Mentions l\u00e9gales\" \/>\n<meta property=\"og:description\" content=\"La soci\u00e9t\u00e9 imds professional GmbH &amp; Co. KG est un fournisseur de services pour la Product Environmental Compliance. Cliquez ici pour les mentions l\u00e9gales.\" \/>\n<meta property=\"og:url\" content=\"https:\/\/www.imds-professional.com\/impressum\/\" \/>\n<meta property=\"og:site_name\" content=\"imds-professional\" \/>\n<meta property=\"article:modified_time\" content=\"2026-02-10T07:33:23+00:00\" \/>\n<meta property=\"og:image\" content=\"https:\/\/www.imds-professional.com\/wp-content\/uploads\/elementor\/thumbs\/Puma-ohne-Logo-1-1-pklbgav612s2qotg28v74rlvszbdok43flxkt0egkk.jpg\" \/>\n<meta name=\"twitter:label1\" content=\"Dur\u00e9e de lecture estim\u00e9e\" \/>\n\t<meta name=\"twitter:data1\" content=\"4 minutes\" \/>\n<script type=\"application\/ld+json\" class=\"yoast-schema-graph\">{\"@context\":\"https:\\\/\\\/schema.org\",\"@graph\":[{\"@type\":\"WebPage\",\"@id\":\"https:\\\/\\\/www.imds-professional.com\\\/impressum\\\/\",\"url\":\"https:\\\/\\\/www.imds-professional.com\\\/impressum\\\/\",\"name\":\"Mentions l\u00e9gales\",\"isPartOf\":{\"@id\":\"https:\\\/\\\/www.imds-professional.com\\\/#website\"},\"primaryImageOfPage\":{\"@id\":\"https:\\\/\\\/www.imds-professional.com\\\/impressum\\\/#primaryimage\"},\"image\":{\"@id\":\"https:\\\/\\\/www.imds-professional.com\\\/impressum\\\/#primaryimage\"},\"thumbnailUrl\":\"https:\\\/\\\/www.imds-professional.com\\\/wp-content\\\/uploads\\\/elementor\\\/thumbs\\\/Puma-ohne-Logo-1-1-pklbgav612s2qotg28v74rlvszbdok43flxkt0egkk.jpg\",\"datePublished\":\"2021-06-14T07:21:26+00:00\",\"dateModified\":\"2026-02-10T07:33:23+00:00\",\"description\":\"La soci\u00e9t\u00e9 imds professional GmbH & Co. KG est un fournisseur de services pour la Product Environmental Compliance. Cliquez ici pour les mentions l\u00e9gales.\",\"breadcrumb\":{\"@id\":\"https:\\\/\\\/www.imds-professional.com\\\/impressum\\\/#breadcrumb\"},\"inLanguage\":\"fr-FR\",\"potentialAction\":[{\"@type\":\"ReadAction\",\"target\":[\"https:\\\/\\\/www.imds-professional.com\\\/impressum\\\/\"]}]},{\"@type\":\"ImageObject\",\"inLanguage\":\"fr-FR\",\"@id\":\"https:\\\/\\\/www.imds-professional.com\\\/impressum\\\/#primaryimage\",\"url\":\"https:\\\/\\\/www.imds-professional.com\\\/wp-content\\\/uploads\\\/elementor\\\/thumbs\\\/Puma-ohne-Logo-1-1-pklbgav612s2qotg28v74rlvszbdok43flxkt0egkk.jpg\",\"contentUrl\":\"https:\\\/\\\/www.imds-professional.com\\\/wp-content\\\/uploads\\\/elementor\\\/thumbs\\\/Puma-ohne-Logo-1-1-pklbgav612s2qotg28v74rlvszbdok43flxkt0egkk.jpg\"},{\"@type\":\"BreadcrumbList\",\"@id\":\"https:\\\/\\\/www.imds-professional.com\\\/impressum\\\/#breadcrumb\",\"itemListElement\":[{\"@type\":\"ListItem\",\"position\":1,\"name\":\"Startseite\",\"item\":\"https:\\\/\\\/www.imds-professional.com\\\/en\\\/\"},{\"@type\":\"ListItem\",\"position\":2,\"name\":\"Mentions l\u00e9gales\"}]},{\"@type\":\"WebSite\",\"@id\":\"https:\\\/\\\/www.imds-professional.com\\\/#website\",\"url\":\"https:\\\/\\\/www.imds-professional.com\\\/\",\"name\":\"imds-professional\",\"description\":\"Demo Seite f\u00fcr ein Projekt, nicht l\u00f6schen!!! \",\"publisher\":{\"@id\":\"https:\\\/\\\/www.imds-professional.com\\\/#organization\"},\"potentialAction\":[{\"@type\":\"SearchAction\",\"target\":{\"@type\":\"EntryPoint\",\"urlTemplate\":\"https:\\\/\\\/www.imds-professional.com\\\/?s={search_term_string}\"},\"query-input\":{\"@type\":\"PropertyValueSpecification\",\"valueRequired\":true,\"valueName\":\"search_term_string\"}}],\"inLanguage\":\"fr-FR\"},{\"@type\":\"Organization\",\"@id\":\"https:\\\/\\\/www.imds-professional.com\\\/#organization\",\"name\":\"imds professional GmbH & Co. KG\",\"url\":\"https:\\\/\\\/www.imds-professional.com\\\/\",\"logo\":{\"@type\":\"ImageObject\",\"inLanguage\":\"fr-FR\",\"@id\":\"https:\\\/\\\/www.imds-professional.com\\\/#\\\/schema\\\/logo\\\/image\\\/\",\"url\":\"https:\\\/\\\/www.imds-professional.com\\\/wp-content\\\/uploads\\\/2021\\\/06\\\/Logo-TransparentHeader.png\",\"contentUrl\":\"https:\\\/\\\/www.imds-professional.com\\\/wp-content\\\/uploads\\\/2021\\\/06\\\/Logo-TransparentHeader.png\",\"width\":5012,\"height\":2111,\"caption\":\"imds professional GmbH & Co. KG\"},\"image\":{\"@id\":\"https:\\\/\\\/www.imds-professional.com\\\/#\\\/schema\\\/logo\\\/image\\\/\"}}]}<\/script>\n<!-- \/ Yoast SEO plugin. -->","yoast_head_json":{"title":"Mentions l\u00e9gales","description":"La soci\u00e9t\u00e9 imds professional GmbH & Co. KG est un fournisseur de services pour la Product Environmental Compliance. Cliquez ici pour les mentions l\u00e9gales.","robots":{"index":"index","follow":"follow","max-snippet":"max-snippet:-1","max-image-preview":"max-image-preview:large","max-video-preview":"max-video-preview:-1"},"canonical":"https:\/\/www.imds-professional.com\/impressum\/","og_locale":"fr_FR","og_type":"article","og_title":"Mentions l\u00e9gales","og_description":"La soci\u00e9t\u00e9 imds professional GmbH & Co. KG est un fournisseur de services pour la Product Environmental Compliance. Cliquez ici pour les mentions l\u00e9gales.","og_url":"https:\/\/www.imds-professional.com\/impressum\/","og_site_name":"imds-professional","article_modified_time":"2026-02-10T07:33:23+00:00","og_image":[{"url":"https:\/\/www.imds-professional.com\/wp-content\/uploads\/elementor\/thumbs\/Puma-ohne-Logo-1-1-pklbgav612s2qotg28v74rlvszbdok43flxkt0egkk.jpg","type":"","width":"","height":""}],"twitter_misc":{"Dur\u00e9e de lecture estim\u00e9e":"4 minutes"},"schema":{"@context":"https:\/\/schema.org","@graph":[{"@type":"WebPage","@id":"https:\/\/www.imds-professional.com\/impressum\/","url":"https:\/\/www.imds-professional.com\/impressum\/","name":"Mentions l\u00e9gales","isPartOf":{"@id":"https:\/\/www.imds-professional.com\/#website"},"primaryImageOfPage":{"@id":"https:\/\/www.imds-professional.com\/impressum\/#primaryimage"},"image":{"@id":"https:\/\/www.imds-professional.com\/impressum\/#primaryimage"},"thumbnailUrl":"https:\/\/www.imds-professional.com\/wp-content\/uploads\/elementor\/thumbs\/Puma-ohne-Logo-1-1-pklbgav612s2qotg28v74rlvszbdok43flxkt0egkk.jpg","datePublished":"2021-06-14T07:21:26+00:00","dateModified":"2026-02-10T07:33:23+00:00","description":"La soci\u00e9t\u00e9 imds professional GmbH & Co. KG est un fournisseur de services pour la Product Environmental Compliance. Cliquez ici pour les mentions l\u00e9gales.","breadcrumb":{"@id":"https:\/\/www.imds-professional.com\/impressum\/#breadcrumb"},"inLanguage":"fr-FR","potentialAction":[{"@type":"ReadAction","target":["https:\/\/www.imds-professional.com\/impressum\/"]}]},{"@type":"ImageObject","inLanguage":"fr-FR","@id":"https:\/\/www.imds-professional.com\/impressum\/#primaryimage","url":"https:\/\/www.imds-professional.com\/wp-content\/uploads\/elementor\/thumbs\/Puma-ohne-Logo-1-1-pklbgav612s2qotg28v74rlvszbdok43flxkt0egkk.jpg","contentUrl":"https:\/\/www.imds-professional.com\/wp-content\/uploads\/elementor\/thumbs\/Puma-ohne-Logo-1-1-pklbgav612s2qotg28v74rlvszbdok43flxkt0egkk.jpg"},{"@type":"BreadcrumbList","@id":"https:\/\/www.imds-professional.com\/impressum\/#breadcrumb","itemListElement":[{"@type":"ListItem","position":1,"name":"Startseite","item":"https:\/\/www.imds-professional.com\/en\/"},{"@type":"ListItem","position":2,"name":"Mentions l\u00e9gales"}]},{"@type":"WebSite","@id":"https:\/\/www.imds-professional.com\/#website","url":"https:\/\/www.imds-professional.com\/","name":"imds-professional","description":"Demo Seite f\u00fcr ein Projekt, nicht l\u00f6schen!!! ","publisher":{"@id":"https:\/\/www.imds-professional.com\/#organization"},"potentialAction":[{"@type":"SearchAction","target":{"@type":"EntryPoint","urlTemplate":"https:\/\/www.imds-professional.com\/?s={search_term_string}"},"query-input":{"@type":"PropertyValueSpecification","valueRequired":true,"valueName":"search_term_string"}}],"inLanguage":"fr-FR"},{"@type":"Organization","@id":"https:\/\/www.imds-professional.com\/#organization","name":"imds professional GmbH & Co. KG","url":"https:\/\/www.imds-professional.com\/","logo":{"@type":"ImageObject","inLanguage":"fr-FR","@id":"https:\/\/www.imds-professional.com\/#\/schema\/logo\/image\/","url":"https:\/\/www.imds-professional.com\/wp-content\/uploads\/2021\/06\/Logo-TransparentHeader.png","contentUrl":"https:\/\/www.imds-professional.com\/wp-content\/uploads\/2021\/06\/Logo-TransparentHeader.png","width":5012,"height":2111,"caption":"imds professional GmbH & Co. KG"},"image":{"@id":"https:\/\/www.imds-professional.com\/#\/schema\/logo\/image\/"}}]}},"_links":{"self":[{"href":"https:\/\/www.imds-professional.com\/fr\/wp-json\/wp\/v2\/pages\/22301","targetHints":{"allow":["GET"]}}],"collection":[{"href":"https:\/\/www.imds-professional.com\/fr\/wp-json\/wp\/v2\/pages"}],"about":[{"href":"https:\/\/www.imds-professional.com\/fr\/wp-json\/wp\/v2\/types\/page"}],"author":[{"embeddable":true,"href":"https:\/\/www.imds-professional.com\/fr\/wp-json\/wp\/v2\/users\/4"}],"replies":[{"embeddable":true,"href":"https:\/\/www.imds-professional.com\/fr\/wp-json\/wp\/v2\/comments?post=22301"}],"version-history":[{"count":2,"href":"https:\/\/www.imds-professional.com\/fr\/wp-json\/wp\/v2\/pages\/22301\/revisions"}],"predecessor-version":[{"id":71121,"href":"https:\/\/www.imds-professional.com\/fr\/wp-json\/wp\/v2\/pages\/22301\/revisions\/71121"}],"wp:attachment":[{"href":"https:\/\/www.imds-professional.com\/fr\/wp-json\/wp\/v2\/media?parent=22301"}],"curies":[{"name":"wp","href":"https:\/\/api.w.org\/{rel}","templated":true}]}}