{"id":25951,"date":"2021-08-27T13:58:40","date_gmt":"2021-08-27T11:58:40","guid":{"rendered":"https:\/\/www.imds-professional.com\/controle-du-systeme\/"},"modified":"2024-01-17T09:04:02","modified_gmt":"2024-01-17T08:04:02","slug":"controle-du-systeme","status":"publish","type":"page","link":"https:\/\/www.imds-professional.com\/fr\/controle-du-systeme\/","title":{"rendered":"Contr\u00f4le du syst\u00e8me"},"content":{"rendered":"\t\t<div data-elementor-type=\"wp-page\" data-elementor-id=\"25951\" class=\"elementor elementor-25951 elementor-7471\" data-elementor-post-type=\"page\">\n\t\t\t\t\t\t<section class=\"elementor-section elementor-top-section elementor-element elementor-element-310d797 elementor-section-boxed elementor-section-height-default elementor-section-height-default\" data-id=\"310d797\" data-element_type=\"section\" data-e-type=\"section\">\n\t\t\t\t\t\t\t<div class=\"elementor-background-overlay\"><\/div>\n\t\t\t\t\t\t\t<div class=\"elementor-container elementor-column-gap-default\">\n\t\t\t\t\t<div class=\"elementor-column elementor-col-100 elementor-top-column elementor-element elementor-element-e65e6da\" data-id=\"e65e6da\" data-element_type=\"column\" data-e-type=\"column\" data-settings=\"{&quot;background_background&quot;:&quot;classic&quot;}\">\n\t\t\t<div class=\"elementor-widget-wrap elementor-element-populated\">\n\t\t\t\t\t<div class=\"elementor-background-overlay\"><\/div>\n\t\t\t\t\t\t<div class=\"elementor-element elementor-element-1ed5679 elementor-widget-divider--view-line elementor-invisible elementor-widget elementor-widget-divider\" data-id=\"1ed5679\" data-element_type=\"widget\" data-e-type=\"widget\" data-settings=\"{&quot;_animation&quot;:&quot;fadeIn&quot;,&quot;_animation_delay&quot;:150}\" data-widget_type=\"divider.default\">\n\t\t\t\t<div class=\"elementor-widget-container\">\n\t\t\t\t\t\t\t<div class=\"elementor-divider\">\n\t\t\t<span class=\"elementor-divider-separator\">\n\t\t\t\t\t\t<\/span>\n\t\t<\/div>\n\t\t\t\t\t\t<\/div>\n\t\t\t\t<\/div>\n\t\t\t\t<div class=\"elementor-element elementor-element-59fede4 elementor-widget elementor-widget-heading\" data-id=\"59fede4\" data-element_type=\"widget\" data-e-type=\"widget\" data-widget_type=\"heading.default\">\n\t\t\t\t<div class=\"elementor-widget-container\">\n\t\t\t\t\t<h1 class=\"elementor-heading-title elementor-size-default\">Formations en ligne <b>Contr\u00f4le du syst\u00e8me<\/b><\/h1>\t\t\t\t<\/div>\n\t\t\t\t<\/div>\n\t\t\t\t<div class=\"elementor-element elementor-element-3eb63d5 elementor-widget elementor-widget-text-editor\" data-id=\"3eb63d5\" data-element_type=\"widget\" data-e-type=\"widget\" data-widget_type=\"text-editor.default\">\n\t\t\t\t<div class=\"elementor-widget-container\">\n\t\t\t\t\t\t\t\t\t<p>Cher\/ch\u00e8re participant\/e,<\/p><p>Nous sommes heureux que vous soyez int\u00e9ress\u00e9(e)\/inscrit(e) \u00e0 l&rsquo;une de nos formations en ligne.<\/p><h5>Vous avez besoin de :<\/h5><ul><li>d&rsquo;une connexion Internet stable<\/li><li>Casque ou haut-parleur et microphone<\/li><\/ul><h5>En cas de probl\u00e8mes, cela aide souvent :<\/h5><ul><li>utiliser un autre navigateur<\/li><li>v\u00e9rifier les param\u00e8tres du pare-feu<\/li><\/ul><p>En cas de doute, coordonnez-vous avec votre service informatique interne.<\/p><p><strong>En r\u00e8gle g\u00e9n\u00e9rale, nos formations se d\u00e9roulent via Microsoft Teams. Vous trouverez des instructions et des conseils techniques sur les <a href=\"https:\/\/support.microsoft.com\/fr-fr\/office\/rejoindre-une-r%C3%A9union-teams-078e9868-f1aa-4414-8bb9-ee88e9236ee4\" target=\"_blank\" rel=\"noopener\">pages officielles de Microsoft<\/a>.<\/strong><\/p><div><strong>Certaines formations se d\u00e9roulent via GoToWebinar. L\u00e0 aussi, il existe des <a href=\"https:\/\/support.goto.com\/fr\/webinar\/att-user-guide\" target=\"_blank\" rel=\"noopener\">pages d&rsquo;aide<\/a> qui expliquent tout.<\/strong><\/div><p>Si vous avez d&rsquo;autres questions ou probl\u00e8mes, nous nous tenons \u00e0 votre disposition par t\u00e9l\u00e9phone au +49 (0) 6083 \/ 91300 ou par e-mail \u00e0 <a href=\"mailto:info@imds-professional.com\">info@imds-professional.com<\/a>.<\/p>\t\t\t\t\t\t\t\t<\/div>\n\t\t\t\t<\/div>\n\t\t\t\t\t<\/div>\n\t\t<\/div>\n\t\t\t\t\t<\/div>\n\t\t<\/section>\n\t\t\t\t<\/div>\n\t\t","protected":false},"excerpt":{"rendered":"<p>Formations en ligne Contr\u00f4le du syst\u00e8me Cher\/ch\u00e8re participant\/e, Nous sommes heureux que vous soyez int\u00e9ress\u00e9(e)\/inscrit(e) \u00e0 l&rsquo;une de nos formations en ligne. Vous avez besoin de : d&rsquo;une connexion Internet stable Casque ou haut-parleur et microphone En cas de probl\u00e8mes, cela aide souvent : utiliser un autre navigateur v\u00e9rifier les param\u00e8tres du pare-feu En cas [&hellip;]<\/p>\n","protected":false},"author":4,"featured_media":0,"parent":0,"menu_order":0,"comment_status":"closed","ping_status":"closed","template":"elementor_header_footer","meta":{"footnotes":""},"class_list":["post-25951","page","type-page","status-publish","hentry","entry","owp-thumbs-layout-horizontal","owp-btn-normal","owp-tabs-layout-horizontal","has-no-thumbnails","has-product-nav"],"yoast_head":"<!-- This site is optimized with the Yoast SEO plugin v27.2 - https:\/\/yoast.com\/product\/yoast-seo-wordpress\/ -->\n<title>Contr\u00f4le du syst\u00e8me<\/title>\n<meta name=\"description\" content=\"Vous pouvez v\u00e9rifier ici si votre syst\u00e8me remplit toutes les conditions pour participer \u00e0 nos formations.\" \/>\n<meta name=\"robots\" content=\"index, follow, max-snippet:-1, max-image-preview:large, max-video-preview:-1\" \/>\n<link rel=\"canonical\" href=\"https:\/\/www.imds-professional.com\/fr\/controle-du-systeme\/\" \/>\n<meta property=\"og:locale\" content=\"fr_FR\" \/>\n<meta property=\"og:type\" content=\"article\" \/>\n<meta property=\"og:title\" content=\"Contr\u00f4le du syst\u00e8me\" \/>\n<meta property=\"og:description\" content=\"Vous pouvez v\u00e9rifier ici si votre syst\u00e8me remplit toutes les conditions pour participer \u00e0 nos formations.\" \/>\n<meta property=\"og:url\" content=\"https:\/\/www.imds-professional.com\/fr\/controle-du-systeme\/\" \/>\n<meta property=\"og:site_name\" content=\"imds-professional\" \/>\n<meta property=\"article:modified_time\" content=\"2024-01-17T08:04:02+00:00\" \/>\n<meta name=\"twitter:label1\" content=\"Dur\u00e9e de lecture estim\u00e9e\" \/>\n\t<meta name=\"twitter:data1\" content=\"1 minute\" \/>\n<script type=\"application\/ld+json\" class=\"yoast-schema-graph\">{\"@context\":\"https:\/\/schema.org\",\"@graph\":[{\"@type\":\"WebPage\",\"@id\":\"https:\/\/www.imds-professional.com\/fr\/controle-du-systeme\/\",\"url\":\"https:\/\/www.imds-professional.com\/fr\/controle-du-systeme\/\",\"name\":\"Contr\u00f4le du syst\u00e8me\",\"isPartOf\":{\"@id\":\"https:\/\/www.imds-professional.com\/#website\"},\"datePublished\":\"2021-08-27T11:58:40+00:00\",\"dateModified\":\"2024-01-17T08:04:02+00:00\",\"description\":\"Vous pouvez v\u00e9rifier ici si votre syst\u00e8me remplit toutes les conditions pour participer \u00e0 nos formations.\",\"breadcrumb\":{\"@id\":\"https:\/\/www.imds-professional.com\/fr\/controle-du-systeme\/#breadcrumb\"},\"inLanguage\":\"fr-FR\",\"potentialAction\":[{\"@type\":\"ReadAction\",\"target\":[\"https:\/\/www.imds-professional.com\/fr\/controle-du-systeme\/\"]}]},{\"@type\":\"BreadcrumbList\",\"@id\":\"https:\/\/www.imds-professional.com\/fr\/controle-du-systeme\/#breadcrumb\",\"itemListElement\":[{\"@type\":\"ListItem\",\"position\":1,\"name\":\"Startseite\",\"item\":\"https:\/\/www.imds-professional.com\/en\/\"},{\"@type\":\"ListItem\",\"position\":2,\"name\":\"Contr\u00f4le du syst\u00e8me\"}]},{\"@type\":\"WebSite\",\"@id\":\"https:\/\/www.imds-professional.com\/#website\",\"url\":\"https:\/\/www.imds-professional.com\/\",\"name\":\"imds-professional\",\"description\":\"Demo Seite f\u00fcr ein Projekt, nicht l\u00f6schen!!! \",\"publisher\":{\"@id\":\"https:\/\/www.imds-professional.com\/#organization\"},\"potentialAction\":[{\"@type\":\"SearchAction\",\"target\":{\"@type\":\"EntryPoint\",\"urlTemplate\":\"https:\/\/www.imds-professional.com\/?s={search_term_string}\"},\"query-input\":{\"@type\":\"PropertyValueSpecification\",\"valueRequired\":true,\"valueName\":\"search_term_string\"}}],\"inLanguage\":\"fr-FR\"},{\"@type\":\"Organization\",\"@id\":\"https:\/\/www.imds-professional.com\/#organization\",\"name\":\"imds professional GmbH & Co. KG\",\"url\":\"https:\/\/www.imds-professional.com\/\",\"logo\":{\"@type\":\"ImageObject\",\"inLanguage\":\"fr-FR\",\"@id\":\"https:\/\/www.imds-professional.com\/#\/schema\/logo\/image\/\",\"url\":\"https:\/\/www.imds-professional.com\/wp-content\/uploads\/2021\/06\/Logo-TransparentHeader.png\",\"contentUrl\":\"https:\/\/www.imds-professional.com\/wp-content\/uploads\/2021\/06\/Logo-TransparentHeader.png\",\"width\":5012,\"height\":2111,\"caption\":\"imds professional GmbH & Co. KG\"},\"image\":{\"@id\":\"https:\/\/www.imds-professional.com\/#\/schema\/logo\/image\/\"}}]}<\/script>\n<!-- \/ Yoast SEO plugin. -->","yoast_head_json":{"title":"Contr\u00f4le du syst\u00e8me","description":"Vous pouvez v\u00e9rifier ici si votre syst\u00e8me remplit toutes les conditions pour participer \u00e0 nos formations.","robots":{"index":"index","follow":"follow","max-snippet":"max-snippet:-1","max-image-preview":"max-image-preview:large","max-video-preview":"max-video-preview:-1"},"canonical":"https:\/\/www.imds-professional.com\/fr\/controle-du-systeme\/","og_locale":"fr_FR","og_type":"article","og_title":"Contr\u00f4le du syst\u00e8me","og_description":"Vous pouvez v\u00e9rifier ici si votre syst\u00e8me remplit toutes les conditions pour participer \u00e0 nos formations.","og_url":"https:\/\/www.imds-professional.com\/fr\/controle-du-systeme\/","og_site_name":"imds-professional","article_modified_time":"2024-01-17T08:04:02+00:00","twitter_misc":{"Dur\u00e9e de lecture estim\u00e9e":"1 minute"},"schema":{"@context":"https:\/\/schema.org","@graph":[{"@type":"WebPage","@id":"https:\/\/www.imds-professional.com\/fr\/controle-du-systeme\/","url":"https:\/\/www.imds-professional.com\/fr\/controle-du-systeme\/","name":"Contr\u00f4le du syst\u00e8me","isPartOf":{"@id":"https:\/\/www.imds-professional.com\/#website"},"datePublished":"2021-08-27T11:58:40+00:00","dateModified":"2024-01-17T08:04:02+00:00","description":"Vous pouvez v\u00e9rifier ici si votre syst\u00e8me remplit toutes les conditions pour participer \u00e0 nos formations.","breadcrumb":{"@id":"https:\/\/www.imds-professional.com\/fr\/controle-du-systeme\/#breadcrumb"},"inLanguage":"fr-FR","potentialAction":[{"@type":"ReadAction","target":["https:\/\/www.imds-professional.com\/fr\/controle-du-systeme\/"]}]},{"@type":"BreadcrumbList","@id":"https:\/\/www.imds-professional.com\/fr\/controle-du-systeme\/#breadcrumb","itemListElement":[{"@type":"ListItem","position":1,"name":"Startseite","item":"https:\/\/www.imds-professional.com\/en\/"},{"@type":"ListItem","position":2,"name":"Contr\u00f4le du syst\u00e8me"}]},{"@type":"WebSite","@id":"https:\/\/www.imds-professional.com\/#website","url":"https:\/\/www.imds-professional.com\/","name":"imds-professional","description":"Demo Seite f\u00fcr ein Projekt, nicht l\u00f6schen!!! ","publisher":{"@id":"https:\/\/www.imds-professional.com\/#organization"},"potentialAction":[{"@type":"SearchAction","target":{"@type":"EntryPoint","urlTemplate":"https:\/\/www.imds-professional.com\/?s={search_term_string}"},"query-input":{"@type":"PropertyValueSpecification","valueRequired":true,"valueName":"search_term_string"}}],"inLanguage":"fr-FR"},{"@type":"Organization","@id":"https:\/\/www.imds-professional.com\/#organization","name":"imds professional GmbH & Co. KG","url":"https:\/\/www.imds-professional.com\/","logo":{"@type":"ImageObject","inLanguage":"fr-FR","@id":"https:\/\/www.imds-professional.com\/#\/schema\/logo\/image\/","url":"https:\/\/www.imds-professional.com\/wp-content\/uploads\/2021\/06\/Logo-TransparentHeader.png","contentUrl":"https:\/\/www.imds-professional.com\/wp-content\/uploads\/2021\/06\/Logo-TransparentHeader.png","width":5012,"height":2111,"caption":"imds professional GmbH & Co. KG"},"image":{"@id":"https:\/\/www.imds-professional.com\/#\/schema\/logo\/image\/"}}]}},"_links":{"self":[{"href":"https:\/\/www.imds-professional.com\/fr\/wp-json\/wp\/v2\/pages\/25951","targetHints":{"allow":["GET"]}}],"collection":[{"href":"https:\/\/www.imds-professional.com\/fr\/wp-json\/wp\/v2\/pages"}],"about":[{"href":"https:\/\/www.imds-professional.com\/fr\/wp-json\/wp\/v2\/types\/page"}],"author":[{"embeddable":true,"href":"https:\/\/www.imds-professional.com\/fr\/wp-json\/wp\/v2\/users\/4"}],"replies":[{"embeddable":true,"href":"https:\/\/www.imds-professional.com\/fr\/wp-json\/wp\/v2\/comments?post=25951"}],"version-history":[{"count":0,"href":"https:\/\/www.imds-professional.com\/fr\/wp-json\/wp\/v2\/pages\/25951\/revisions"}],"wp:attachment":[{"href":"https:\/\/www.imds-professional.com\/fr\/wp-json\/wp\/v2\/media?parent=25951"}],"curies":[{"name":"wp","href":"https:\/\/api.w.org\/{rel}","templated":true}]}}