{"id":29692,"date":"2022-04-28T09:14:26","date_gmt":"2022-04-28T07:14:26","guid":{"rendered":"https:\/\/www.imds-professional.com\/?page_id=29692"},"modified":"2026-02-26T10:38:13","modified_gmt":"2026-02-26T09:38:13","slug":"imds-zertifizierung","status":"publish","type":"page","link":"https:\/\/www.imds-professional.com\/fr\/imds-zertifizierung\/","title":{"rendered":"IMDS-Zertifizierung"},"content":{"rendered":"\t\t<div data-elementor-type=\"wp-page\" data-elementor-id=\"29692\" class=\"elementor elementor-29692\" data-elementor-post-type=\"page\">\n\t\t\t\t\t\t<section class=\"elementor-section elementor-top-section elementor-element elementor-element-e19d4ad elementor-section-content-middle elementor-reverse-mobile elementor-section-boxed elementor-section-height-default elementor-section-height-default\" data-id=\"e19d4ad\" data-element_type=\"section\" data-e-type=\"section\" data-settings=\"{&quot;background_background&quot;:&quot;classic&quot;}\">\n\t\t\t\t\t\t\t<div class=\"elementor-background-overlay\"><\/div>\n\t\t\t\t\t\t\t<div class=\"elementor-container elementor-column-gap-wider\">\n\t\t\t\t\t<div class=\"elementor-column elementor-col-66 elementor-top-column elementor-element elementor-element-a69b890\" data-id=\"a69b890\" data-element_type=\"column\" data-e-type=\"column\" data-settings=\"{&quot;background_background&quot;:&quot;classic&quot;}\">\n\t\t\t<div class=\"elementor-widget-wrap elementor-element-populated\">\n\t\t\t\t\t\t<section class=\"elementor-section elementor-inner-section elementor-element elementor-element-6bcff65 elementor-section-content-middle elementor-reverse-mobile elementor-section-boxed elementor-section-height-default elementor-section-height-default elementor-invisible\" data-id=\"6bcff65\" data-element_type=\"section\" data-e-type=\"section\" data-settings=\"{&quot;animation&quot;:&quot;fadeInUp&quot;}\">\n\t\t\t\t\t\t<div class=\"elementor-container elementor-column-gap-default\">\n\t\t\t\t\t<div class=\"elementor-column elementor-col-100 elementor-inner-column elementor-element elementor-element-2c85e9c\" data-id=\"2c85e9c\" data-element_type=\"column\" data-e-type=\"column\">\n\t\t\t<div class=\"elementor-widget-wrap elementor-element-populated\">\n\t\t\t\t\t\t<div class=\"elementor-element elementor-element-456baa0 elementor-widget elementor-widget-heading\" data-id=\"456baa0\" data-element_type=\"widget\" data-e-type=\"widget\" data-widget_type=\"heading.default\">\n\t\t\t\t<div class=\"elementor-widget-container\">\n\t\t\t\t\t<h3 class=\"elementor-heading-title elementor-size-default\">IMDS-<b>Zertifizierung<\/b><\/h3>\t\t\t\t<\/div>\n\t\t\t\t<\/div>\n\t\t\t\t<div class=\"elementor-element elementor-element-64d02c1 elementor-widget-divider--view-line elementor-widget elementor-widget-divider\" data-id=\"64d02c1\" data-element_type=\"widget\" data-e-type=\"widget\" data-widget_type=\"divider.default\">\n\t\t\t\t<div class=\"elementor-widget-container\">\n\t\t\t\t\t\t\t<div class=\"elementor-divider\">\n\t\t\t<span class=\"elementor-divider-separator\">\n\t\t\t\t\t\t<\/span>\n\t\t<\/div>\n\t\t\t\t\t\t<\/div>\n\t\t\t\t<\/div>\n\t\t\t\t\t<\/div>\n\t\t<\/div>\n\t\t\t\t\t<\/div>\n\t\t<\/section>\n\t\t\t\t<div class=\"elementor-element elementor-element-50bbe8e animated-slow elementor-invisible elementor-widget elementor-widget-heading\" data-id=\"50bbe8e\" data-element_type=\"widget\" data-e-type=\"widget\" data-settings=\"{&quot;_animation&quot;:&quot;fadeInUp&quot;,&quot;_animation_delay&quot;:100}\" data-widget_type=\"heading.default\">\n\t\t\t\t<div class=\"elementor-widget-container\">\n\t\t\t\t\t<h2 class=\"elementor-heading-title elementor-size-default\">International anerkannte <b>IMDS-Qualifizierung<\/b><\/h2>\t\t\t\t<\/div>\n\t\t\t\t<\/div>\n\t\t\t\t<div class=\"elementor-element elementor-element-60b030a elementor-widget elementor-widget-text-editor\" data-id=\"60b030a\" data-element_type=\"widget\" data-e-type=\"widget\" data-widget_type=\"text-editor.default\">\n\t\t\t\t<div class=\"elementor-widget-container\">\n\t\t\t\t\t\t\t\t\t<p><span style=\"font-weight: 400;\">F\u00fcr IMDS-Anwender:innen werden die Aufgaben rund um das IMDS und die Material Compliance immer komplexer: Stetig kommen neue oder ge\u00e4nderte Verordnungen, \u00c4nderungen im IMDS-System, weitere Gesetze oder Stoffverbote hinzu. Auch die Anforderungen der Automobilhersteller (OEM) selbst sind sehr umfangreich geworden und m\u00fcssen die gesamte Lieferkette entlang ber\u00fccksichtigt werden.<\/span><\/p><p>Um all diese Aufgaben zu erf\u00fcllen, braucht es viel Fachwissen und F\u00e4higkeiten zur Umsetzung, sowohl im eigenen Unternehmen als auch mit Lieferanten und Kunden.<\/p><p>In Zusammenarbeit mit DXC Technology, dem IMDS Steering Committee sowie Vertretern von Tier-1-Zulieferern haben wir die Zertifizierungen <a href=\"https:\/\/www.imds-professional.com\/imds-expert-offizielle-imds-zertifzierung\/\" target=\"_blank\" rel=\"noopener\">IMDS Expert<\/a> und <a href=\"https:\/\/www.imds-professional.com\/imds-officer-cert\/\" target=\"_blank\" rel=\"noopener\">IMDS Officer<\/a> entwickelt. Diese sollen Sie dabei unterst\u00fctzen, diese Funktionen erfolgreich auszuf\u00fcllen und Ihre entsprechende Qualifizierung zuverl\u00e4ssig nachweisen zu k\u00f6nnen.<\/p>\t\t\t\t\t\t\t\t<\/div>\n\t\t\t\t<\/div>\n\t\t\t\t\t<\/div>\n\t\t<\/div>\n\t\t\t\t<div class=\"elementor-column elementor-col-33 elementor-top-column elementor-element elementor-element-bd48884\" data-id=\"bd48884\" data-element_type=\"column\" data-e-type=\"column\">\n\t\t\t<div class=\"elementor-widget-wrap elementor-element-populated\">\n\t\t\t\t\t\t<div class=\"elementor-element elementor-element-bc4d9a2 elementor-widget elementor-widget-image\" data-id=\"bc4d9a2\" data-element_type=\"widget\" data-e-type=\"widget\" data-widget_type=\"image.default\">\n\t\t\t\t<div class=\"elementor-widget-container\">\n\t\t\t\t\t\t\t\t\t\t\t\t<figure class=\"wp-caption\">\n\t\t\t\t\t\t\t\t\t\t\t<a href=\"https:\/\/www.imds-professional.com\/imds-kompetenzpyramide\/\">\n\t\t\t\t\t\t\t<img fetchpriority=\"high\" decoding=\"async\" width=\"1007\" height=\"642\" src=\"https:\/\/www.imds-professional.com\/wp-content\/uploads\/2025\/10\/Kompetenzpyramide-de-neu.jpg\" class=\"attachment-large size-large wp-image-67565\" alt=\"IMDS-Kompetenzpyramide\" srcset=\"https:\/\/www.imds-professional.com\/wp-content\/uploads\/2025\/10\/Kompetenzpyramide-de-neu.jpg 1007w, https:\/\/www.imds-professional.com\/wp-content\/uploads\/2025\/10\/Kompetenzpyramide-de-neu-300x191.jpg 300w, https:\/\/www.imds-professional.com\/wp-content\/uploads\/2025\/10\/Kompetenzpyramide-de-neu-768x490.jpg 768w, https:\/\/www.imds-professional.com\/wp-content\/uploads\/2025\/10\/Kompetenzpyramide-de-neu-600x383.jpg 600w\" sizes=\"(max-width: 1007px) 100vw, 1007px\" \/>\t\t\t\t\t\t\t\t<\/a>\n\t\t\t\t\t\t\t\t\t\t\t<figcaption class=\"widget-image-caption wp-caption-text\">Ihr Weg vom Einsteiger zum Profi<\/figcaption>\n\t\t\t\t\t\t\t\t\t\t<\/figure>\n\t\t\t\t\t\t\t\t\t<\/div>\n\t\t\t\t<\/div>\n\t\t\t\t<div class=\"elementor-element elementor-element-1bc4d5b elementor-align-center elementor-widget elementor-widget-button\" data-id=\"1bc4d5b\" data-element_type=\"widget\" data-e-type=\"widget\" data-widget_type=\"button.default\">\n\t\t\t\t<div class=\"elementor-widget-container\">\n\t\t\t\t\t\t\t\t\t<div class=\"elementor-button-wrapper\">\n\t\t\t\t\t<a class=\"elementor-button elementor-button-link elementor-size-sm elementor-animation-float\" href=\"https:\/\/www.imds-professional.com\/events\/categories\/imds\/zertifikatskurse\/\">\n\t\t\t\t\t\t<span class=\"elementor-button-content-wrapper\">\n\t\t\t\t\t\t<span class=\"elementor-button-icon\">\n\t\t\t\t<svg xmlns=\"http:\/\/www.w3.org\/2000\/svg\" id=\"b385ca18-4b85-46d4-bb4b-571c73a19812\" data-name=\"b922a425-e5e0-4ef1-881c-5748460fd139\" viewBox=\"0 0 30.125 18.1738\"><title>arrow-icon-size3<\/title><path d=\"M29.75,9.3948,21.5281,1.1735a.8479.8479,0,0,0-.601-.261L20.9124.9119a.8526.8526,0,0,0-.5956.2409.8642.8642,0,0,0-.0027,1.23l6.7618,6.7611H.7316a.8566.8566,0,1,0,0,1.7131H27.0759l-6.7591,6.7591a.8576.8576,0,0,0-.0214,1.2113.8462.8462,0,0,0,.61.2583.8949.8949,0,0,0,.621-.2556l8.2233-8.224A.8587.8587,0,0,0,29.75,9.3948Z\" transform=\"translate(0.125 -0.9119)\"><\/path><\/svg>\t\t\t<\/span>\n\t\t\t\t\t\t\t\t\t<span class=\"elementor-button-text\">Schulungstermine<\/span>\n\t\t\t\t\t<\/span>\n\t\t\t\t\t<\/a>\n\t\t\t\t<\/div>\n\t\t\t\t\t\t\t\t<\/div>\n\t\t\t\t<\/div>\n\t\t\t\t\t<\/div>\n\t\t<\/div>\n\t\t\t\t\t<\/div>\n\t\t<\/section>\n\t\t\t\t<section class=\"elementor-section elementor-top-section elementor-element elementor-element-0cc4a7d elementor-section-boxed elementor-section-height-default elementor-section-height-default\" data-id=\"0cc4a7d\" data-element_type=\"section\" data-e-type=\"section\">\n\t\t\t\t\t\t<div class=\"elementor-container elementor-column-gap-default\">\n\t\t\t\t\t<div class=\"elementor-column elementor-col-50 elementor-top-column elementor-element elementor-element-1e12d84\" data-id=\"1e12d84\" data-element_type=\"column\" data-e-type=\"column\">\n\t\t\t<div class=\"elementor-widget-wrap elementor-element-populated\">\n\t\t\t\t\t\t<div class=\"elementor-element elementor-element-aaf4107 elementor-view-framed elementor-shape-circle elementor-position-block-start elementor-mobile-position-block-start elementor-widget elementor-widget-icon-box\" data-id=\"aaf4107\" data-element_type=\"widget\" data-e-type=\"widget\" data-widget_type=\"icon-box.default\">\n\t\t\t\t<div class=\"elementor-widget-container\">\n\t\t\t\t\t\t\t<div class=\"elementor-icon-box-wrapper\">\n\n\t\t\t\t\t\t<div class=\"elementor-icon-box-icon\">\n\t\t\t\t<a href=\"https:\/\/www.imds-professional.com\/imds-expert-offizielle-imds-zertifzierung\/\" target=\"_blank\" class=\"elementor-icon\" tabindex=\"-1\" aria-label=\"IMDS Expert (cert.)\">\n\t\t\t\t<svg aria-hidden=\"true\" class=\"e-font-icon-svg e-far-star\" viewBox=\"0 0 576 512\" xmlns=\"http:\/\/www.w3.org\/2000\/svg\"><path d=\"M528.1 171.5L382 150.2 316.7 17.8c-11.7-23.6-45.6-23.9-57.4 0L194 150.2 47.9 171.5c-26.2 3.8-36.7 36.1-17.7 54.6l105.7 103-25 145.5c-4.5 26.3 23.2 46 46.4 33.7L288 439.6l130.7 68.7c23.2 12.2 50.9-7.4 46.4-33.7l-25-145.5 105.7-103c19-18.5 8.5-50.8-17.7-54.6zM388.6 312.3l23.7 138.4L288 385.4l-124.3 65.3 23.7-138.4-100.6-98 139-20.2 62.2-126 62.2 126 139 20.2-100.6 98z\"><\/path><\/svg>\t\t\t\t<\/a>\n\t\t\t<\/div>\n\t\t\t\n\t\t\t\t\t\t<div class=\"elementor-icon-box-content\">\n\n\t\t\t\t\t\t\t\t\t<h4 class=\"elementor-icon-box-title\">\n\t\t\t\t\t\t<a href=\"https:\/\/www.imds-professional.com\/imds-expert-offizielle-imds-zertifzierung\/\" target=\"_blank\" >\n\t\t\t\t\t\t\tIMDS Expert (cert.)\t\t\t\t\t\t<\/a>\n\t\t\t\t\t<\/h4>\n\t\t\t\t\n\t\t\t\t\t\t\t\t\t<p class=\"elementor-icon-box-description\">\n\t\t\t\t\t\tMehr erfahren\t\t\t\t\t<\/p>\n\t\t\t\t\n\t\t\t<\/div>\n\t\t\t\n\t\t<\/div>\n\t\t\t\t\t\t<\/div>\n\t\t\t\t<\/div>\n\t\t\t\t\t<\/div>\n\t\t<\/div>\n\t\t\t\t<div class=\"elementor-column elementor-col-50 elementor-top-column elementor-element elementor-element-2943dfb\" data-id=\"2943dfb\" data-element_type=\"column\" data-e-type=\"column\">\n\t\t\t<div class=\"elementor-widget-wrap elementor-element-populated\">\n\t\t\t\t\t\t<div class=\"elementor-element elementor-element-97521b0 elementor-view-framed elementor-shape-circle elementor-position-block-start elementor-mobile-position-block-start elementor-widget elementor-widget-icon-box\" data-id=\"97521b0\" data-element_type=\"widget\" data-e-type=\"widget\" data-widget_type=\"icon-box.default\">\n\t\t\t\t<div class=\"elementor-widget-container\">\n\t\t\t\t\t\t\t<div class=\"elementor-icon-box-wrapper\">\n\n\t\t\t\t\t\t<div class=\"elementor-icon-box-icon\">\n\t\t\t\t<span  class=\"elementor-icon\">\n\t\t\t\t<svg aria-hidden=\"true\" class=\"e-font-icon-svg e-far-star\" viewBox=\"0 0 576 512\" xmlns=\"http:\/\/www.w3.org\/2000\/svg\"><path d=\"M528.1 171.5L382 150.2 316.7 17.8c-11.7-23.6-45.6-23.9-57.4 0L194 150.2 47.9 171.5c-26.2 3.8-36.7 36.1-17.7 54.6l105.7 103-25 145.5c-4.5 26.3 23.2 46 46.4 33.7L288 439.6l130.7 68.7c23.2 12.2 50.9-7.4 46.4-33.7l-25-145.5 105.7-103c19-18.5 8.5-50.8-17.7-54.6zM388.6 312.3l23.7 138.4L288 385.4l-124.3 65.3 23.7-138.4-100.6-98 139-20.2 62.2-126 62.2 126 139 20.2-100.6 98z\"><\/path><\/svg>\t\t\t\t<\/span>\n\t\t\t<\/div>\n\t\t\t\n\t\t\t\t\t\t<div class=\"elementor-icon-box-content\">\n\n\t\t\t\t\t\t\t\t\t<h4 class=\"elementor-icon-box-title\">\n\t\t\t\t\t\t<span  >\n\t\t\t\t\t\t\tIMDS Officer (cert.)\t\t\t\t\t\t\t\t\t<\/span>\n\t\t\t\t\t<\/h4>\n\t\t\t\t\n\t\t\t\t\t\t\t\t\t<p class=\"elementor-icon-box-description\">\n\t\t\t\t\t\tIn \u00dcberarbeitung\t\t\t\t\t<\/p>\n\t\t\t\t\n\t\t\t<\/div>\n\t\t\t\n\t\t<\/div>\n\t\t\t\t\t\t<\/div>\n\t\t\t\t<\/div>\n\t\t\t\t\t<\/div>\n\t\t<\/div>\n\t\t\t\t\t<\/div>\n\t\t<\/section>\n\t\t\t\t<\/div>\n\t\t","protected":false},"excerpt":{"rendered":"<p>IMDS-Zertifizierung International anerkannte IMDS-Qualifizierung F\u00fcr IMDS-Anwender:innen werden die Aufgaben rund um das IMDS und die Material Compliance immer komplexer: Stetig kommen neue oder ge\u00e4nderte Verordnungen, \u00c4nderungen im IMDS-System, weitere Gesetze oder Stoffverbote hinzu. Auch die Anforderungen der Automobilhersteller (OEM) selbst sind sehr umfangreich geworden und m\u00fcssen die gesamte Lieferkette entlang ber\u00fccksichtigt werden. Um all diese [&hellip;]<\/p>\n","protected":false},"author":3,"featured_media":0,"parent":0,"menu_order":0,"comment_status":"closed","ping_status":"closed","template":"elementor_header_footer","meta":{"footnotes":""},"class_list":["post-29692","page","type-page","status-publish","hentry","entry","owp-thumbs-layout-horizontal","owp-btn-normal","owp-tabs-layout-horizontal","has-no-thumbnails","has-product-nav"],"yoast_head":"<!-- This site is optimized with the Yoast SEO plugin v27.2 - https:\/\/yoast.com\/product\/yoast-seo-wordpress\/ -->\n<title>IMDS-Zertifizierung - imds-professional<\/title>\n<meta name=\"description\" content=\"Unsere Zertifizierungen als IMDS Expert und IMDS Officer sind international anerkannt und sichern die Datenqualit\u00e4t im IMDS.\" \/>\n<meta name=\"robots\" content=\"index, follow, max-snippet:-1, max-image-preview:large, max-video-preview:-1\" \/>\n<link rel=\"canonical\" href=\"https:\/\/www.imds-professional.com\/imds-zertifizierung\/\" \/>\n<meta property=\"og:locale\" content=\"fr_FR\" \/>\n<meta property=\"og:type\" content=\"article\" \/>\n<meta property=\"og:title\" content=\"IMDS-Zertifizierung - imds-professional\" \/>\n<meta property=\"og:description\" content=\"Unsere Zertifizierungen als IMDS Expert und IMDS Officer sind international anerkannt und sichern die Datenqualit\u00e4t im IMDS.\" \/>\n<meta property=\"og:url\" content=\"https:\/\/www.imds-professional.com\/imds-zertifizierung\/\" \/>\n<meta property=\"og:site_name\" content=\"imds-professional\" \/>\n<meta property=\"article:modified_time\" content=\"2026-02-26T09:38:13+00:00\" \/>\n<meta property=\"og:image\" content=\"https:\/\/www.imds-professional.com\/wp-content\/uploads\/2025\/10\/Kompetenzpyramide-de-neu.jpg\" \/>\n\t<meta property=\"og:image:width\" content=\"1007\" \/>\n\t<meta property=\"og:image:height\" content=\"642\" \/>\n\t<meta property=\"og:image:type\" content=\"image\/jpeg\" \/>\n<meta name=\"twitter:label1\" content=\"Dur\u00e9e de lecture estim\u00e9e\" \/>\n\t<meta name=\"twitter:data1\" content=\"1 minute\" \/>\n<script type=\"application\/ld+json\" class=\"yoast-schema-graph\">{\"@context\":\"https:\/\/schema.org\",\"@graph\":[{\"@type\":\"WebPage\",\"@id\":\"https:\/\/www.imds-professional.com\/imds-zertifizierung\/\",\"url\":\"https:\/\/www.imds-professional.com\/imds-zertifizierung\/\",\"name\":\"IMDS-Zertifizierung - imds-professional\",\"isPartOf\":{\"@id\":\"https:\/\/www.imds-professional.com\/#website\"},\"primaryImageOfPage\":{\"@id\":\"https:\/\/www.imds-professional.com\/imds-zertifizierung\/#primaryimage\"},\"image\":{\"@id\":\"https:\/\/www.imds-professional.com\/imds-zertifizierung\/#primaryimage\"},\"thumbnailUrl\":\"https:\/\/www.imds-professional.com\/wp-content\/uploads\/2025\/10\/Kompetenzpyramide-de-neu.jpg\",\"datePublished\":\"2022-04-28T07:14:26+00:00\",\"dateModified\":\"2026-02-26T09:38:13+00:00\",\"description\":\"Unsere Zertifizierungen als IMDS Expert und IMDS Officer sind international anerkannt und sichern die Datenqualit\u00e4t im IMDS.\",\"breadcrumb\":{\"@id\":\"https:\/\/www.imds-professional.com\/imds-zertifizierung\/#breadcrumb\"},\"inLanguage\":\"fr-FR\",\"potentialAction\":[{\"@type\":\"ReadAction\",\"target\":[\"https:\/\/www.imds-professional.com\/imds-zertifizierung\/\"]}]},{\"@type\":\"ImageObject\",\"inLanguage\":\"fr-FR\",\"@id\":\"https:\/\/www.imds-professional.com\/imds-zertifizierung\/#primaryimage\",\"url\":\"https:\/\/www.imds-professional.com\/wp-content\/uploads\/2025\/10\/Kompetenzpyramide-de-neu.jpg\",\"contentUrl\":\"https:\/\/www.imds-professional.com\/wp-content\/uploads\/2025\/10\/Kompetenzpyramide-de-neu.jpg\"},{\"@type\":\"BreadcrumbList\",\"@id\":\"https:\/\/www.imds-professional.com\/imds-zertifizierung\/#breadcrumb\",\"itemListElement\":[{\"@type\":\"ListItem\",\"position\":1,\"name\":\"Startseite\",\"item\":\"https:\/\/www.imds-professional.com\/en\/\"},{\"@type\":\"ListItem\",\"position\":2,\"name\":\"IMDS-Zertifizierung\"}]},{\"@type\":\"WebSite\",\"@id\":\"https:\/\/www.imds-professional.com\/#website\",\"url\":\"https:\/\/www.imds-professional.com\/\",\"name\":\"imds-professional\",\"description\":\"Demo Seite f\u00fcr ein Projekt, nicht l\u00f6schen!!! \",\"publisher\":{\"@id\":\"https:\/\/www.imds-professional.com\/#organization\"},\"potentialAction\":[{\"@type\":\"SearchAction\",\"target\":{\"@type\":\"EntryPoint\",\"urlTemplate\":\"https:\/\/www.imds-professional.com\/?s={search_term_string}\"},\"query-input\":{\"@type\":\"PropertyValueSpecification\",\"valueRequired\":true,\"valueName\":\"search_term_string\"}}],\"inLanguage\":\"fr-FR\"},{\"@type\":\"Organization\",\"@id\":\"https:\/\/www.imds-professional.com\/#organization\",\"name\":\"imds professional GmbH & Co. KG\",\"url\":\"https:\/\/www.imds-professional.com\/\",\"logo\":{\"@type\":\"ImageObject\",\"inLanguage\":\"fr-FR\",\"@id\":\"https:\/\/www.imds-professional.com\/#\/schema\/logo\/image\/\",\"url\":\"https:\/\/www.imds-professional.com\/wp-content\/uploads\/2021\/06\/Logo-TransparentHeader.png\",\"contentUrl\":\"https:\/\/www.imds-professional.com\/wp-content\/uploads\/2021\/06\/Logo-TransparentHeader.png\",\"width\":5012,\"height\":2111,\"caption\":\"imds professional GmbH & Co. KG\"},\"image\":{\"@id\":\"https:\/\/www.imds-professional.com\/#\/schema\/logo\/image\/\"}}]}<\/script>\n<!-- \/ Yoast SEO plugin. -->","yoast_head_json":{"title":"IMDS-Zertifizierung - imds-professional","description":"Unsere Zertifizierungen als IMDS Expert und IMDS Officer sind international anerkannt und sichern die Datenqualit\u00e4t im IMDS.","robots":{"index":"index","follow":"follow","max-snippet":"max-snippet:-1","max-image-preview":"max-image-preview:large","max-video-preview":"max-video-preview:-1"},"canonical":"https:\/\/www.imds-professional.com\/imds-zertifizierung\/","og_locale":"fr_FR","og_type":"article","og_title":"IMDS-Zertifizierung - imds-professional","og_description":"Unsere Zertifizierungen als IMDS Expert und IMDS Officer sind international anerkannt und sichern die Datenqualit\u00e4t im IMDS.","og_url":"https:\/\/www.imds-professional.com\/imds-zertifizierung\/","og_site_name":"imds-professional","article_modified_time":"2026-02-26T09:38:13+00:00","og_image":[{"width":1007,"height":642,"url":"https:\/\/www.imds-professional.com\/wp-content\/uploads\/2025\/10\/Kompetenzpyramide-de-neu.jpg","type":"image\/jpeg"}],"twitter_misc":{"Dur\u00e9e de lecture estim\u00e9e":"1 minute"},"schema":{"@context":"https:\/\/schema.org","@graph":[{"@type":"WebPage","@id":"https:\/\/www.imds-professional.com\/imds-zertifizierung\/","url":"https:\/\/www.imds-professional.com\/imds-zertifizierung\/","name":"IMDS-Zertifizierung - imds-professional","isPartOf":{"@id":"https:\/\/www.imds-professional.com\/#website"},"primaryImageOfPage":{"@id":"https:\/\/www.imds-professional.com\/imds-zertifizierung\/#primaryimage"},"image":{"@id":"https:\/\/www.imds-professional.com\/imds-zertifizierung\/#primaryimage"},"thumbnailUrl":"https:\/\/www.imds-professional.com\/wp-content\/uploads\/2025\/10\/Kompetenzpyramide-de-neu.jpg","datePublished":"2022-04-28T07:14:26+00:00","dateModified":"2026-02-26T09:38:13+00:00","description":"Unsere Zertifizierungen als IMDS Expert und IMDS Officer sind international anerkannt und sichern die Datenqualit\u00e4t im IMDS.","breadcrumb":{"@id":"https:\/\/www.imds-professional.com\/imds-zertifizierung\/#breadcrumb"},"inLanguage":"fr-FR","potentialAction":[{"@type":"ReadAction","target":["https:\/\/www.imds-professional.com\/imds-zertifizierung\/"]}]},{"@type":"ImageObject","inLanguage":"fr-FR","@id":"https:\/\/www.imds-professional.com\/imds-zertifizierung\/#primaryimage","url":"https:\/\/www.imds-professional.com\/wp-content\/uploads\/2025\/10\/Kompetenzpyramide-de-neu.jpg","contentUrl":"https:\/\/www.imds-professional.com\/wp-content\/uploads\/2025\/10\/Kompetenzpyramide-de-neu.jpg"},{"@type":"BreadcrumbList","@id":"https:\/\/www.imds-professional.com\/imds-zertifizierung\/#breadcrumb","itemListElement":[{"@type":"ListItem","position":1,"name":"Startseite","item":"https:\/\/www.imds-professional.com\/en\/"},{"@type":"ListItem","position":2,"name":"IMDS-Zertifizierung"}]},{"@type":"WebSite","@id":"https:\/\/www.imds-professional.com\/#website","url":"https:\/\/www.imds-professional.com\/","name":"imds-professional","description":"Demo Seite f\u00fcr ein Projekt, nicht l\u00f6schen!!! ","publisher":{"@id":"https:\/\/www.imds-professional.com\/#organization"},"potentialAction":[{"@type":"SearchAction","target":{"@type":"EntryPoint","urlTemplate":"https:\/\/www.imds-professional.com\/?s={search_term_string}"},"query-input":{"@type":"PropertyValueSpecification","valueRequired":true,"valueName":"search_term_string"}}],"inLanguage":"fr-FR"},{"@type":"Organization","@id":"https:\/\/www.imds-professional.com\/#organization","name":"imds professional GmbH & Co. KG","url":"https:\/\/www.imds-professional.com\/","logo":{"@type":"ImageObject","inLanguage":"fr-FR","@id":"https:\/\/www.imds-professional.com\/#\/schema\/logo\/image\/","url":"https:\/\/www.imds-professional.com\/wp-content\/uploads\/2021\/06\/Logo-TransparentHeader.png","contentUrl":"https:\/\/www.imds-professional.com\/wp-content\/uploads\/2021\/06\/Logo-TransparentHeader.png","width":5012,"height":2111,"caption":"imds professional GmbH & Co. KG"},"image":{"@id":"https:\/\/www.imds-professional.com\/#\/schema\/logo\/image\/"}}]}},"_links":{"self":[{"href":"https:\/\/www.imds-professional.com\/fr\/wp-json\/wp\/v2\/pages\/29692","targetHints":{"allow":["GET"]}}],"collection":[{"href":"https:\/\/www.imds-professional.com\/fr\/wp-json\/wp\/v2\/pages"}],"about":[{"href":"https:\/\/www.imds-professional.com\/fr\/wp-json\/wp\/v2\/types\/page"}],"author":[{"embeddable":true,"href":"https:\/\/www.imds-professional.com\/fr\/wp-json\/wp\/v2\/users\/3"}],"replies":[{"embeddable":true,"href":"https:\/\/www.imds-professional.com\/fr\/wp-json\/wp\/v2\/comments?post=29692"}],"version-history":[{"count":25,"href":"https:\/\/www.imds-professional.com\/fr\/wp-json\/wp\/v2\/pages\/29692\/revisions"}],"predecessor-version":[{"id":71692,"href":"https:\/\/www.imds-professional.com\/fr\/wp-json\/wp\/v2\/pages\/29692\/revisions\/71692"}],"wp:attachment":[{"href":"https:\/\/www.imds-professional.com\/fr\/wp-json\/wp\/v2\/media?parent=29692"}],"curies":[{"name":"wp","href":"https:\/\/api.w.org\/{rel}","templated":true}]}}