{"id":60873,"date":"2024-11-21T12:49:01","date_gmt":"2024-11-21T11:49:01","guid":{"rendered":"https:\/\/www.imds-professional.com\/?page_id=60873"},"modified":"2026-03-06T12:36:17","modified_gmt":"2026-03-06T11:36:17","slug":"veranstaltungen","status":"publish","type":"page","link":"https:\/\/www.imds-professional.com\/fr\/veranstaltungen\/","title":{"rendered":"Veranstaltungen"},"content":{"rendered":"\t\t<div data-elementor-type=\"wp-page\" data-elementor-id=\"60873\" class=\"elementor elementor-60873\" data-elementor-post-type=\"page\">\n\t\t\t\t\t\t<section class=\"elementor-section elementor-top-section elementor-element elementor-element-681339f elementor-section-boxed elementor-section-height-default elementor-section-height-default\" data-id=\"681339f\" data-element_type=\"section\" data-e-type=\"section\">\n\t\t\t\t\t\t<div class=\"elementor-container elementor-column-gap-default\">\n\t\t\t\t\t<div class=\"elementor-column elementor-col-100 elementor-top-column elementor-element elementor-element-59988f7\" data-id=\"59988f7\" data-element_type=\"column\" data-e-type=\"column\">\n\t\t\t<div class=\"elementor-widget-wrap elementor-element-populated\">\n\t\t\t\t\t\t<div class=\"elementor-element elementor-element-f0f3f0e elementor-widget elementor-widget-heading\" data-id=\"f0f3f0e\" data-element_type=\"widget\" data-e-type=\"widget\" data-widget_type=\"heading.default\">\n\t\t\t\t<div class=\"elementor-widget-container\">\n\t\t\t\t\t<h2 class=\"elementor-heading-title elementor-size-default\">ipVeranstaltungen<\/h2>\t\t\t\t<\/div>\n\t\t\t\t<\/div>\n\t\t\t\t<div class=\"elementor-element elementor-element-434c04a elementor-widget elementor-widget-text-editor\" data-id=\"434c04a\" data-element_type=\"widget\" data-e-type=\"widget\" data-widget_type=\"text-editor.default\">\n\t\t\t\t<div class=\"elementor-widget-container\">\n\t\t\t\t\t\t\t\t\t<p>Wir freuen uns, Sie bei unseren Veranstaltungen rund im Material- und Product-Compliance-Themen zu begr\u00fc\u00dfen.<\/p>\t\t\t\t\t\t\t\t<\/div>\n\t\t\t\t<\/div>\n\t\t\t\t<section class=\"elementor-section elementor-inner-section elementor-element elementor-element-737c7d1 elementor-section-boxed elementor-section-height-default elementor-section-height-default\" data-id=\"737c7d1\" data-element_type=\"section\" data-e-type=\"section\">\n\t\t\t\t\t\t<div class=\"elementor-container elementor-column-gap-default\">\n\t\t\t\t\t<div class=\"elementor-column elementor-col-50 elementor-inner-column elementor-element elementor-element-e847afe\" data-id=\"e847afe\" data-element_type=\"column\" data-e-type=\"column\">\n\t\t\t<div class=\"elementor-widget-wrap elementor-element-populated\">\n\t\t\t\t\t\t<div class=\"elementor-element elementor-element-d43ecba elementor-flip-box--effect-flip elementor-flip-box--direction-up elementor-widget elementor-widget-flip-box\" data-id=\"d43ecba\" data-element_type=\"widget\" data-e-type=\"widget\" data-widget_type=\"flip-box.default\">\n\t\t\t\t<div class=\"elementor-widget-container\">\n\t\t\t\t\t\t\t<div class=\"elementor-flip-box\" tabindex=\"0\">\n\t\t\t<div class=\"elementor-flip-box__layer elementor-flip-box__front\">\n\t\t\t\t<div class=\"elementor-flip-box__layer__overlay\">\n\t\t\t\t\t<div class=\"elementor-flip-box__layer__inner\">\n\t\t\t\t\t\t\t\t\t\t\t\t\t<div class=\"elementor-icon-wrapper elementor-view-default\">\n\t\t\t\t\t\t\t\t<div class=\"elementor-icon\">\n\t\t\t\t\t\t\t\t\t<svg aria-hidden=\"true\" class=\"e-font-icon-svg e-fas-star\" viewBox=\"0 0 576 512\" xmlns=\"http:\/\/www.w3.org\/2000\/svg\"><path d=\"M259.3 17.8L194 150.2 47.9 171.5c-26.2 3.8-36.7 36.1-17.7 54.6l105.7 103-25 145.5c-4.5 26.3 23.2 46 46.4 33.7L288 439.6l130.7 68.7c23.2 12.2 50.9-7.4 46.4-33.7l-25-145.5 105.7-103c19-18.5 8.5-50.8-17.7-54.6L382 150.2 316.7 17.8c-11.7-23.6-45.6-23.9-57.4 0z\"><\/path><\/svg>\t\t\t\t\t\t\t\t<\/div>\n\t\t\t\t\t\t\t<\/div>\n\t\t\t\t\t\t\n\t\t\t\t\t\t\t\t\t\t\t\t\t<h3 class=\"elementor-flip-box__layer__title\">\n\t\t\t\t\t\t\t\tIMDS-Anwendertreffen\t\t\t\t\t\t\t<\/h3>\n\t\t\t\t\t\t\n\t\t\t\t\t\t\t\t\t\t\t\t\t<div class=\"elementor-flip-box__layer__description\">\n\t\t\t\t\t\t\t\tWir bringen OEM, Zulieferer und DXC Technology zusammen.\t\t\t\t\t\t\t<\/div>\n\t\t\t\t\t\t\t\t\t\t\t<\/div>\n\t\t\t\t<\/div>\n\t\t\t<\/div>\n\t\t\t<div class=\"elementor-flip-box__layer elementor-flip-box__back\">\n\t\t\t<div class=\"elementor-flip-box__layer__overlay\">\n\t\t\t\t<div class=\"elementor-flip-box__layer__inner\">\n\t\t\t\t\t\t\t\t\t\t\t<h3 class=\"elementor-flip-box__layer__title\">\n\t\t\t\t\t\t\tIMDS-Anwendertreffen\t\t\t\t\t\t<\/h3>\n\t\t\t\t\t\n\t\t\t\t\t\t\t\t\t\t\t<div class=\"elementor-flip-box__layer__description\">\n\t\t\t\t\t\t\tR\u00fcckblicke, n\u00e4chster Termin und Wunschformular\t\t\t\t\t\t<\/div>\n\t\t\t\t\t\n\t\t\t\t\t\t\t\t\t\t\t<a class=\"elementor-flip-box__button elementor-button elementor-size-sm\" href=\"https:\/\/www.imds-professional.com\/imds-anwendertreffen\/\" target=\"_blank\">\n\t\t\t\t\t\t\tHier klicken\t\t\t\t\t\t<\/a>\n\t\t\t\t\t\t\t\t<\/div>\n\t\t<\/div>\n\t\t<\/div>\n\t\t<\/div>\n\t\t\t\t\t\t<\/div>\n\t\t\t\t<\/div>\n\t\t\t\t\t<\/div>\n\t\t<\/div>\n\t\t\t\t<div class=\"elementor-column elementor-col-50 elementor-inner-column elementor-element elementor-element-6eb6f37\" data-id=\"6eb6f37\" data-element_type=\"column\" data-e-type=\"column\">\n\t\t\t<div class=\"elementor-widget-wrap elementor-element-populated\">\n\t\t\t\t\t\t<div class=\"elementor-element elementor-element-60f0dd2 elementor-flip-box--effect-flip elementor-flip-box--direction-up elementor-widget elementor-widget-flip-box\" data-id=\"60f0dd2\" data-element_type=\"widget\" data-e-type=\"widget\" data-widget_type=\"flip-box.default\">\n\t\t\t\t<div class=\"elementor-widget-container\">\n\t\t\t\t\t\t\t<div class=\"elementor-flip-box\" tabindex=\"0\">\n\t\t\t<div class=\"elementor-flip-box__layer elementor-flip-box__front\">\n\t\t\t\t<div class=\"elementor-flip-box__layer__overlay\">\n\t\t\t\t\t<div class=\"elementor-flip-box__layer__inner\">\n\t\t\t\t\t\t\t\t\t\t\t\t\t<div class=\"elementor-icon-wrapper elementor-view-default\">\n\t\t\t\t\t\t\t\t<div class=\"elementor-icon\">\n\t\t\t\t\t\t\t\t\t<svg aria-hidden=\"true\" class=\"e-font-icon-svg e-fas-star\" viewBox=\"0 0 576 512\" xmlns=\"http:\/\/www.w3.org\/2000\/svg\"><path d=\"M259.3 17.8L194 150.2 47.9 171.5c-26.2 3.8-36.7 36.1-17.7 54.6l105.7 103-25 145.5c-4.5 26.3 23.2 46 46.4 33.7L288 439.6l130.7 68.7c23.2 12.2 50.9-7.4 46.4-33.7l-25-145.5 105.7-103c19-18.5 8.5-50.8-17.7-54.6L382 150.2 316.7 17.8c-11.7-23.6-45.6-23.9-57.4 0z\"><\/path><\/svg>\t\t\t\t\t\t\t\t<\/div>\n\t\t\t\t\t\t\t<\/div>\n\t\t\t\t\t\t\n\t\t\t\t\t\t\t\t\t\t\t\t\t<h3 class=\"elementor-flip-box__layer__title\">\n\t\t\t\t\t\t\t\tProduct-Compliance-Konferenz\t\t\t\t\t\t\t<\/h3>\n\t\t\t\t\t\t\n\t\t\t\t\t\t\t\t\t\t\t\t\t<div class=\"elementor-flip-box__layer__description\">\n\t\t\t\t\t\t\t\tIn Kooperation mit der VDE Pr\u00fcf- und Zertifizierungsinstitut GmbH\t\t\t\t\t\t\t<\/div>\n\t\t\t\t\t\t\t\t\t\t\t<\/div>\n\t\t\t\t<\/div>\n\t\t\t<\/div>\n\t\t\t<div class=\"elementor-flip-box__layer elementor-flip-box__back\">\n\t\t\t<div class=\"elementor-flip-box__layer__overlay\">\n\t\t\t\t<div class=\"elementor-flip-box__layer__inner\">\n\t\t\t\t\t\t\t\t\t\t\t<h3 class=\"elementor-flip-box__layer__title\">\n\t\t\t\t\t\t\tR\u00fcckblick auf die Konferenz 2026\t\t\t\t\t\t<\/h3>\n\t\t\t\t\t\n\t\t\t\t\t\n\t\t\t\t\t\t\t\t\t\t\t<a class=\"elementor-flip-box__button elementor-button elementor-size-sm\" href=\"https:\/\/www.imds-professional.com\/gelungene-konferenz-product-compliance-von-der-theorie-zur-umsetzung\/\" target=\"_blank\">\n\t\t\t\t\t\t\tHier klicken\t\t\t\t\t\t<\/a>\n\t\t\t\t\t\t\t\t<\/div>\n\t\t<\/div>\n\t\t<\/div>\n\t\t<\/div>\n\t\t\t\t\t\t<\/div>\n\t\t\t\t<\/div>\n\t\t\t\t\t<\/div>\n\t\t<\/div>\n\t\t\t\t\t<\/div>\n\t\t<\/section>\n\t\t\t\t\t<\/div>\n\t\t<\/div>\n\t\t\t\t\t<\/div>\n\t\t<\/section>\n\t\t\t\t<\/div>\n\t\t","protected":false},"excerpt":{"rendered":"<p>ipVeranstaltungen Wir freuen uns, Sie bei unseren Veranstaltungen rund im Material- und Product-Compliance-Themen zu begr\u00fc\u00dfen. IMDS-Anwendertreffen Wir bringen OEM, Zulieferer und DXC Technology zusammen. IMDS-Anwendertreffen R\u00fcckblicke, n\u00e4chster Termin und Wunschformular Hier klicken Product-Compliance-Konferenz In Kooperation mit der VDE Pr\u00fcf- und Zertifizierungsinstitut GmbH R\u00fcckblick auf die Konferenz 2026 Hier klicken<\/p>\n","protected":false},"author":3,"featured_media":0,"parent":0,"menu_order":0,"comment_status":"closed","ping_status":"closed","template":"","meta":{"footnotes":""},"class_list":["post-60873","page","type-page","status-publish","hentry","entry","owp-thumbs-layout-horizontal","owp-btn-normal","owp-tabs-layout-horizontal","has-no-thumbnails","has-product-nav"],"yoast_head":"<!-- This site is optimized with the Yoast SEO plugin v27.3 - https:\/\/yoast.com\/product\/yoast-seo-wordpress\/ -->\n<title>Veranstaltungen - imds-professional<\/title>\n<meta name=\"robots\" content=\"index, follow, max-snippet:-1, max-image-preview:large, max-video-preview:-1\" \/>\n<link rel=\"canonical\" href=\"https:\/\/www.imds-professional.com\/veranstaltungen\/\" \/>\n<meta property=\"og:locale\" content=\"fr_FR\" \/>\n<meta property=\"og:type\" content=\"article\" \/>\n<meta property=\"og:title\" content=\"Veranstaltungen - imds-professional\" \/>\n<meta property=\"og:description\" content=\"ipVeranstaltungen Wir freuen uns, Sie bei unseren Veranstaltungen rund im Material- und Product-Compliance-Themen zu begr\u00fc\u00dfen. IMDS-Anwendertreffen Wir bringen OEM, Zulieferer und DXC Technology zusammen. IMDS-Anwendertreffen R\u00fcckblicke, n\u00e4chster Termin und Wunschformular Hier klicken Product-Compliance-Konferenz In Kooperation mit der VDE Pr\u00fcf- und Zertifizierungsinstitut GmbH R\u00fcckblick auf die Konferenz 2026 Hier klicken\" \/>\n<meta property=\"og:url\" content=\"https:\/\/www.imds-professional.com\/veranstaltungen\/\" \/>\n<meta property=\"og:site_name\" content=\"imds-professional\" \/>\n<meta property=\"article:modified_time\" content=\"2026-03-06T11:36:17+00:00\" \/>\n<meta name=\"twitter:label1\" content=\"Dur\u00e9e de lecture estim\u00e9e\" \/>\n\t<meta name=\"twitter:data1\" content=\"1 minute\" \/>\n<script type=\"application\/ld+json\" class=\"yoast-schema-graph\">{\"@context\":\"https:\\\/\\\/schema.org\",\"@graph\":[{\"@type\":\"WebPage\",\"@id\":\"https:\\\/\\\/www.imds-professional.com\\\/veranstaltungen\\\/\",\"url\":\"https:\\\/\\\/www.imds-professional.com\\\/veranstaltungen\\\/\",\"name\":\"Veranstaltungen - imds-professional\",\"isPartOf\":{\"@id\":\"https:\\\/\\\/www.imds-professional.com\\\/#website\"},\"datePublished\":\"2024-11-21T11:49:01+00:00\",\"dateModified\":\"2026-03-06T11:36:17+00:00\",\"breadcrumb\":{\"@id\":\"https:\\\/\\\/www.imds-professional.com\\\/veranstaltungen\\\/#breadcrumb\"},\"inLanguage\":\"fr-FR\",\"potentialAction\":[{\"@type\":\"ReadAction\",\"target\":[\"https:\\\/\\\/www.imds-professional.com\\\/veranstaltungen\\\/\"]}]},{\"@type\":\"BreadcrumbList\",\"@id\":\"https:\\\/\\\/www.imds-professional.com\\\/veranstaltungen\\\/#breadcrumb\",\"itemListElement\":[{\"@type\":\"ListItem\",\"position\":1,\"name\":\"Startseite\",\"item\":\"https:\\\/\\\/www.imds-professional.com\\\/en\\\/\"},{\"@type\":\"ListItem\",\"position\":2,\"name\":\"Veranstaltungen\"}]},{\"@type\":\"WebSite\",\"@id\":\"https:\\\/\\\/www.imds-professional.com\\\/#website\",\"url\":\"https:\\\/\\\/www.imds-professional.com\\\/\",\"name\":\"imds-professional\",\"description\":\"Demo Seite f\u00fcr ein Projekt, nicht l\u00f6schen!!! \",\"publisher\":{\"@id\":\"https:\\\/\\\/www.imds-professional.com\\\/#organization\"},\"potentialAction\":[{\"@type\":\"SearchAction\",\"target\":{\"@type\":\"EntryPoint\",\"urlTemplate\":\"https:\\\/\\\/www.imds-professional.com\\\/?s={search_term_string}\"},\"query-input\":{\"@type\":\"PropertyValueSpecification\",\"valueRequired\":true,\"valueName\":\"search_term_string\"}}],\"inLanguage\":\"fr-FR\"},{\"@type\":\"Organization\",\"@id\":\"https:\\\/\\\/www.imds-professional.com\\\/#organization\",\"name\":\"imds professional GmbH & Co. KG\",\"url\":\"https:\\\/\\\/www.imds-professional.com\\\/\",\"logo\":{\"@type\":\"ImageObject\",\"inLanguage\":\"fr-FR\",\"@id\":\"https:\\\/\\\/www.imds-professional.com\\\/#\\\/schema\\\/logo\\\/image\\\/\",\"url\":\"https:\\\/\\\/www.imds-professional.com\\\/wp-content\\\/uploads\\\/2021\\\/06\\\/Logo-TransparentHeader.png\",\"contentUrl\":\"https:\\\/\\\/www.imds-professional.com\\\/wp-content\\\/uploads\\\/2021\\\/06\\\/Logo-TransparentHeader.png\",\"width\":5012,\"height\":2111,\"caption\":\"imds professional GmbH & Co. KG\"},\"image\":{\"@id\":\"https:\\\/\\\/www.imds-professional.com\\\/#\\\/schema\\\/logo\\\/image\\\/\"}}]}<\/script>\n<!-- \/ Yoast SEO plugin. -->","yoast_head_json":{"title":"Veranstaltungen - imds-professional","robots":{"index":"index","follow":"follow","max-snippet":"max-snippet:-1","max-image-preview":"max-image-preview:large","max-video-preview":"max-video-preview:-1"},"canonical":"https:\/\/www.imds-professional.com\/veranstaltungen\/","og_locale":"fr_FR","og_type":"article","og_title":"Veranstaltungen - imds-professional","og_description":"ipVeranstaltungen Wir freuen uns, Sie bei unseren Veranstaltungen rund im Material- und Product-Compliance-Themen zu begr\u00fc\u00dfen. IMDS-Anwendertreffen Wir bringen OEM, Zulieferer und DXC Technology zusammen. IMDS-Anwendertreffen R\u00fcckblicke, n\u00e4chster Termin und Wunschformular Hier klicken Product-Compliance-Konferenz In Kooperation mit der VDE Pr\u00fcf- und Zertifizierungsinstitut GmbH R\u00fcckblick auf die Konferenz 2026 Hier klicken","og_url":"https:\/\/www.imds-professional.com\/veranstaltungen\/","og_site_name":"imds-professional","article_modified_time":"2026-03-06T11:36:17+00:00","twitter_misc":{"Dur\u00e9e de lecture estim\u00e9e":"1 minute"},"schema":{"@context":"https:\/\/schema.org","@graph":[{"@type":"WebPage","@id":"https:\/\/www.imds-professional.com\/veranstaltungen\/","url":"https:\/\/www.imds-professional.com\/veranstaltungen\/","name":"Veranstaltungen - imds-professional","isPartOf":{"@id":"https:\/\/www.imds-professional.com\/#website"},"datePublished":"2024-11-21T11:49:01+00:00","dateModified":"2026-03-06T11:36:17+00:00","breadcrumb":{"@id":"https:\/\/www.imds-professional.com\/veranstaltungen\/#breadcrumb"},"inLanguage":"fr-FR","potentialAction":[{"@type":"ReadAction","target":["https:\/\/www.imds-professional.com\/veranstaltungen\/"]}]},{"@type":"BreadcrumbList","@id":"https:\/\/www.imds-professional.com\/veranstaltungen\/#breadcrumb","itemListElement":[{"@type":"ListItem","position":1,"name":"Startseite","item":"https:\/\/www.imds-professional.com\/en\/"},{"@type":"ListItem","position":2,"name":"Veranstaltungen"}]},{"@type":"WebSite","@id":"https:\/\/www.imds-professional.com\/#website","url":"https:\/\/www.imds-professional.com\/","name":"imds-professional","description":"Demo Seite f\u00fcr ein Projekt, nicht l\u00f6schen!!! ","publisher":{"@id":"https:\/\/www.imds-professional.com\/#organization"},"potentialAction":[{"@type":"SearchAction","target":{"@type":"EntryPoint","urlTemplate":"https:\/\/www.imds-professional.com\/?s={search_term_string}"},"query-input":{"@type":"PropertyValueSpecification","valueRequired":true,"valueName":"search_term_string"}}],"inLanguage":"fr-FR"},{"@type":"Organization","@id":"https:\/\/www.imds-professional.com\/#organization","name":"imds professional GmbH & Co. KG","url":"https:\/\/www.imds-professional.com\/","logo":{"@type":"ImageObject","inLanguage":"fr-FR","@id":"https:\/\/www.imds-professional.com\/#\/schema\/logo\/image\/","url":"https:\/\/www.imds-professional.com\/wp-content\/uploads\/2021\/06\/Logo-TransparentHeader.png","contentUrl":"https:\/\/www.imds-professional.com\/wp-content\/uploads\/2021\/06\/Logo-TransparentHeader.png","width":5012,"height":2111,"caption":"imds professional GmbH & Co. KG"},"image":{"@id":"https:\/\/www.imds-professional.com\/#\/schema\/logo\/image\/"}}]}},"_links":{"self":[{"href":"https:\/\/www.imds-professional.com\/fr\/wp-json\/wp\/v2\/pages\/60873","targetHints":{"allow":["GET"]}}],"collection":[{"href":"https:\/\/www.imds-professional.com\/fr\/wp-json\/wp\/v2\/pages"}],"about":[{"href":"https:\/\/www.imds-professional.com\/fr\/wp-json\/wp\/v2\/types\/page"}],"author":[{"embeddable":true,"href":"https:\/\/www.imds-professional.com\/fr\/wp-json\/wp\/v2\/users\/3"}],"replies":[{"embeddable":true,"href":"https:\/\/www.imds-professional.com\/fr\/wp-json\/wp\/v2\/comments?post=60873"}],"version-history":[{"count":6,"href":"https:\/\/www.imds-professional.com\/fr\/wp-json\/wp\/v2\/pages\/60873\/revisions"}],"predecessor-version":[{"id":71980,"href":"https:\/\/www.imds-professional.com\/fr\/wp-json\/wp\/v2\/pages\/60873\/revisions\/71980"}],"wp:attachment":[{"href":"https:\/\/www.imds-professional.com\/fr\/wp-json\/wp\/v2\/media?parent=60873"}],"curies":[{"name":"wp","href":"https:\/\/api.w.org\/{rel}","templated":true}]}}