{"id":62250,"date":"2021-06-18T13:15:13","date_gmt":"2021-06-18T11:15:13","guid":{"rendered":"https:\/\/www.imds-professional.com\/ipjournal\/"},"modified":"2025-01-23T09:49:58","modified_gmt":"2025-01-23T08:49:58","slug":"ipjournal","status":"publish","type":"page","link":"https:\/\/www.imds-professional.com\/fr\/ipjournal\/","title":{"rendered":"ipJournal"},"content":{"rendered":"\t\t<div data-elementor-type=\"wp-page\" data-elementor-id=\"62250\" class=\"elementor elementor-62250 elementor-3966\" data-elementor-post-type=\"page\">\n\t\t\t\t\t\t<section class=\"elementor-section elementor-top-section elementor-element elementor-element-3c5ba81 elementor-hidden-desktop elementor-hidden-tablet elementor-hidden-mobile elementor-section-boxed elementor-section-height-default elementor-section-height-default\" data-id=\"3c5ba81\" data-element_type=\"section\" data-e-type=\"section\">\n\t\t\t\t\t\t<div class=\"elementor-container elementor-column-gap-default\">\n\t\t\t\t\t<div class=\"elementor-column elementor-col-100 elementor-top-column elementor-element elementor-element-7d0ea2f\" data-id=\"7d0ea2f\" data-element_type=\"column\" data-e-type=\"column\">\n\t\t\t<div class=\"elementor-widget-wrap elementor-element-populated\">\n\t\t\t\t\t\t<div class=\"elementor-element elementor-element-2db0f6e elementor-widget elementor-widget-text-editor\" data-id=\"2db0f6e\" data-element_type=\"widget\" data-e-type=\"widget\" data-widget_type=\"text-editor.default\">\n\t\t\t\t<div class=\"elementor-widget-container\">\n\t\t\t\t\t\t\t\t\t<p>Restez inform\u00e9 de tous les d\u00e9veloppements importants dans le domaine de l&rsquo;\u00e9co-conformit\u00e9 des produits gr\u00e2ce \u00e0 notre ipJournal.<\/p>\n\t\t\t\t\t\t\t\t<\/div>\n\t\t\t\t<\/div>\n\t\t\t\t\t<\/div>\n\t\t<\/div>\n\t\t\t\t\t<\/div>\n\t\t<\/section>\n\t\t\t\t<section class=\"elementor-section elementor-top-section elementor-element elementor-element-acfedb4 elementor-section-content-middle elementor-reverse-mobile elementor-section-height-min-height elementor-section-boxed elementor-section-height-default elementor-section-items-middle\" data-id=\"acfedb4\" data-element_type=\"section\" data-e-type=\"section\" data-settings=\"{&quot;background_background&quot;:&quot;classic&quot;}\">\n\t\t\t\t\t\t\t<div class=\"elementor-background-overlay\"><\/div>\n\t\t\t\t\t\t\t<div class=\"elementor-container elementor-column-gap-wider\">\n\t\t\t\t\t<div class=\"elementor-column elementor-col-50 elementor-top-column elementor-element elementor-element-6e438c5\" data-id=\"6e438c5\" data-element_type=\"column\" data-e-type=\"column\" data-settings=\"{&quot;background_background&quot;:&quot;classic&quot;}\">\n\t\t\t<div class=\"elementor-widget-wrap elementor-element-populated\">\n\t\t\t\t\t\t<section class=\"elementor-section elementor-inner-section elementor-element elementor-element-a2080ac elementor-section-content-middle elementor-reverse-mobile elementor-section-boxed elementor-section-height-default elementor-section-height-default elementor-invisible\" data-id=\"a2080ac\" data-element_type=\"section\" data-e-type=\"section\" data-settings=\"{&quot;animation&quot;:&quot;fadeInUp&quot;}\">\n\t\t\t\t\t\t<div class=\"elementor-container elementor-column-gap-default\">\n\t\t\t\t\t<div class=\"elementor-column elementor-col-100 elementor-inner-column elementor-element elementor-element-ca87440\" data-id=\"ca87440\" data-element_type=\"column\" data-e-type=\"column\">\n\t\t\t<div class=\"elementor-widget-wrap elementor-element-populated\">\n\t\t\t\t\t\t<div class=\"elementor-element elementor-element-4a8b644 elementor-widget elementor-widget-heading\" data-id=\"4a8b644\" data-element_type=\"widget\" data-e-type=\"widget\" data-widget_type=\"heading.default\">\n\t\t\t\t<div class=\"elementor-widget-container\">\n\t\t\t\t\t<h3 class=\"elementor-heading-title elementor-size-default\">Magazine en ligne <b>ipJournal<\/b><\/h3>\t\t\t\t<\/div>\n\t\t\t\t<\/div>\n\t\t\t\t<div class=\"elementor-element elementor-element-7cade1f elementor-widget-divider--view-line elementor-widget elementor-widget-divider\" data-id=\"7cade1f\" data-element_type=\"widget\" data-e-type=\"widget\" data-widget_type=\"divider.default\">\n\t\t\t\t<div class=\"elementor-widget-container\">\n\t\t\t\t\t\t\t<div class=\"elementor-divider\">\n\t\t\t<span class=\"elementor-divider-separator\">\n\t\t\t\t\t\t<\/span>\n\t\t<\/div>\n\t\t\t\t\t\t<\/div>\n\t\t\t\t<\/div>\n\t\t\t\t\t<\/div>\n\t\t<\/div>\n\t\t\t\t\t<\/div>\n\t\t<\/section>\n\t\t\t\t<div class=\"elementor-element elementor-element-f815519 animated-slow elementor-invisible elementor-widget elementor-widget-heading\" data-id=\"f815519\" data-element_type=\"widget\" data-e-type=\"widget\" data-settings=\"{&quot;_animation&quot;:&quot;fadeInUp&quot;,&quot;_animation_delay&quot;:100}\" data-widget_type=\"heading.default\">\n\t\t\t\t<div class=\"elementor-widget-container\">\n\t\t\t\t\t<h1 class=\"elementor-heading-title elementor-size-default\"><b>Informations professionnelles actuelles<\/b><\/h1>\t\t\t\t<\/div>\n\t\t\t\t<\/div>\n\t\t\t\t<div class=\"elementor-element elementor-element-314f976 elementor-widget elementor-widget-text-editor\" data-id=\"314f976\" data-element_type=\"widget\" data-e-type=\"widget\" data-widget_type=\"text-editor.default\">\n\t\t\t\t<div class=\"elementor-widget-container\">\n\t\t\t\t\t\t\t\t\t<p>Restez inform\u00e9(e) ! Vous trouverez ici r\u00e9guli\u00e8rement des informations actuelles sur les th\u00e8mes de la Product Environmental Compliance. Abonnez-vous \u00e9galement \u00e0 notre <a href=\"https:\/\/www.imds-professional.com\/fr\/newsletter\/\" target=\"_blank\" rel=\"noopener\">newsletter<\/a> pour ne manquer aucune information et savoir quand sont pr\u00e9vues les formations et les manifestations.<\/p>\n\t\t\t\t\t\t\t\t<\/div>\n\t\t\t\t<\/div>\n\t\t\t\t<div class=\"elementor-element elementor-element-6e59681 elementor-align-left elementor-widget elementor-widget-button\" data-id=\"6e59681\" data-element_type=\"widget\" data-e-type=\"widget\" data-settings=\"{&quot;sticky&quot;:&quot;top&quot;,&quot;sticky_offset&quot;:500,&quot;sticky_parent&quot;:&quot;yes&quot;,&quot;sticky_on&quot;:[&quot;desktop&quot;],&quot;sticky_effects_offset&quot;:0,&quot;sticky_anchor_link_offset&quot;:0}\" data-widget_type=\"button.default\">\n\t\t\t\t<div class=\"elementor-widget-container\">\n\t\t\t\t\t\t\t\t\t<div class=\"elementor-button-wrapper\">\n\t\t\t\t\t<a class=\"elementor-button elementor-button-link elementor-size-sm elementor-animation-float\" href=\"https:\/\/www.imds-professional.com\/fr\/newsletter\/\">\n\t\t\t\t\t\t<span class=\"elementor-button-content-wrapper\">\n\t\t\t\t\t\t<span class=\"elementor-button-icon\">\n\t\t\t\t<svg xmlns=\"http:\/\/www.w3.org\/2000\/svg\" id=\"b385ca18-4b85-46d4-bb4b-571c73a19812\" data-name=\"b922a425-e5e0-4ef1-881c-5748460fd139\" viewBox=\"0 0 30.125 18.1738\"><title>arrow-icon-size3<\/title><path d=\"M29.75,9.3948,21.5281,1.1735a.8479.8479,0,0,0-.601-.261L20.9124.9119a.8526.8526,0,0,0-.5956.2409.8642.8642,0,0,0-.0027,1.23l6.7618,6.7611H.7316a.8566.8566,0,1,0,0,1.7131H27.0759l-6.7591,6.7591a.8576.8576,0,0,0-.0214,1.2113.8462.8462,0,0,0,.61.2583.8949.8949,0,0,0,.621-.2556l8.2233-8.224A.8587.8587,0,0,0,29.75,9.3948Z\" transform=\"translate(0.125 -0.9119)\"><\/path><\/svg>\t\t\t<\/span>\n\t\t\t\t\t\t\t\t\t<span class=\"elementor-button-text\">Newsletter<\/span>\n\t\t\t\t\t<\/span>\n\t\t\t\t\t<\/a>\n\t\t\t\t<\/div>\n\t\t\t\t\t\t\t\t<\/div>\n\t\t\t\t<\/div>\n\t\t\t\t\t<\/div>\n\t\t<\/div>\n\t\t\t\t<div class=\"elementor-column elementor-col-50 elementor-top-column elementor-element elementor-element-f572894\" data-id=\"f572894\" data-element_type=\"column\" data-e-type=\"column\">\n\t\t\t<div class=\"elementor-widget-wrap elementor-element-populated\">\n\t\t\t\t\t\t<div class=\"elementor-element elementor-element-2f7d6b7 animated-slow elementor-invisible elementor-widget elementor-widget-image\" data-id=\"2f7d6b7\" data-element_type=\"widget\" data-e-type=\"widget\" data-settings=\"{&quot;_animation&quot;:&quot;fadeInLeft&quot;}\" data-widget_type=\"image.default\">\n\t\t\t\t<div class=\"elementor-widget-container\">\n\t\t\t\t\t\t\t\t\t\t\t\t\t\t\t<img fetchpriority=\"high\" decoding=\"async\" width=\"1424\" height=\"800\" src=\"https:\/\/www.imds-professional.com\/wp-content\/uploads\/2021\/08\/Kabel.jpg\" class=\"attachment-full size-full wp-image-53388\" alt=\"ipJournal DE\" srcset=\"https:\/\/www.imds-professional.com\/wp-content\/uploads\/2021\/08\/Kabel.jpg 1424w, https:\/\/www.imds-professional.com\/wp-content\/uploads\/2021\/08\/Kabel-300x169.jpg 300w, https:\/\/www.imds-professional.com\/wp-content\/uploads\/2021\/08\/Kabel-1024x575.jpg 1024w, https:\/\/www.imds-professional.com\/wp-content\/uploads\/2021\/08\/Kabel-768x431.jpg 768w\" sizes=\"(max-width: 1424px) 100vw, 1424px\" \/>\t\t\t\t\t\t\t\t\t\t\t\t\t\t\t<\/div>\n\t\t\t\t<\/div>\n\t\t\t\t<div class=\"elementor-element elementor-element-edeb706 animated-slow elementor-invisible elementor-widget elementor-widget-image\" data-id=\"edeb706\" data-element_type=\"widget\" data-e-type=\"widget\" data-settings=\"{&quot;_animation&quot;:&quot;fadeInRight&quot;,&quot;_animation_delay&quot;:0}\" data-widget_type=\"image.default\">\n\t\t\t\t<div class=\"elementor-widget-container\">\n\t\t\t\t\t\t\t\t\t\t\t\t\t\t\t<img decoding=\"async\" width=\"1176\" height=\"811\" src=\"https:\/\/www.imds-professional.com\/wp-content\/uploads\/2021\/08\/Welle.jpg\" class=\"attachment-full size-full wp-image-6421\" alt=\"\" srcset=\"https:\/\/www.imds-professional.com\/wp-content\/uploads\/2021\/08\/Welle.jpg 1176w, https:\/\/www.imds-professional.com\/wp-content\/uploads\/2021\/08\/Welle-300x207.jpg 300w, https:\/\/www.imds-professional.com\/wp-content\/uploads\/2021\/08\/Welle-1024x706.jpg 1024w, https:\/\/www.imds-professional.com\/wp-content\/uploads\/2021\/08\/Welle-768x530.jpg 768w\" sizes=\"(max-width: 1176px) 100vw, 1176px\" \/>\t\t\t\t\t\t\t\t\t\t\t\t\t\t\t<\/div>\n\t\t\t\t<\/div>\n\t\t\t\t\t<\/div>\n\t\t<\/div>\n\t\t\t\t\t<\/div>\n\t\t<\/section>\n\t\t\t\t<section class=\"elementor-section elementor-top-section elementor-element elementor-element-e061974 elementor-section-boxed elementor-section-height-default elementor-section-height-default\" data-id=\"e061974\" data-element_type=\"section\" data-e-type=\"section\">\n\t\t\t\t\t\t\t<div class=\"elementor-background-overlay\"><\/div>\n\t\t\t\t\t\t\t<div class=\"elementor-container elementor-column-gap-default\">\n\t\t\t\t\t<div class=\"elementor-column elementor-col-100 elementor-top-column elementor-element elementor-element-fc9b439\" data-id=\"fc9b439\" data-element_type=\"column\" data-e-type=\"column\">\n\t\t\t<div class=\"elementor-widget-wrap elementor-element-populated\">\n\t\t\t\t\t\t<div class=\"elementor-element elementor-element-b8734e0 elementor-widget elementor-widget-text-editor\" data-id=\"b8734e0\" data-element_type=\"widget\" data-e-type=\"widget\" data-widget_type=\"text-editor.default\">\n\t\t\t\t<div class=\"elementor-widget-container\">\n\t\t\t\t\t\t\t\t\t<p>Veuillez passer \u00e0 <a href=\"https:\/\/www.imds-professional.com\/en\/ipjournal\/\" target=\"_blank\" rel=\"noopener\">l&rsquo;ipJournal anglais<\/a> pour lire les articles en anglais. Ou changez pour <a href=\"https:\/\/www.imds-professional.com\/ipjournal\/\" target=\"_blank\" rel=\"noopener\">l&rsquo;ipJournal allemand<\/a> afin de lire les articles en allemand.<\/p>\t\t\t\t\t\t\t\t<\/div>\n\t\t\t\t<\/div>\n\t\t\t\t\t<\/div>\n\t\t<\/div>\n\t\t\t\t\t<\/div>\n\t\t<\/section>\n\t\t\t\t<section class=\"elementor-section elementor-top-section elementor-element elementor-element-cc46727 elementor-section-boxed elementor-section-height-default elementor-section-height-default\" data-id=\"cc46727\" data-element_type=\"section\" data-e-type=\"section\">\n\t\t\t\t\t\t<div class=\"elementor-container elementor-column-gap-default\">\n\t\t\t\t\t\t<\/div>\n\t\t<\/section>\n\t\t\t\t<section class=\"elementor-section elementor-top-section elementor-element elementor-element-e5981d2 elementor-section-boxed elementor-section-height-default elementor-section-height-default\" data-id=\"e5981d2\" data-element_type=\"section\" data-e-type=\"section\">\n\t\t\t\t\t\t<div class=\"elementor-container elementor-column-gap-default\">\n\t\t\t\t\t\t<\/div>\n\t\t<\/section>\n\t\t\t\t<\/div>\n\t\t","protected":false},"excerpt":{"rendered":"<p>Restez inform\u00e9 de tous les d\u00e9veloppements importants dans le domaine de l&rsquo;\u00e9co-conformit\u00e9 des produits gr\u00e2ce \u00e0 notre ipJournal. Magazine en ligne ipJournal Informations professionnelles actuelles Restez inform\u00e9(e) ! Vous trouverez ici r\u00e9guli\u00e8rement des informations actuelles sur les th\u00e8mes de la Product Environmental Compliance. Abonnez-vous \u00e9galement \u00e0 notre newsletter pour ne manquer aucune information et savoir [&hellip;]<\/p>\n","protected":false},"author":4,"featured_media":0,"parent":0,"menu_order":0,"comment_status":"closed","ping_status":"closed","template":"elementor_header_footer","meta":{"footnotes":""},"class_list":["post-62250","page","type-page","status-publish","hentry","entry","owp-thumbs-layout-horizontal","owp-btn-normal","owp-tabs-layout-horizontal","has-no-thumbnails","has-product-nav"],"yoast_head":"<!-- This site is optimized with the Yoast SEO plugin v27.2 - https:\/\/yoast.com\/product\/yoast-seo-wordpress\/ -->\n<title>ipJournal FR<\/title>\n<meta name=\"description\" content=\"Dans notre magazine en ligne \u00ab ipJournal \u00bb, vous trouverez des articles et des informations actuelles sur la conformit\u00e9 des mat\u00e9riaux et des produits.\" \/>\n<meta name=\"robots\" content=\"index, follow, max-snippet:-1, max-image-preview:large, max-video-preview:-1\" \/>\n<link rel=\"canonical\" href=\"https:\/\/www.imds-professional.com\/fr\/ipjournal\/\" \/>\n<meta property=\"og:locale\" content=\"fr_FR\" \/>\n<meta property=\"og:type\" content=\"article\" \/>\n<meta property=\"og:title\" content=\"ipJournal FR\" \/>\n<meta property=\"og:description\" content=\"Dans notre magazine en ligne \u00ab ipJournal \u00bb, vous trouverez des articles et des informations actuelles sur la conformit\u00e9 des mat\u00e9riaux et des produits.\" \/>\n<meta property=\"og:url\" content=\"https:\/\/www.imds-professional.com\/fr\/ipjournal\/\" \/>\n<meta property=\"og:site_name\" content=\"imds-professional\" \/>\n<meta property=\"article:modified_time\" content=\"2025-01-23T08:49:58+00:00\" \/>\n<meta property=\"og:image\" content=\"https:\/\/www.imds-professional.com\/wp-content\/uploads\/2021\/08\/Kabel.jpg\" \/>\n\t<meta property=\"og:image:width\" content=\"1424\" \/>\n\t<meta property=\"og:image:height\" content=\"800\" \/>\n\t<meta property=\"og:image:type\" content=\"image\/jpeg\" \/>\n<meta name=\"twitter:label1\" content=\"Dur\u00e9e de lecture estim\u00e9e\" \/>\n\t<meta name=\"twitter:data1\" content=\"1 minute\" \/>\n<script type=\"application\/ld+json\" class=\"yoast-schema-graph\">{\"@context\":\"https:\/\/schema.org\",\"@graph\":[{\"@type\":\"WebPage\",\"@id\":\"https:\/\/www.imds-professional.com\/fr\/ipjournal\/\",\"url\":\"https:\/\/www.imds-professional.com\/fr\/ipjournal\/\",\"name\":\"ipJournal FR\",\"isPartOf\":{\"@id\":\"https:\/\/www.imds-professional.com\/#website\"},\"primaryImageOfPage\":{\"@id\":\"https:\/\/www.imds-professional.com\/fr\/ipjournal\/#primaryimage\"},\"image\":{\"@id\":\"https:\/\/www.imds-professional.com\/fr\/ipjournal\/#primaryimage\"},\"thumbnailUrl\":\"https:\/\/www.imds-professional.com\/wp-content\/uploads\/2021\/08\/Kabel.jpg\",\"datePublished\":\"2021-06-18T11:15:13+00:00\",\"dateModified\":\"2025-01-23T08:49:58+00:00\",\"description\":\"Dans notre magazine en ligne \u00ab ipJournal \u00bb, vous trouverez des articles et des informations actuelles sur la conformit\u00e9 des mat\u00e9riaux et des produits.\",\"breadcrumb\":{\"@id\":\"https:\/\/www.imds-professional.com\/fr\/ipjournal\/#breadcrumb\"},\"inLanguage\":\"fr-FR\",\"potentialAction\":[{\"@type\":\"ReadAction\",\"target\":[\"https:\/\/www.imds-professional.com\/fr\/ipjournal\/\"]}]},{\"@type\":\"ImageObject\",\"inLanguage\":\"fr-FR\",\"@id\":\"https:\/\/www.imds-professional.com\/fr\/ipjournal\/#primaryimage\",\"url\":\"https:\/\/www.imds-professional.com\/wp-content\/uploads\/2021\/08\/Kabel.jpg\",\"contentUrl\":\"https:\/\/www.imds-professional.com\/wp-content\/uploads\/2021\/08\/Kabel.jpg\"},{\"@type\":\"BreadcrumbList\",\"@id\":\"https:\/\/www.imds-professional.com\/fr\/ipjournal\/#breadcrumb\",\"itemListElement\":[{\"@type\":\"ListItem\",\"position\":1,\"name\":\"Startseite\",\"item\":\"https:\/\/www.imds-professional.com\/en\/\"},{\"@type\":\"ListItem\",\"position\":2,\"name\":\"ipJournal\"}]},{\"@type\":\"WebSite\",\"@id\":\"https:\/\/www.imds-professional.com\/#website\",\"url\":\"https:\/\/www.imds-professional.com\/\",\"name\":\"imds-professional\",\"description\":\"Demo Seite f\u00fcr ein Projekt, nicht l\u00f6schen!!! \",\"publisher\":{\"@id\":\"https:\/\/www.imds-professional.com\/#organization\"},\"potentialAction\":[{\"@type\":\"SearchAction\",\"target\":{\"@type\":\"EntryPoint\",\"urlTemplate\":\"https:\/\/www.imds-professional.com\/?s={search_term_string}\"},\"query-input\":{\"@type\":\"PropertyValueSpecification\",\"valueRequired\":true,\"valueName\":\"search_term_string\"}}],\"inLanguage\":\"fr-FR\"},{\"@type\":\"Organization\",\"@id\":\"https:\/\/www.imds-professional.com\/#organization\",\"name\":\"imds professional GmbH & Co. KG\",\"url\":\"https:\/\/www.imds-professional.com\/\",\"logo\":{\"@type\":\"ImageObject\",\"inLanguage\":\"fr-FR\",\"@id\":\"https:\/\/www.imds-professional.com\/#\/schema\/logo\/image\/\",\"url\":\"https:\/\/www.imds-professional.com\/wp-content\/uploads\/2021\/06\/Logo-TransparentHeader.png\",\"contentUrl\":\"https:\/\/www.imds-professional.com\/wp-content\/uploads\/2021\/06\/Logo-TransparentHeader.png\",\"width\":5012,\"height\":2111,\"caption\":\"imds professional GmbH & Co. KG\"},\"image\":{\"@id\":\"https:\/\/www.imds-professional.com\/#\/schema\/logo\/image\/\"}}]}<\/script>\n<!-- \/ Yoast SEO plugin. -->","yoast_head_json":{"title":"ipJournal FR","description":"Dans notre magazine en ligne \u00ab ipJournal \u00bb, vous trouverez des articles et des informations actuelles sur la conformit\u00e9 des mat\u00e9riaux et des produits.","robots":{"index":"index","follow":"follow","max-snippet":"max-snippet:-1","max-image-preview":"max-image-preview:large","max-video-preview":"max-video-preview:-1"},"canonical":"https:\/\/www.imds-professional.com\/fr\/ipjournal\/","og_locale":"fr_FR","og_type":"article","og_title":"ipJournal FR","og_description":"Dans notre magazine en ligne \u00ab ipJournal \u00bb, vous trouverez des articles et des informations actuelles sur la conformit\u00e9 des mat\u00e9riaux et des produits.","og_url":"https:\/\/www.imds-professional.com\/fr\/ipjournal\/","og_site_name":"imds-professional","article_modified_time":"2025-01-23T08:49:58+00:00","og_image":[{"width":1424,"height":800,"url":"https:\/\/www.imds-professional.com\/wp-content\/uploads\/2021\/08\/Kabel.jpg","type":"image\/jpeg"}],"twitter_misc":{"Dur\u00e9e de lecture estim\u00e9e":"1 minute"},"schema":{"@context":"https:\/\/schema.org","@graph":[{"@type":"WebPage","@id":"https:\/\/www.imds-professional.com\/fr\/ipjournal\/","url":"https:\/\/www.imds-professional.com\/fr\/ipjournal\/","name":"ipJournal FR","isPartOf":{"@id":"https:\/\/www.imds-professional.com\/#website"},"primaryImageOfPage":{"@id":"https:\/\/www.imds-professional.com\/fr\/ipjournal\/#primaryimage"},"image":{"@id":"https:\/\/www.imds-professional.com\/fr\/ipjournal\/#primaryimage"},"thumbnailUrl":"https:\/\/www.imds-professional.com\/wp-content\/uploads\/2021\/08\/Kabel.jpg","datePublished":"2021-06-18T11:15:13+00:00","dateModified":"2025-01-23T08:49:58+00:00","description":"Dans notre magazine en ligne \u00ab ipJournal \u00bb, vous trouverez des articles et des informations actuelles sur la conformit\u00e9 des mat\u00e9riaux et des produits.","breadcrumb":{"@id":"https:\/\/www.imds-professional.com\/fr\/ipjournal\/#breadcrumb"},"inLanguage":"fr-FR","potentialAction":[{"@type":"ReadAction","target":["https:\/\/www.imds-professional.com\/fr\/ipjournal\/"]}]},{"@type":"ImageObject","inLanguage":"fr-FR","@id":"https:\/\/www.imds-professional.com\/fr\/ipjournal\/#primaryimage","url":"https:\/\/www.imds-professional.com\/wp-content\/uploads\/2021\/08\/Kabel.jpg","contentUrl":"https:\/\/www.imds-professional.com\/wp-content\/uploads\/2021\/08\/Kabel.jpg"},{"@type":"BreadcrumbList","@id":"https:\/\/www.imds-professional.com\/fr\/ipjournal\/#breadcrumb","itemListElement":[{"@type":"ListItem","position":1,"name":"Startseite","item":"https:\/\/www.imds-professional.com\/en\/"},{"@type":"ListItem","position":2,"name":"ipJournal"}]},{"@type":"WebSite","@id":"https:\/\/www.imds-professional.com\/#website","url":"https:\/\/www.imds-professional.com\/","name":"imds-professional","description":"Demo Seite f\u00fcr ein Projekt, nicht l\u00f6schen!!! ","publisher":{"@id":"https:\/\/www.imds-professional.com\/#organization"},"potentialAction":[{"@type":"SearchAction","target":{"@type":"EntryPoint","urlTemplate":"https:\/\/www.imds-professional.com\/?s={search_term_string}"},"query-input":{"@type":"PropertyValueSpecification","valueRequired":true,"valueName":"search_term_string"}}],"inLanguage":"fr-FR"},{"@type":"Organization","@id":"https:\/\/www.imds-professional.com\/#organization","name":"imds professional GmbH & Co. KG","url":"https:\/\/www.imds-professional.com\/","logo":{"@type":"ImageObject","inLanguage":"fr-FR","@id":"https:\/\/www.imds-professional.com\/#\/schema\/logo\/image\/","url":"https:\/\/www.imds-professional.com\/wp-content\/uploads\/2021\/06\/Logo-TransparentHeader.png","contentUrl":"https:\/\/www.imds-professional.com\/wp-content\/uploads\/2021\/06\/Logo-TransparentHeader.png","width":5012,"height":2111,"caption":"imds professional GmbH & Co. KG"},"image":{"@id":"https:\/\/www.imds-professional.com\/#\/schema\/logo\/image\/"}}]}},"_links":{"self":[{"href":"https:\/\/www.imds-professional.com\/fr\/wp-json\/wp\/v2\/pages\/62250","targetHints":{"allow":["GET"]}}],"collection":[{"href":"https:\/\/www.imds-professional.com\/fr\/wp-json\/wp\/v2\/pages"}],"about":[{"href":"https:\/\/www.imds-professional.com\/fr\/wp-json\/wp\/v2\/types\/page"}],"author":[{"embeddable":true,"href":"https:\/\/www.imds-professional.com\/fr\/wp-json\/wp\/v2\/users\/4"}],"replies":[{"embeddable":true,"href":"https:\/\/www.imds-professional.com\/fr\/wp-json\/wp\/v2\/comments?post=62250"}],"version-history":[{"count":4,"href":"https:\/\/www.imds-professional.com\/fr\/wp-json\/wp\/v2\/pages\/62250\/revisions"}],"predecessor-version":[{"id":62259,"href":"https:\/\/www.imds-professional.com\/fr\/wp-json\/wp\/v2\/pages\/62250\/revisions\/62259"}],"wp:attachment":[{"href":"https:\/\/www.imds-professional.com\/fr\/wp-json\/wp\/v2\/media?parent=62250"}],"curies":[{"name":"wp","href":"https:\/\/api.w.org\/{rel}","templated":true}]}}