{"id":40281,"date":"2023-01-18T12:02:10","date_gmt":"2023-01-18T11:02:10","guid":{"rendered":"https:\/\/www.imds-professional.com\/produkt\/conformite-des-materiaux-et-des-produits-une-introduction-6213\/"},"modified":"2023-05-30T11:01:26","modified_gmt":"2023-05-30T09:01:26","slug":"conformite-des-materiaux-et-des-produits-une-introduction-6213","status":"publish","type":"product","link":"https:\/\/www.imds-professional.com\/fr\/produkt\/conformite-des-materiaux-et-des-produits-une-introduction-6213\/","title":{"rendered":"Conformit\u00e9 des mat\u00e9riaux et des produits &#8211; une introduction (6213)"},"content":{"rendered":"","protected":false},"excerpt":{"rendered":"","protected":false},"featured_media":0,"template":"","meta":[],"product_brand":[],"product_cat":[],"product_tag":[413],"class_list":{"0":"post-40281","1":"product","2":"type-product","3":"status-publish","5":"product_tag-events-manager-fr","7":"entry","9":"first","10":"instock","11":"sold-individually","12":"purchasable","13":"product-type-variable","14":"has-product-nav","15":"col","16":"span_1_of_3","17":"owp-content-center","18":"owp-thumbs-layout-horizontal","19":"owp-btn-normal","20":"owp-tabs-layout-horizontal","21":"has-no-thumbnails"},"yoast_head":"<!-- This site is optimized with the Yoast SEO plugin v27.5 - https:\/\/yoast.com\/product\/yoast-seo-wordpress\/ -->\n<title>Conformit\u00e9 des mat\u00e9riaux et des produits - introduction<\/title>\n<meta name=\"description\" content=\"Apr\u00e8s cette formation, vous conna\u00eetrez les principaux contextes et objectifs des exigences europ\u00e9ennes et mondiales en mati\u00e8re de conformit\u00e9 des mat\u00e9riaux et des produits, telles que REACH, RoHS, la directive-cadre sur les d\u00e9chets et TSCA, et vous saurez quels syst\u00e8mes et outils utiliser pour les rapports.\" \/>\n<meta name=\"robots\" content=\"index, follow, max-snippet:-1, max-image-preview:large, max-video-preview:-1\" \/>\n<link rel=\"canonical\" href=\"https:\/\/www.imds-professional.com\/fr\/produkt\/conformite-des-materiaux-et-des-produits-une-introduction-6213\/\" \/>\n<meta property=\"og:locale\" content=\"fr_FR\" \/>\n<meta property=\"og:type\" content=\"article\" \/>\n<meta property=\"og:title\" content=\"Conformit\u00e9 des mat\u00e9riaux et des produits - introduction\" \/>\n<meta property=\"og:description\" content=\"Apr\u00e8s cette formation, vous conna\u00eetrez les principaux contextes et objectifs des exigences europ\u00e9ennes et mondiales en mati\u00e8re de conformit\u00e9 des mat\u00e9riaux et des produits, telles que REACH, RoHS, la directive-cadre sur les d\u00e9chets et TSCA, et vous saurez quels syst\u00e8mes et outils utiliser pour les rapports.\" \/>\n<meta property=\"og:url\" content=\"https:\/\/www.imds-professional.com\/fr\/produkt\/conformite-des-materiaux-et-des-produits-une-introduction-6213\/\" \/>\n<meta property=\"og:site_name\" content=\"imds-professional\" \/>\n<meta property=\"article:modified_time\" content=\"2023-05-30T09:01:26+00:00\" \/>\n<script type=\"application\/ld+json\" class=\"yoast-schema-graph\">{\"@context\":\"https:\\\/\\\/schema.org\",\"@graph\":[{\"@type\":\"WebPage\",\"@id\":\"https:\\\/\\\/www.imds-professional.com\\\/fr\\\/produkt\\\/conformite-des-materiaux-et-des-produits-une-introduction-6213\\\/\",\"url\":\"https:\\\/\\\/www.imds-professional.com\\\/fr\\\/produkt\\\/conformite-des-materiaux-et-des-produits-une-introduction-6213\\\/\",\"name\":\"Conformit\u00e9 des mat\u00e9riaux et des produits - introduction\",\"isPartOf\":{\"@id\":\"https:\\\/\\\/www.imds-professional.com\\\/#website\"},\"datePublished\":\"2023-01-18T11:02:10+00:00\",\"dateModified\":\"2023-05-30T09:01:26+00:00\",\"description\":\"Apr\u00e8s cette formation, vous conna\u00eetrez les principaux contextes et objectifs des exigences europ\u00e9ennes et mondiales en mati\u00e8re de conformit\u00e9 des mat\u00e9riaux et des produits, telles que REACH, RoHS, la directive-cadre sur les d\u00e9chets et TSCA, et vous saurez quels syst\u00e8mes et outils utiliser pour les rapports.\",\"breadcrumb\":{\"@id\":\"https:\\\/\\\/www.imds-professional.com\\\/fr\\\/produkt\\\/conformite-des-materiaux-et-des-produits-une-introduction-6213\\\/#breadcrumb\"},\"inLanguage\":\"fr-FR\",\"potentialAction\":[{\"@type\":\"ReadAction\",\"target\":[\"https:\\\/\\\/www.imds-professional.com\\\/fr\\\/produkt\\\/conformite-des-materiaux-et-des-produits-une-introduction-6213\\\/\"]}]},{\"@type\":\"BreadcrumbList\",\"@id\":\"https:\\\/\\\/www.imds-professional.com\\\/fr\\\/produkt\\\/conformite-des-materiaux-et-des-produits-une-introduction-6213\\\/#breadcrumb\",\"itemListElement\":[{\"@type\":\"ListItem\",\"position\":1,\"name\":\"Startseite\",\"item\":\"https:\\\/\\\/www.imds-professional.com\\\/en\\\/\"},{\"@type\":\"ListItem\",\"position\":2,\"name\":\"Boutique\",\"item\":\"https:\\\/\\\/www.imds-professional.com\\\/shop\\\/\"},{\"@type\":\"ListItem\",\"position\":3,\"name\":\"Conformit\u00e9 des mat\u00e9riaux et des produits &#8211; une introduction (6213)\"}]},{\"@type\":\"WebSite\",\"@id\":\"https:\\\/\\\/www.imds-professional.com\\\/#website\",\"url\":\"https:\\\/\\\/www.imds-professional.com\\\/\",\"name\":\"imds-professional\",\"description\":\"Demo Seite f\u00fcr ein Projekt, nicht l\u00f6schen!!! \",\"publisher\":{\"@id\":\"https:\\\/\\\/www.imds-professional.com\\\/#organization\"},\"potentialAction\":[{\"@type\":\"SearchAction\",\"target\":{\"@type\":\"EntryPoint\",\"urlTemplate\":\"https:\\\/\\\/www.imds-professional.com\\\/?s={search_term_string}\"},\"query-input\":{\"@type\":\"PropertyValueSpecification\",\"valueRequired\":true,\"valueName\":\"search_term_string\"}}],\"inLanguage\":\"fr-FR\"},{\"@type\":\"Organization\",\"@id\":\"https:\\\/\\\/www.imds-professional.com\\\/#organization\",\"name\":\"imds professional GmbH & Co. KG\",\"url\":\"https:\\\/\\\/www.imds-professional.com\\\/\",\"logo\":{\"@type\":\"ImageObject\",\"inLanguage\":\"fr-FR\",\"@id\":\"https:\\\/\\\/www.imds-professional.com\\\/#\\\/schema\\\/logo\\\/image\\\/\",\"url\":\"https:\\\/\\\/www.imds-professional.com\\\/wp-content\\\/uploads\\\/2021\\\/06\\\/Logo-TransparentHeader.png\",\"contentUrl\":\"https:\\\/\\\/www.imds-professional.com\\\/wp-content\\\/uploads\\\/2021\\\/06\\\/Logo-TransparentHeader.png\",\"width\":5012,\"height\":2111,\"caption\":\"imds professional GmbH & Co. KG\"},\"image\":{\"@id\":\"https:\\\/\\\/www.imds-professional.com\\\/#\\\/schema\\\/logo\\\/image\\\/\"}}]}<\/script>\n<!-- \/ Yoast SEO plugin. -->","yoast_head_json":{"title":"Conformit\u00e9 des mat\u00e9riaux et des produits - introduction","description":"Apr\u00e8s cette formation, vous conna\u00eetrez les principaux contextes et objectifs des exigences europ\u00e9ennes et mondiales en mati\u00e8re de conformit\u00e9 des mat\u00e9riaux et des produits, telles que REACH, RoHS, la directive-cadre sur les d\u00e9chets et TSCA, et vous saurez quels syst\u00e8mes et outils utiliser pour les rapports.","robots":{"index":"index","follow":"follow","max-snippet":"max-snippet:-1","max-image-preview":"max-image-preview:large","max-video-preview":"max-video-preview:-1"},"canonical":"https:\/\/www.imds-professional.com\/fr\/produkt\/conformite-des-materiaux-et-des-produits-une-introduction-6213\/","og_locale":"fr_FR","og_type":"article","og_title":"Conformit\u00e9 des mat\u00e9riaux et des produits - introduction","og_description":"Apr\u00e8s cette formation, vous conna\u00eetrez les principaux contextes et objectifs des exigences europ\u00e9ennes et mondiales en mati\u00e8re de conformit\u00e9 des mat\u00e9riaux et des produits, telles que REACH, RoHS, la directive-cadre sur les d\u00e9chets et TSCA, et vous saurez quels syst\u00e8mes et outils utiliser pour les rapports.","og_url":"https:\/\/www.imds-professional.com\/fr\/produkt\/conformite-des-materiaux-et-des-produits-une-introduction-6213\/","og_site_name":"imds-professional","article_modified_time":"2023-05-30T09:01:26+00:00","schema":{"@context":"https:\/\/schema.org","@graph":[{"@type":"WebPage","@id":"https:\/\/www.imds-professional.com\/fr\/produkt\/conformite-des-materiaux-et-des-produits-une-introduction-6213\/","url":"https:\/\/www.imds-professional.com\/fr\/produkt\/conformite-des-materiaux-et-des-produits-une-introduction-6213\/","name":"Conformit\u00e9 des mat\u00e9riaux et des produits - introduction","isPartOf":{"@id":"https:\/\/www.imds-professional.com\/#website"},"datePublished":"2023-01-18T11:02:10+00:00","dateModified":"2023-05-30T09:01:26+00:00","description":"Apr\u00e8s cette formation, vous conna\u00eetrez les principaux contextes et objectifs des exigences europ\u00e9ennes et mondiales en mati\u00e8re de conformit\u00e9 des mat\u00e9riaux et des produits, telles que REACH, RoHS, la directive-cadre sur les d\u00e9chets et TSCA, et vous saurez quels syst\u00e8mes et outils utiliser pour les rapports.","breadcrumb":{"@id":"https:\/\/www.imds-professional.com\/fr\/produkt\/conformite-des-materiaux-et-des-produits-une-introduction-6213\/#breadcrumb"},"inLanguage":"fr-FR","potentialAction":[{"@type":"ReadAction","target":["https:\/\/www.imds-professional.com\/fr\/produkt\/conformite-des-materiaux-et-des-produits-une-introduction-6213\/"]}]},{"@type":"BreadcrumbList","@id":"https:\/\/www.imds-professional.com\/fr\/produkt\/conformite-des-materiaux-et-des-produits-une-introduction-6213\/#breadcrumb","itemListElement":[{"@type":"ListItem","position":1,"name":"Startseite","item":"https:\/\/www.imds-professional.com\/en\/"},{"@type":"ListItem","position":2,"name":"Boutique","item":"https:\/\/www.imds-professional.com\/shop\/"},{"@type":"ListItem","position":3,"name":"Conformit\u00e9 des mat\u00e9riaux et des produits &#8211; une introduction (6213)"}]},{"@type":"WebSite","@id":"https:\/\/www.imds-professional.com\/#website","url":"https:\/\/www.imds-professional.com\/","name":"imds-professional","description":"Demo Seite f\u00fcr ein Projekt, nicht l\u00f6schen!!! ","publisher":{"@id":"https:\/\/www.imds-professional.com\/#organization"},"potentialAction":[{"@type":"SearchAction","target":{"@type":"EntryPoint","urlTemplate":"https:\/\/www.imds-professional.com\/?s={search_term_string}"},"query-input":{"@type":"PropertyValueSpecification","valueRequired":true,"valueName":"search_term_string"}}],"inLanguage":"fr-FR"},{"@type":"Organization","@id":"https:\/\/www.imds-professional.com\/#organization","name":"imds professional GmbH & Co. KG","url":"https:\/\/www.imds-professional.com\/","logo":{"@type":"ImageObject","inLanguage":"fr-FR","@id":"https:\/\/www.imds-professional.com\/#\/schema\/logo\/image\/","url":"https:\/\/www.imds-professional.com\/wp-content\/uploads\/2021\/06\/Logo-TransparentHeader.png","contentUrl":"https:\/\/www.imds-professional.com\/wp-content\/uploads\/2021\/06\/Logo-TransparentHeader.png","width":5012,"height":2111,"caption":"imds professional GmbH & Co. KG"},"image":{"@id":"https:\/\/www.imds-professional.com\/#\/schema\/logo\/image\/"}}]}},"_links":{"self":[{"href":"https:\/\/www.imds-professional.com\/fr\/wp-json\/wp\/v2\/product\/40281","targetHints":{"allow":["GET"]}}],"collection":[{"href":"https:\/\/www.imds-professional.com\/fr\/wp-json\/wp\/v2\/product"}],"about":[{"href":"https:\/\/www.imds-professional.com\/fr\/wp-json\/wp\/v2\/types\/product"}],"wp:attachment":[{"href":"https:\/\/www.imds-professional.com\/fr\/wp-json\/wp\/v2\/media?parent=40281"}],"wp:term":[{"taxonomy":"product_brand","embeddable":true,"href":"https:\/\/www.imds-professional.com\/fr\/wp-json\/wp\/v2\/product_brand?post=40281"},{"taxonomy":"product_cat","embeddable":true,"href":"https:\/\/www.imds-professional.com\/fr\/wp-json\/wp\/v2\/product_cat?post=40281"},{"taxonomy":"product_tag","embeddable":true,"href":"https:\/\/www.imds-professional.com\/fr\/wp-json\/wp\/v2\/product_tag?post=40281"}],"curies":[{"name":"wp","href":"https:\/\/api.w.org\/{rel}","templated":true}]}}