{"id":43779,"date":"2023-04-27T09:56:01","date_gmt":"2023-04-27T07:56:01","guid":{"rendered":"https:\/\/www.imds-professional.com\/produkt\/imds-connaissances-fondamentales-6120\/"},"modified":"2023-12-07T09:10:16","modified_gmt":"2023-12-07T08:10:16","slug":"imds-connaissances-fondamentales-6120","status":"publish","type":"product","link":"https:\/\/www.imds-professional.com\/fr\/produkt\/imds-connaissances-fondamentales-6120\/","title":{"rendered":"IMDS \u2013 Connaissances fondamentales (6120)"},"content":{"rendered":"","protected":false},"excerpt":{"rendered":"","protected":false},"featured_media":0,"template":"","meta":[],"product_brand":[],"product_cat":[],"product_tag":[413],"class_list":{"0":"post-43779","1":"product","2":"type-product","3":"status-publish","5":"product_tag-events-manager-fr","7":"entry","9":"first","10":"instock","11":"sold-individually","12":"purchasable","13":"product-type-variable","14":"has-product-nav","15":"col","16":"span_1_of_3","17":"owp-content-center","18":"owp-thumbs-layout-horizontal","19":"owp-btn-normal","20":"owp-tabs-layout-horizontal","21":"has-no-thumbnails"},"yoast_head":"<!-- This site is optimized with the Yoast SEO plugin v27.2 - https:\/\/yoast.com\/product\/yoast-seo-wordpress\/ -->\n<title>IMDS \u2013 Connaissances fondamentales<\/title>\n<meta name=\"description\" content=\"Apr\u00e8s ce cours, vous ma\u00eetriserez l&#039;utilisation correcte de l&#039;IMDS afin de cr\u00e9er vous-m\u00eame des fiches de donn\u00e9es de mat\u00e9riaux (FDM) et de r\u00e9pondre ainsi aux exigences de l&#039;industrie automobile. De nombreux exercices pratiques vous y aideront.\" \/>\n<meta name=\"robots\" content=\"index, follow, max-snippet:-1, max-image-preview:large, max-video-preview:-1\" \/>\n<link rel=\"canonical\" href=\"https:\/\/www.imds-professional.com\/fr\/produkt\/imds-connaissances-fondamentales-6120\/\" \/>\n<meta property=\"og:locale\" content=\"fr_FR\" \/>\n<meta property=\"og:type\" content=\"article\" \/>\n<meta property=\"og:title\" content=\"IMDS \u2013 Connaissances fondamentales\" \/>\n<meta property=\"og:description\" content=\"Apr\u00e8s ce cours, vous ma\u00eetriserez l&#039;utilisation correcte de l&#039;IMDS afin de cr\u00e9er vous-m\u00eame des fiches de donn\u00e9es de mat\u00e9riaux (FDM) et de r\u00e9pondre ainsi aux exigences de l&#039;industrie automobile. De nombreux exercices pratiques vous y aideront.\" \/>\n<meta property=\"og:url\" content=\"https:\/\/www.imds-professional.com\/fr\/produkt\/imds-connaissances-fondamentales-6120\/\" \/>\n<meta property=\"og:site_name\" content=\"imds-professional\" \/>\n<meta property=\"article:modified_time\" content=\"2023-12-07T08:10:16+00:00\" \/>\n<script type=\"application\/ld+json\" class=\"yoast-schema-graph\">{\"@context\":\"https:\/\/schema.org\",\"@graph\":[{\"@type\":\"WebPage\",\"@id\":\"https:\/\/www.imds-professional.com\/fr\/produkt\/imds-connaissances-fondamentales-6120\/\",\"url\":\"https:\/\/www.imds-professional.com\/fr\/produkt\/imds-connaissances-fondamentales-6120\/\",\"name\":\"IMDS \u2013 Connaissances fondamentales\",\"isPartOf\":{\"@id\":\"https:\/\/www.imds-professional.com\/#website\"},\"datePublished\":\"2023-04-27T07:56:01+00:00\",\"dateModified\":\"2023-12-07T08:10:16+00:00\",\"description\":\"Apr\u00e8s ce cours, vous ma\u00eetriserez l'utilisation correcte de l'IMDS afin de cr\u00e9er vous-m\u00eame des fiches de donn\u00e9es de mat\u00e9riaux (FDM) et de r\u00e9pondre ainsi aux exigences de l'industrie automobile. De nombreux exercices pratiques vous y aideront.\",\"breadcrumb\":{\"@id\":\"https:\/\/www.imds-professional.com\/fr\/produkt\/imds-connaissances-fondamentales-6120\/#breadcrumb\"},\"inLanguage\":\"fr-FR\",\"potentialAction\":[{\"@type\":\"ReadAction\",\"target\":[\"https:\/\/www.imds-professional.com\/fr\/produkt\/imds-connaissances-fondamentales-6120\/\"]}]},{\"@type\":\"BreadcrumbList\",\"@id\":\"https:\/\/www.imds-professional.com\/fr\/produkt\/imds-connaissances-fondamentales-6120\/#breadcrumb\",\"itemListElement\":[{\"@type\":\"ListItem\",\"position\":1,\"name\":\"Startseite\",\"item\":\"https:\/\/www.imds-professional.com\/en\/\"},{\"@type\":\"ListItem\",\"position\":2,\"name\":\"Boutique\",\"item\":\"https:\/\/www.imds-professional.com\/shop\/\"},{\"@type\":\"ListItem\",\"position\":3,\"name\":\"IMDS \u2013 Connaissances fondamentales (6120)\"}]},{\"@type\":\"WebSite\",\"@id\":\"https:\/\/www.imds-professional.com\/#website\",\"url\":\"https:\/\/www.imds-professional.com\/\",\"name\":\"imds-professional\",\"description\":\"Demo Seite f\u00fcr ein Projekt, nicht l\u00f6schen!!! \",\"publisher\":{\"@id\":\"https:\/\/www.imds-professional.com\/#organization\"},\"potentialAction\":[{\"@type\":\"SearchAction\",\"target\":{\"@type\":\"EntryPoint\",\"urlTemplate\":\"https:\/\/www.imds-professional.com\/?s={search_term_string}\"},\"query-input\":{\"@type\":\"PropertyValueSpecification\",\"valueRequired\":true,\"valueName\":\"search_term_string\"}}],\"inLanguage\":\"fr-FR\"},{\"@type\":\"Organization\",\"@id\":\"https:\/\/www.imds-professional.com\/#organization\",\"name\":\"imds professional GmbH & Co. KG\",\"url\":\"https:\/\/www.imds-professional.com\/\",\"logo\":{\"@type\":\"ImageObject\",\"inLanguage\":\"fr-FR\",\"@id\":\"https:\/\/www.imds-professional.com\/#\/schema\/logo\/image\/\",\"url\":\"https:\/\/www.imds-professional.com\/wp-content\/uploads\/2021\/06\/Logo-TransparentHeader.png\",\"contentUrl\":\"https:\/\/www.imds-professional.com\/wp-content\/uploads\/2021\/06\/Logo-TransparentHeader.png\",\"width\":5012,\"height\":2111,\"caption\":\"imds professional GmbH & Co. KG\"},\"image\":{\"@id\":\"https:\/\/www.imds-professional.com\/#\/schema\/logo\/image\/\"}}]}<\/script>\n<!-- \/ Yoast SEO plugin. -->","yoast_head_json":{"title":"IMDS \u2013 Connaissances fondamentales","description":"Apr\u00e8s ce cours, vous ma\u00eetriserez l'utilisation correcte de l'IMDS afin de cr\u00e9er vous-m\u00eame des fiches de donn\u00e9es de mat\u00e9riaux (FDM) et de r\u00e9pondre ainsi aux exigences de l'industrie automobile. De nombreux exercices pratiques vous y aideront.","robots":{"index":"index","follow":"follow","max-snippet":"max-snippet:-1","max-image-preview":"max-image-preview:large","max-video-preview":"max-video-preview:-1"},"canonical":"https:\/\/www.imds-professional.com\/fr\/produkt\/imds-connaissances-fondamentales-6120\/","og_locale":"fr_FR","og_type":"article","og_title":"IMDS \u2013 Connaissances fondamentales","og_description":"Apr\u00e8s ce cours, vous ma\u00eetriserez l'utilisation correcte de l'IMDS afin de cr\u00e9er vous-m\u00eame des fiches de donn\u00e9es de mat\u00e9riaux (FDM) et de r\u00e9pondre ainsi aux exigences de l'industrie automobile. De nombreux exercices pratiques vous y aideront.","og_url":"https:\/\/www.imds-professional.com\/fr\/produkt\/imds-connaissances-fondamentales-6120\/","og_site_name":"imds-professional","article_modified_time":"2023-12-07T08:10:16+00:00","schema":{"@context":"https:\/\/schema.org","@graph":[{"@type":"WebPage","@id":"https:\/\/www.imds-professional.com\/fr\/produkt\/imds-connaissances-fondamentales-6120\/","url":"https:\/\/www.imds-professional.com\/fr\/produkt\/imds-connaissances-fondamentales-6120\/","name":"IMDS \u2013 Connaissances fondamentales","isPartOf":{"@id":"https:\/\/www.imds-professional.com\/#website"},"datePublished":"2023-04-27T07:56:01+00:00","dateModified":"2023-12-07T08:10:16+00:00","description":"Apr\u00e8s ce cours, vous ma\u00eetriserez l'utilisation correcte de l'IMDS afin de cr\u00e9er vous-m\u00eame des fiches de donn\u00e9es de mat\u00e9riaux (FDM) et de r\u00e9pondre ainsi aux exigences de l'industrie automobile. De nombreux exercices pratiques vous y aideront.","breadcrumb":{"@id":"https:\/\/www.imds-professional.com\/fr\/produkt\/imds-connaissances-fondamentales-6120\/#breadcrumb"},"inLanguage":"fr-FR","potentialAction":[{"@type":"ReadAction","target":["https:\/\/www.imds-professional.com\/fr\/produkt\/imds-connaissances-fondamentales-6120\/"]}]},{"@type":"BreadcrumbList","@id":"https:\/\/www.imds-professional.com\/fr\/produkt\/imds-connaissances-fondamentales-6120\/#breadcrumb","itemListElement":[{"@type":"ListItem","position":1,"name":"Startseite","item":"https:\/\/www.imds-professional.com\/en\/"},{"@type":"ListItem","position":2,"name":"Boutique","item":"https:\/\/www.imds-professional.com\/shop\/"},{"@type":"ListItem","position":3,"name":"IMDS \u2013 Connaissances fondamentales (6120)"}]},{"@type":"WebSite","@id":"https:\/\/www.imds-professional.com\/#website","url":"https:\/\/www.imds-professional.com\/","name":"imds-professional","description":"Demo Seite f\u00fcr ein Projekt, nicht l\u00f6schen!!! ","publisher":{"@id":"https:\/\/www.imds-professional.com\/#organization"},"potentialAction":[{"@type":"SearchAction","target":{"@type":"EntryPoint","urlTemplate":"https:\/\/www.imds-professional.com\/?s={search_term_string}"},"query-input":{"@type":"PropertyValueSpecification","valueRequired":true,"valueName":"search_term_string"}}],"inLanguage":"fr-FR"},{"@type":"Organization","@id":"https:\/\/www.imds-professional.com\/#organization","name":"imds professional GmbH & Co. KG","url":"https:\/\/www.imds-professional.com\/","logo":{"@type":"ImageObject","inLanguage":"fr-FR","@id":"https:\/\/www.imds-professional.com\/#\/schema\/logo\/image\/","url":"https:\/\/www.imds-professional.com\/wp-content\/uploads\/2021\/06\/Logo-TransparentHeader.png","contentUrl":"https:\/\/www.imds-professional.com\/wp-content\/uploads\/2021\/06\/Logo-TransparentHeader.png","width":5012,"height":2111,"caption":"imds professional GmbH & Co. KG"},"image":{"@id":"https:\/\/www.imds-professional.com\/#\/schema\/logo\/image\/"}}]}},"_links":{"self":[{"href":"https:\/\/www.imds-professional.com\/fr\/wp-json\/wp\/v2\/product\/43779","targetHints":{"allow":["GET"]}}],"collection":[{"href":"https:\/\/www.imds-professional.com\/fr\/wp-json\/wp\/v2\/product"}],"about":[{"href":"https:\/\/www.imds-professional.com\/fr\/wp-json\/wp\/v2\/types\/product"}],"wp:attachment":[{"href":"https:\/\/www.imds-professional.com\/fr\/wp-json\/wp\/v2\/media?parent=43779"}],"wp:term":[{"taxonomy":"product_brand","embeddable":true,"href":"https:\/\/www.imds-professional.com\/fr\/wp-json\/wp\/v2\/product_brand?post=43779"},{"taxonomy":"product_cat","embeddable":true,"href":"https:\/\/www.imds-professional.com\/fr\/wp-json\/wp\/v2\/product_cat?post=43779"},{"taxonomy":"product_tag","embeddable":true,"href":"https:\/\/www.imds-professional.com\/fr\/wp-json\/wp\/v2\/product_tag?post=43779"}],"curies":[{"name":"wp","href":"https:\/\/api.w.org\/{rel}","templated":true}]}}