{"id":43795,"date":"2023-04-27T10:06:31","date_gmt":"2023-04-27T08:06:31","guid":{"rendered":"https:\/\/www.imds-professional.com\/produkt\/demarrage-rapide-de-la-creation-dune-fiche-technique-mds-6117\/"},"modified":"2023-11-27T07:28:47","modified_gmt":"2023-11-27T06:28:47","slug":"demarrage-rapide-de-la-creation-dune-fiche-technique-mds-6117","status":"publish","type":"product","link":"https:\/\/www.imds-professional.com\/fr\/produkt\/demarrage-rapide-de-la-creation-dune-fiche-technique-mds-6117\/","title":{"rendered":"D\u00e9marrage rapide de la cr\u00e9ation d&rsquo;une fiche technique (MDS) (6117)"},"content":{"rendered":"","protected":false},"excerpt":{"rendered":"","protected":false},"featured_media":0,"template":"","meta":[],"product_brand":[],"product_cat":[],"product_tag":[413],"class_list":{"0":"post-43795","1":"product","2":"type-product","3":"status-publish","5":"product_tag-events-manager-fr","7":"entry","9":"first","10":"instock","11":"sold-individually","12":"purchasable","13":"product-type-variable","14":"has-product-nav","15":"col","16":"span_1_of_3","17":"owp-content-center","18":"owp-thumbs-layout-horizontal","19":"owp-btn-normal","20":"owp-tabs-layout-horizontal","21":"has-no-thumbnails"},"yoast_head":"<!-- This site is optimized with the Yoast SEO plugin v27.3 - https:\/\/yoast.com\/product\/yoast-seo-wordpress\/ -->\n<title>D\u00e9marrage rapide de la cr\u00e9ation d&#039;une fiche technique<\/title>\n<meta name=\"description\" content=\"Apr\u00e8s ce cours, vous serez en mesure de cr\u00e9er, d&#039;envoyer et de g\u00e9rer des fiches de donn\u00e9es de mat\u00e9riaux (FDM) dans IMDS et de cr\u00e9er des arborescences.\" \/>\n<meta name=\"robots\" content=\"index, follow, max-snippet:-1, max-image-preview:large, max-video-preview:-1\" \/>\n<link rel=\"canonical\" href=\"https:\/\/www.imds-professional.com\/fr\/produkt\/demarrage-rapide-de-la-creation-dune-fiche-technique-mds-6117\/\" \/>\n<meta property=\"og:locale\" content=\"fr_FR\" \/>\n<meta property=\"og:type\" content=\"article\" \/>\n<meta property=\"og:title\" content=\"D\u00e9marrage rapide de la cr\u00e9ation d&#039;une fiche technique\" \/>\n<meta property=\"og:description\" content=\"Apr\u00e8s ce cours, vous serez en mesure de cr\u00e9er, d&#039;envoyer et de g\u00e9rer des fiches de donn\u00e9es de mat\u00e9riaux (FDM) dans IMDS et de cr\u00e9er des arborescences.\" \/>\n<meta property=\"og:url\" content=\"https:\/\/www.imds-professional.com\/fr\/produkt\/demarrage-rapide-de-la-creation-dune-fiche-technique-mds-6117\/\" \/>\n<meta property=\"og:site_name\" content=\"imds-professional\" \/>\n<meta property=\"article:modified_time\" content=\"2023-11-27T06:28:47+00:00\" \/>\n<script type=\"application\/ld+json\" class=\"yoast-schema-graph\">{\"@context\":\"https:\\\/\\\/schema.org\",\"@graph\":[{\"@type\":\"WebPage\",\"@id\":\"https:\\\/\\\/www.imds-professional.com\\\/fr\\\/produkt\\\/demarrage-rapide-de-la-creation-dune-fiche-technique-mds-6117\\\/\",\"url\":\"https:\\\/\\\/www.imds-professional.com\\\/fr\\\/produkt\\\/demarrage-rapide-de-la-creation-dune-fiche-technique-mds-6117\\\/\",\"name\":\"D\u00e9marrage rapide de la cr\u00e9ation d'une fiche technique\",\"isPartOf\":{\"@id\":\"https:\\\/\\\/www.imds-professional.com\\\/#website\"},\"datePublished\":\"2023-04-27T08:06:31+00:00\",\"dateModified\":\"2023-11-27T06:28:47+00:00\",\"description\":\"Apr\u00e8s ce cours, vous serez en mesure de cr\u00e9er, d'envoyer et de g\u00e9rer des fiches de donn\u00e9es de mat\u00e9riaux (FDM) dans IMDS et de cr\u00e9er des arborescences.\",\"breadcrumb\":{\"@id\":\"https:\\\/\\\/www.imds-professional.com\\\/fr\\\/produkt\\\/demarrage-rapide-de-la-creation-dune-fiche-technique-mds-6117\\\/#breadcrumb\"},\"inLanguage\":\"fr-FR\",\"potentialAction\":[{\"@type\":\"ReadAction\",\"target\":[\"https:\\\/\\\/www.imds-professional.com\\\/fr\\\/produkt\\\/demarrage-rapide-de-la-creation-dune-fiche-technique-mds-6117\\\/\"]}]},{\"@type\":\"BreadcrumbList\",\"@id\":\"https:\\\/\\\/www.imds-professional.com\\\/fr\\\/produkt\\\/demarrage-rapide-de-la-creation-dune-fiche-technique-mds-6117\\\/#breadcrumb\",\"itemListElement\":[{\"@type\":\"ListItem\",\"position\":1,\"name\":\"Startseite\",\"item\":\"https:\\\/\\\/www.imds-professional.com\\\/en\\\/\"},{\"@type\":\"ListItem\",\"position\":2,\"name\":\"Boutique\",\"item\":\"https:\\\/\\\/www.imds-professional.com\\\/shop\\\/\"},{\"@type\":\"ListItem\",\"position\":3,\"name\":\"D\u00e9marrage rapide de la cr\u00e9ation d&#8217;une fiche technique (MDS) (6117)\"}]},{\"@type\":\"WebSite\",\"@id\":\"https:\\\/\\\/www.imds-professional.com\\\/#website\",\"url\":\"https:\\\/\\\/www.imds-professional.com\\\/\",\"name\":\"imds-professional\",\"description\":\"Demo Seite f\u00fcr ein Projekt, nicht l\u00f6schen!!! \",\"publisher\":{\"@id\":\"https:\\\/\\\/www.imds-professional.com\\\/#organization\"},\"potentialAction\":[{\"@type\":\"SearchAction\",\"target\":{\"@type\":\"EntryPoint\",\"urlTemplate\":\"https:\\\/\\\/www.imds-professional.com\\\/?s={search_term_string}\"},\"query-input\":{\"@type\":\"PropertyValueSpecification\",\"valueRequired\":true,\"valueName\":\"search_term_string\"}}],\"inLanguage\":\"fr-FR\"},{\"@type\":\"Organization\",\"@id\":\"https:\\\/\\\/www.imds-professional.com\\\/#organization\",\"name\":\"imds professional GmbH & Co. KG\",\"url\":\"https:\\\/\\\/www.imds-professional.com\\\/\",\"logo\":{\"@type\":\"ImageObject\",\"inLanguage\":\"fr-FR\",\"@id\":\"https:\\\/\\\/www.imds-professional.com\\\/#\\\/schema\\\/logo\\\/image\\\/\",\"url\":\"https:\\\/\\\/www.imds-professional.com\\\/wp-content\\\/uploads\\\/2021\\\/06\\\/Logo-TransparentHeader.png\",\"contentUrl\":\"https:\\\/\\\/www.imds-professional.com\\\/wp-content\\\/uploads\\\/2021\\\/06\\\/Logo-TransparentHeader.png\",\"width\":5012,\"height\":2111,\"caption\":\"imds professional GmbH & Co. KG\"},\"image\":{\"@id\":\"https:\\\/\\\/www.imds-professional.com\\\/#\\\/schema\\\/logo\\\/image\\\/\"}}]}<\/script>\n<!-- \/ Yoast SEO plugin. -->","yoast_head_json":{"title":"D\u00e9marrage rapide de la cr\u00e9ation d'une fiche technique","description":"Apr\u00e8s ce cours, vous serez en mesure de cr\u00e9er, d'envoyer et de g\u00e9rer des fiches de donn\u00e9es de mat\u00e9riaux (FDM) dans IMDS et de cr\u00e9er des arborescences.","robots":{"index":"index","follow":"follow","max-snippet":"max-snippet:-1","max-image-preview":"max-image-preview:large","max-video-preview":"max-video-preview:-1"},"canonical":"https:\/\/www.imds-professional.com\/fr\/produkt\/demarrage-rapide-de-la-creation-dune-fiche-technique-mds-6117\/","og_locale":"fr_FR","og_type":"article","og_title":"D\u00e9marrage rapide de la cr\u00e9ation d'une fiche technique","og_description":"Apr\u00e8s ce cours, vous serez en mesure de cr\u00e9er, d'envoyer et de g\u00e9rer des fiches de donn\u00e9es de mat\u00e9riaux (FDM) dans IMDS et de cr\u00e9er des arborescences.","og_url":"https:\/\/www.imds-professional.com\/fr\/produkt\/demarrage-rapide-de-la-creation-dune-fiche-technique-mds-6117\/","og_site_name":"imds-professional","article_modified_time":"2023-11-27T06:28:47+00:00","schema":{"@context":"https:\/\/schema.org","@graph":[{"@type":"WebPage","@id":"https:\/\/www.imds-professional.com\/fr\/produkt\/demarrage-rapide-de-la-creation-dune-fiche-technique-mds-6117\/","url":"https:\/\/www.imds-professional.com\/fr\/produkt\/demarrage-rapide-de-la-creation-dune-fiche-technique-mds-6117\/","name":"D\u00e9marrage rapide de la cr\u00e9ation d'une fiche technique","isPartOf":{"@id":"https:\/\/www.imds-professional.com\/#website"},"datePublished":"2023-04-27T08:06:31+00:00","dateModified":"2023-11-27T06:28:47+00:00","description":"Apr\u00e8s ce cours, vous serez en mesure de cr\u00e9er, d'envoyer et de g\u00e9rer des fiches de donn\u00e9es de mat\u00e9riaux (FDM) dans IMDS et de cr\u00e9er des arborescences.","breadcrumb":{"@id":"https:\/\/www.imds-professional.com\/fr\/produkt\/demarrage-rapide-de-la-creation-dune-fiche-technique-mds-6117\/#breadcrumb"},"inLanguage":"fr-FR","potentialAction":[{"@type":"ReadAction","target":["https:\/\/www.imds-professional.com\/fr\/produkt\/demarrage-rapide-de-la-creation-dune-fiche-technique-mds-6117\/"]}]},{"@type":"BreadcrumbList","@id":"https:\/\/www.imds-professional.com\/fr\/produkt\/demarrage-rapide-de-la-creation-dune-fiche-technique-mds-6117\/#breadcrumb","itemListElement":[{"@type":"ListItem","position":1,"name":"Startseite","item":"https:\/\/www.imds-professional.com\/en\/"},{"@type":"ListItem","position":2,"name":"Boutique","item":"https:\/\/www.imds-professional.com\/shop\/"},{"@type":"ListItem","position":3,"name":"D\u00e9marrage rapide de la cr\u00e9ation d&#8217;une fiche technique (MDS) (6117)"}]},{"@type":"WebSite","@id":"https:\/\/www.imds-professional.com\/#website","url":"https:\/\/www.imds-professional.com\/","name":"imds-professional","description":"Demo Seite f\u00fcr ein Projekt, nicht l\u00f6schen!!! ","publisher":{"@id":"https:\/\/www.imds-professional.com\/#organization"},"potentialAction":[{"@type":"SearchAction","target":{"@type":"EntryPoint","urlTemplate":"https:\/\/www.imds-professional.com\/?s={search_term_string}"},"query-input":{"@type":"PropertyValueSpecification","valueRequired":true,"valueName":"search_term_string"}}],"inLanguage":"fr-FR"},{"@type":"Organization","@id":"https:\/\/www.imds-professional.com\/#organization","name":"imds professional GmbH & Co. KG","url":"https:\/\/www.imds-professional.com\/","logo":{"@type":"ImageObject","inLanguage":"fr-FR","@id":"https:\/\/www.imds-professional.com\/#\/schema\/logo\/image\/","url":"https:\/\/www.imds-professional.com\/wp-content\/uploads\/2021\/06\/Logo-TransparentHeader.png","contentUrl":"https:\/\/www.imds-professional.com\/wp-content\/uploads\/2021\/06\/Logo-TransparentHeader.png","width":5012,"height":2111,"caption":"imds professional GmbH & Co. KG"},"image":{"@id":"https:\/\/www.imds-professional.com\/#\/schema\/logo\/image\/"}}]}},"_links":{"self":[{"href":"https:\/\/www.imds-professional.com\/fr\/wp-json\/wp\/v2\/product\/43795","targetHints":{"allow":["GET"]}}],"collection":[{"href":"https:\/\/www.imds-professional.com\/fr\/wp-json\/wp\/v2\/product"}],"about":[{"href":"https:\/\/www.imds-professional.com\/fr\/wp-json\/wp\/v2\/types\/product"}],"wp:attachment":[{"href":"https:\/\/www.imds-professional.com\/fr\/wp-json\/wp\/v2\/media?parent=43795"}],"wp:term":[{"taxonomy":"product_brand","embeddable":true,"href":"https:\/\/www.imds-professional.com\/fr\/wp-json\/wp\/v2\/product_brand?post=43795"},{"taxonomy":"product_cat","embeddable":true,"href":"https:\/\/www.imds-professional.com\/fr\/wp-json\/wp\/v2\/product_cat?post=43795"},{"taxonomy":"product_tag","embeddable":true,"href":"https:\/\/www.imds-professional.com\/fr\/wp-json\/wp\/v2\/product_tag?post=43795"}],"curies":[{"name":"wp","href":"https:\/\/api.w.org\/{rel}","templated":true}]}}