{"id":47702,"date":"2023-11-02T10:28:39","date_gmt":"2023-11-02T09:28:39","guid":{"rendered":"https:\/\/www.imds-professional.com\/produkt\/imds-cours-preliminaire-6119-5\/"},"modified":"2024-03-26T12:17:48","modified_gmt":"2024-03-26T11:17:48","slug":"imds-cours-preliminaire-6119-5","status":"publish","type":"product","link":"https:\/\/www.imds-professional.com\/fr\/produkt\/imds-cours-preliminaire-6119-5\/","title":{"rendered":"IMDS \u2013 Cours pr\u00e9liminaire (6119)"},"content":{"rendered":"","protected":false},"excerpt":{"rendered":"","protected":false},"featured_media":0,"template":"","meta":[],"product_brand":[],"product_cat":[],"product_tag":[413],"class_list":{"0":"post-47702","1":"product","2":"type-product","3":"status-publish","5":"product_tag-events-manager-fr","7":"entry","9":"first","10":"instock","11":"sold-individually","12":"purchasable","13":"product-type-variable","14":"has-product-nav","15":"col","16":"span_1_of_3","17":"owp-content-center","18":"owp-thumbs-layout-horizontal","19":"owp-btn-normal","20":"owp-tabs-layout-horizontal","21":"has-no-thumbnails"},"yoast_head":"<!-- This site is optimized with the Yoast SEO plugin v27.2 - https:\/\/yoast.com\/product\/yoast-seo-wordpress\/ -->\n<title>IMDS \u2013 Cours pr\u00e9liminaire<\/title>\n<meta name=\"description\" content=\"Dans ce cours, vous recevrez des informations de base et apprendrez \u00e0 conna\u00eetre les objectifs de la directive europ\u00e9enne relative aux v\u00e9hicules hors d&#039;usage (VHU) et de l&#039;IMDS. Vous saurez \u00e9galement \u00e0 quel moment vous devez commencer \u00e0 \u00e9tablir des rapports dans l&#039;IMDS.\" \/>\n<meta name=\"robots\" content=\"index, follow, max-snippet:-1, max-image-preview:large, max-video-preview:-1\" \/>\n<link rel=\"canonical\" href=\"https:\/\/www.imds-professional.com\/fr\/produkt\/imds-cours-preliminaire-6119-5\/\" \/>\n<meta property=\"og:locale\" content=\"fr_FR\" \/>\n<meta property=\"og:type\" content=\"article\" \/>\n<meta property=\"og:title\" content=\"IMDS \u2013 Cours pr\u00e9liminaire\" \/>\n<meta property=\"og:description\" content=\"Dans ce cours, vous recevrez des informations de base et apprendrez \u00e0 conna\u00eetre les objectifs de la directive europ\u00e9enne relative aux v\u00e9hicules hors d&#039;usage (VHU) et de l&#039;IMDS. Vous saurez \u00e9galement \u00e0 quel moment vous devez commencer \u00e0 \u00e9tablir des rapports dans l&#039;IMDS.\" \/>\n<meta property=\"og:url\" content=\"https:\/\/www.imds-professional.com\/fr\/produkt\/imds-cours-preliminaire-6119-5\/\" \/>\n<meta property=\"og:site_name\" content=\"imds-professional\" \/>\n<meta property=\"article:modified_time\" content=\"2024-03-26T11:17:48+00:00\" \/>\n<script type=\"application\/ld+json\" class=\"yoast-schema-graph\">{\"@context\":\"https:\/\/schema.org\",\"@graph\":[{\"@type\":\"WebPage\",\"@id\":\"https:\/\/www.imds-professional.com\/fr\/produkt\/imds-cours-preliminaire-6119-5\/\",\"url\":\"https:\/\/www.imds-professional.com\/fr\/produkt\/imds-cours-preliminaire-6119-5\/\",\"name\":\"IMDS \u2013 Cours pr\u00e9liminaire\",\"isPartOf\":{\"@id\":\"https:\/\/www.imds-professional.com\/#website\"},\"datePublished\":\"2023-11-02T09:28:39+00:00\",\"dateModified\":\"2024-03-26T11:17:48+00:00\",\"description\":\"Dans ce cours, vous recevrez des informations de base et apprendrez \u00e0 conna\u00eetre les objectifs de la directive europ\u00e9enne relative aux v\u00e9hicules hors d'usage (VHU) et de l'IMDS. Vous saurez \u00e9galement \u00e0 quel moment vous devez commencer \u00e0 \u00e9tablir des rapports dans l'IMDS.\",\"breadcrumb\":{\"@id\":\"https:\/\/www.imds-professional.com\/fr\/produkt\/imds-cours-preliminaire-6119-5\/#breadcrumb\"},\"inLanguage\":\"fr-FR\",\"potentialAction\":[{\"@type\":\"ReadAction\",\"target\":[\"https:\/\/www.imds-professional.com\/fr\/produkt\/imds-cours-preliminaire-6119-5\/\"]}]},{\"@type\":\"BreadcrumbList\",\"@id\":\"https:\/\/www.imds-professional.com\/fr\/produkt\/imds-cours-preliminaire-6119-5\/#breadcrumb\",\"itemListElement\":[{\"@type\":\"ListItem\",\"position\":1,\"name\":\"Startseite\",\"item\":\"https:\/\/www.imds-professional.com\/en\/\"},{\"@type\":\"ListItem\",\"position\":2,\"name\":\"Boutique\",\"item\":\"https:\/\/www.imds-professional.com\/shop\/\"},{\"@type\":\"ListItem\",\"position\":3,\"name\":\"IMDS \u2013 Cours pr\u00e9liminaire (6119)\"}]},{\"@type\":\"WebSite\",\"@id\":\"https:\/\/www.imds-professional.com\/#website\",\"url\":\"https:\/\/www.imds-professional.com\/\",\"name\":\"imds-professional\",\"description\":\"Demo Seite f\u00fcr ein Projekt, nicht l\u00f6schen!!! \",\"publisher\":{\"@id\":\"https:\/\/www.imds-professional.com\/#organization\"},\"potentialAction\":[{\"@type\":\"SearchAction\",\"target\":{\"@type\":\"EntryPoint\",\"urlTemplate\":\"https:\/\/www.imds-professional.com\/?s={search_term_string}\"},\"query-input\":{\"@type\":\"PropertyValueSpecification\",\"valueRequired\":true,\"valueName\":\"search_term_string\"}}],\"inLanguage\":\"fr-FR\"},{\"@type\":\"Organization\",\"@id\":\"https:\/\/www.imds-professional.com\/#organization\",\"name\":\"imds professional GmbH & Co. KG\",\"url\":\"https:\/\/www.imds-professional.com\/\",\"logo\":{\"@type\":\"ImageObject\",\"inLanguage\":\"fr-FR\",\"@id\":\"https:\/\/www.imds-professional.com\/#\/schema\/logo\/image\/\",\"url\":\"https:\/\/www.imds-professional.com\/wp-content\/uploads\/2021\/06\/Logo-TransparentHeader.png\",\"contentUrl\":\"https:\/\/www.imds-professional.com\/wp-content\/uploads\/2021\/06\/Logo-TransparentHeader.png\",\"width\":5012,\"height\":2111,\"caption\":\"imds professional GmbH & Co. KG\"},\"image\":{\"@id\":\"https:\/\/www.imds-professional.com\/#\/schema\/logo\/image\/\"}}]}<\/script>\n<!-- \/ Yoast SEO plugin. -->","yoast_head_json":{"title":"IMDS \u2013 Cours pr\u00e9liminaire","description":"Dans ce cours, vous recevrez des informations de base et apprendrez \u00e0 conna\u00eetre les objectifs de la directive europ\u00e9enne relative aux v\u00e9hicules hors d'usage (VHU) et de l'IMDS. Vous saurez \u00e9galement \u00e0 quel moment vous devez commencer \u00e0 \u00e9tablir des rapports dans l'IMDS.","robots":{"index":"index","follow":"follow","max-snippet":"max-snippet:-1","max-image-preview":"max-image-preview:large","max-video-preview":"max-video-preview:-1"},"canonical":"https:\/\/www.imds-professional.com\/fr\/produkt\/imds-cours-preliminaire-6119-5\/","og_locale":"fr_FR","og_type":"article","og_title":"IMDS \u2013 Cours pr\u00e9liminaire","og_description":"Dans ce cours, vous recevrez des informations de base et apprendrez \u00e0 conna\u00eetre les objectifs de la directive europ\u00e9enne relative aux v\u00e9hicules hors d'usage (VHU) et de l'IMDS. Vous saurez \u00e9galement \u00e0 quel moment vous devez commencer \u00e0 \u00e9tablir des rapports dans l'IMDS.","og_url":"https:\/\/www.imds-professional.com\/fr\/produkt\/imds-cours-preliminaire-6119-5\/","og_site_name":"imds-professional","article_modified_time":"2024-03-26T11:17:48+00:00","schema":{"@context":"https:\/\/schema.org","@graph":[{"@type":"WebPage","@id":"https:\/\/www.imds-professional.com\/fr\/produkt\/imds-cours-preliminaire-6119-5\/","url":"https:\/\/www.imds-professional.com\/fr\/produkt\/imds-cours-preliminaire-6119-5\/","name":"IMDS \u2013 Cours pr\u00e9liminaire","isPartOf":{"@id":"https:\/\/www.imds-professional.com\/#website"},"datePublished":"2023-11-02T09:28:39+00:00","dateModified":"2024-03-26T11:17:48+00:00","description":"Dans ce cours, vous recevrez des informations de base et apprendrez \u00e0 conna\u00eetre les objectifs de la directive europ\u00e9enne relative aux v\u00e9hicules hors d'usage (VHU) et de l'IMDS. Vous saurez \u00e9galement \u00e0 quel moment vous devez commencer \u00e0 \u00e9tablir des rapports dans l'IMDS.","breadcrumb":{"@id":"https:\/\/www.imds-professional.com\/fr\/produkt\/imds-cours-preliminaire-6119-5\/#breadcrumb"},"inLanguage":"fr-FR","potentialAction":[{"@type":"ReadAction","target":["https:\/\/www.imds-professional.com\/fr\/produkt\/imds-cours-preliminaire-6119-5\/"]}]},{"@type":"BreadcrumbList","@id":"https:\/\/www.imds-professional.com\/fr\/produkt\/imds-cours-preliminaire-6119-5\/#breadcrumb","itemListElement":[{"@type":"ListItem","position":1,"name":"Startseite","item":"https:\/\/www.imds-professional.com\/en\/"},{"@type":"ListItem","position":2,"name":"Boutique","item":"https:\/\/www.imds-professional.com\/shop\/"},{"@type":"ListItem","position":3,"name":"IMDS \u2013 Cours pr\u00e9liminaire (6119)"}]},{"@type":"WebSite","@id":"https:\/\/www.imds-professional.com\/#website","url":"https:\/\/www.imds-professional.com\/","name":"imds-professional","description":"Demo Seite f\u00fcr ein Projekt, nicht l\u00f6schen!!! ","publisher":{"@id":"https:\/\/www.imds-professional.com\/#organization"},"potentialAction":[{"@type":"SearchAction","target":{"@type":"EntryPoint","urlTemplate":"https:\/\/www.imds-professional.com\/?s={search_term_string}"},"query-input":{"@type":"PropertyValueSpecification","valueRequired":true,"valueName":"search_term_string"}}],"inLanguage":"fr-FR"},{"@type":"Organization","@id":"https:\/\/www.imds-professional.com\/#organization","name":"imds professional GmbH & Co. KG","url":"https:\/\/www.imds-professional.com\/","logo":{"@type":"ImageObject","inLanguage":"fr-FR","@id":"https:\/\/www.imds-professional.com\/#\/schema\/logo\/image\/","url":"https:\/\/www.imds-professional.com\/wp-content\/uploads\/2021\/06\/Logo-TransparentHeader.png","contentUrl":"https:\/\/www.imds-professional.com\/wp-content\/uploads\/2021\/06\/Logo-TransparentHeader.png","width":5012,"height":2111,"caption":"imds professional GmbH & Co. KG"},"image":{"@id":"https:\/\/www.imds-professional.com\/#\/schema\/logo\/image\/"}}]}},"_links":{"self":[{"href":"https:\/\/www.imds-professional.com\/fr\/wp-json\/wp\/v2\/product\/47702","targetHints":{"allow":["GET"]}}],"collection":[{"href":"https:\/\/www.imds-professional.com\/fr\/wp-json\/wp\/v2\/product"}],"about":[{"href":"https:\/\/www.imds-professional.com\/fr\/wp-json\/wp\/v2\/types\/product"}],"wp:attachment":[{"href":"https:\/\/www.imds-professional.com\/fr\/wp-json\/wp\/v2\/media?parent=47702"}],"wp:term":[{"taxonomy":"product_brand","embeddable":true,"href":"https:\/\/www.imds-professional.com\/fr\/wp-json\/wp\/v2\/product_brand?post=47702"},{"taxonomy":"product_cat","embeddable":true,"href":"https:\/\/www.imds-professional.com\/fr\/wp-json\/wp\/v2\/product_cat?post=47702"},{"taxonomy":"product_tag","embeddable":true,"href":"https:\/\/www.imds-professional.com\/fr\/wp-json\/wp\/v2\/product_tag?post=47702"}],"curies":[{"name":"wp","href":"https:\/\/api.w.org\/{rel}","templated":true}]}}