{"id":48678,"date":"2023-11-17T12:25:55","date_gmt":"2023-11-17T11:25:55","guid":{"rendered":"https:\/\/www.imds-professional.com\/produkt\/pfas-comprendre-et-mettre-en-oeuvre-les-exigences-actuelles-2\/"},"modified":"2024-01-16T10:31:27","modified_gmt":"2024-01-16T09:31:27","slug":"pfas-comprendre-et-mettre-en-oeuvre-les-exigences-actuelles-2","status":"publish","type":"product","link":"https:\/\/www.imds-professional.com\/fr\/produkt\/pfas-comprendre-et-mettre-en-oeuvre-les-exigences-actuelles-2\/","title":{"rendered":"PFAS \u2013 Comprendre et mettre en  \u0153uvre les exigences actuelles (6217)"},"content":{"rendered":"","protected":false},"excerpt":{"rendered":"","protected":false},"featured_media":0,"template":"","meta":[],"product_brand":[],"product_cat":[],"product_tag":[413],"class_list":{"0":"post-48678","1":"product","2":"type-product","3":"status-publish","5":"product_tag-events-manager-fr","7":"entry","9":"first","10":"instock","11":"sold-individually","12":"purchasable","13":"product-type-variable","14":"has-product-nav","15":"col","16":"span_1_of_3","17":"owp-content-center","18":"owp-thumbs-layout-horizontal","19":"owp-btn-normal","20":"owp-tabs-layout-horizontal","21":"has-no-thumbnails"},"yoast_head":"<!-- This site is optimized with the Yoast SEO plugin v27.2 - https:\/\/yoast.com\/product\/yoast-seo-wordpress\/ -->\n<title>PFAS \u2013 Comprendre et mettre en \u0153uvre les exigences actuelles<\/title>\n<meta name=\"description\" content=\"Dans ce cours, vous apprendrez, outre les d\u00e9finitions et les applications courantes des PFAS, quelles sont les cons\u00e9quences pour vos produits. Vous recevrez une aide pour \u00e9valuer si vos produits sont conformes au r\u00e8glement REACH. En m\u00eame temps, nous vous montrons la voie \u00e0 suivre et les prochaines \u00e9tapes \u00e0 franchir dans ce processus.\" \/>\n<meta name=\"robots\" content=\"index, follow, max-snippet:-1, max-image-preview:large, max-video-preview:-1\" \/>\n<link rel=\"canonical\" href=\"https:\/\/www.imds-professional.com\/fr\/produkt\/pfas-comprendre-et-mettre-en-oeuvre-les-exigences-actuelles-2\/\" \/>\n<meta property=\"og:locale\" content=\"fr_FR\" \/>\n<meta property=\"og:type\" content=\"article\" \/>\n<meta property=\"og:title\" content=\"PFAS \u2013 Comprendre et mettre en \u0153uvre les exigences actuelles\" \/>\n<meta property=\"og:description\" content=\"Dans ce cours, vous apprendrez, outre les d\u00e9finitions et les applications courantes des PFAS, quelles sont les cons\u00e9quences pour vos produits. Vous recevrez une aide pour \u00e9valuer si vos produits sont conformes au r\u00e8glement REACH. En m\u00eame temps, nous vous montrons la voie \u00e0 suivre et les prochaines \u00e9tapes \u00e0 franchir dans ce processus.\" \/>\n<meta property=\"og:url\" content=\"https:\/\/www.imds-professional.com\/fr\/produkt\/pfas-comprendre-et-mettre-en-oeuvre-les-exigences-actuelles-2\/\" \/>\n<meta property=\"og:site_name\" content=\"imds-professional\" \/>\n<meta property=\"article:modified_time\" content=\"2024-01-16T09:31:27+00:00\" \/>\n<script type=\"application\/ld+json\" class=\"yoast-schema-graph\">{\"@context\":\"https:\/\/schema.org\",\"@graph\":[{\"@type\":\"WebPage\",\"@id\":\"https:\/\/www.imds-professional.com\/fr\/produkt\/pfas-comprendre-et-mettre-en-oeuvre-les-exigences-actuelles-2\/\",\"url\":\"https:\/\/www.imds-professional.com\/fr\/produkt\/pfas-comprendre-et-mettre-en-oeuvre-les-exigences-actuelles-2\/\",\"name\":\"PFAS \u2013 Comprendre et mettre en \u0153uvre les exigences actuelles\",\"isPartOf\":{\"@id\":\"https:\/\/www.imds-professional.com\/#website\"},\"datePublished\":\"2023-11-17T11:25:55+00:00\",\"dateModified\":\"2024-01-16T09:31:27+00:00\",\"description\":\"Dans ce cours, vous apprendrez, outre les d\u00e9finitions et les applications courantes des PFAS, quelles sont les cons\u00e9quences pour vos produits. Vous recevrez une aide pour \u00e9valuer si vos produits sont conformes au r\u00e8glement REACH. En m\u00eame temps, nous vous montrons la voie \u00e0 suivre et les prochaines \u00e9tapes \u00e0 franchir dans ce processus.\",\"breadcrumb\":{\"@id\":\"https:\/\/www.imds-professional.com\/fr\/produkt\/pfas-comprendre-et-mettre-en-oeuvre-les-exigences-actuelles-2\/#breadcrumb\"},\"inLanguage\":\"fr-FR\",\"potentialAction\":[{\"@type\":\"ReadAction\",\"target\":[\"https:\/\/www.imds-professional.com\/fr\/produkt\/pfas-comprendre-et-mettre-en-oeuvre-les-exigences-actuelles-2\/\"]}]},{\"@type\":\"BreadcrumbList\",\"@id\":\"https:\/\/www.imds-professional.com\/fr\/produkt\/pfas-comprendre-et-mettre-en-oeuvre-les-exigences-actuelles-2\/#breadcrumb\",\"itemListElement\":[{\"@type\":\"ListItem\",\"position\":1,\"name\":\"Startseite\",\"item\":\"https:\/\/www.imds-professional.com\/en\/\"},{\"@type\":\"ListItem\",\"position\":2,\"name\":\"Boutique\",\"item\":\"https:\/\/www.imds-professional.com\/shop\/\"},{\"@type\":\"ListItem\",\"position\":3,\"name\":\"PFAS \u2013 Comprendre et mettre en \u0153uvre les exigences actuelles (6217)\"}]},{\"@type\":\"WebSite\",\"@id\":\"https:\/\/www.imds-professional.com\/#website\",\"url\":\"https:\/\/www.imds-professional.com\/\",\"name\":\"imds-professional\",\"description\":\"Demo Seite f\u00fcr ein Projekt, nicht l\u00f6schen!!! \",\"publisher\":{\"@id\":\"https:\/\/www.imds-professional.com\/#organization\"},\"potentialAction\":[{\"@type\":\"SearchAction\",\"target\":{\"@type\":\"EntryPoint\",\"urlTemplate\":\"https:\/\/www.imds-professional.com\/?s={search_term_string}\"},\"query-input\":{\"@type\":\"PropertyValueSpecification\",\"valueRequired\":true,\"valueName\":\"search_term_string\"}}],\"inLanguage\":\"fr-FR\"},{\"@type\":\"Organization\",\"@id\":\"https:\/\/www.imds-professional.com\/#organization\",\"name\":\"imds professional GmbH & Co. KG\",\"url\":\"https:\/\/www.imds-professional.com\/\",\"logo\":{\"@type\":\"ImageObject\",\"inLanguage\":\"fr-FR\",\"@id\":\"https:\/\/www.imds-professional.com\/#\/schema\/logo\/image\/\",\"url\":\"https:\/\/www.imds-professional.com\/wp-content\/uploads\/2021\/06\/Logo-TransparentHeader.png\",\"contentUrl\":\"https:\/\/www.imds-professional.com\/wp-content\/uploads\/2021\/06\/Logo-TransparentHeader.png\",\"width\":5012,\"height\":2111,\"caption\":\"imds professional GmbH & Co. KG\"},\"image\":{\"@id\":\"https:\/\/www.imds-professional.com\/#\/schema\/logo\/image\/\"}}]}<\/script>\n<!-- \/ Yoast SEO plugin. -->","yoast_head_json":{"title":"PFAS \u2013 Comprendre et mettre en \u0153uvre les exigences actuelles","description":"Dans ce cours, vous apprendrez, outre les d\u00e9finitions et les applications courantes des PFAS, quelles sont les cons\u00e9quences pour vos produits. Vous recevrez une aide pour \u00e9valuer si vos produits sont conformes au r\u00e8glement REACH. En m\u00eame temps, nous vous montrons la voie \u00e0 suivre et les prochaines \u00e9tapes \u00e0 franchir dans ce processus.","robots":{"index":"index","follow":"follow","max-snippet":"max-snippet:-1","max-image-preview":"max-image-preview:large","max-video-preview":"max-video-preview:-1"},"canonical":"https:\/\/www.imds-professional.com\/fr\/produkt\/pfas-comprendre-et-mettre-en-oeuvre-les-exigences-actuelles-2\/","og_locale":"fr_FR","og_type":"article","og_title":"PFAS \u2013 Comprendre et mettre en \u0153uvre les exigences actuelles","og_description":"Dans ce cours, vous apprendrez, outre les d\u00e9finitions et les applications courantes des PFAS, quelles sont les cons\u00e9quences pour vos produits. Vous recevrez une aide pour \u00e9valuer si vos produits sont conformes au r\u00e8glement REACH. En m\u00eame temps, nous vous montrons la voie \u00e0 suivre et les prochaines \u00e9tapes \u00e0 franchir dans ce processus.","og_url":"https:\/\/www.imds-professional.com\/fr\/produkt\/pfas-comprendre-et-mettre-en-oeuvre-les-exigences-actuelles-2\/","og_site_name":"imds-professional","article_modified_time":"2024-01-16T09:31:27+00:00","schema":{"@context":"https:\/\/schema.org","@graph":[{"@type":"WebPage","@id":"https:\/\/www.imds-professional.com\/fr\/produkt\/pfas-comprendre-et-mettre-en-oeuvre-les-exigences-actuelles-2\/","url":"https:\/\/www.imds-professional.com\/fr\/produkt\/pfas-comprendre-et-mettre-en-oeuvre-les-exigences-actuelles-2\/","name":"PFAS \u2013 Comprendre et mettre en \u0153uvre les exigences actuelles","isPartOf":{"@id":"https:\/\/www.imds-professional.com\/#website"},"datePublished":"2023-11-17T11:25:55+00:00","dateModified":"2024-01-16T09:31:27+00:00","description":"Dans ce cours, vous apprendrez, outre les d\u00e9finitions et les applications courantes des PFAS, quelles sont les cons\u00e9quences pour vos produits. Vous recevrez une aide pour \u00e9valuer si vos produits sont conformes au r\u00e8glement REACH. En m\u00eame temps, nous vous montrons la voie \u00e0 suivre et les prochaines \u00e9tapes \u00e0 franchir dans ce processus.","breadcrumb":{"@id":"https:\/\/www.imds-professional.com\/fr\/produkt\/pfas-comprendre-et-mettre-en-oeuvre-les-exigences-actuelles-2\/#breadcrumb"},"inLanguage":"fr-FR","potentialAction":[{"@type":"ReadAction","target":["https:\/\/www.imds-professional.com\/fr\/produkt\/pfas-comprendre-et-mettre-en-oeuvre-les-exigences-actuelles-2\/"]}]},{"@type":"BreadcrumbList","@id":"https:\/\/www.imds-professional.com\/fr\/produkt\/pfas-comprendre-et-mettre-en-oeuvre-les-exigences-actuelles-2\/#breadcrumb","itemListElement":[{"@type":"ListItem","position":1,"name":"Startseite","item":"https:\/\/www.imds-professional.com\/en\/"},{"@type":"ListItem","position":2,"name":"Boutique","item":"https:\/\/www.imds-professional.com\/shop\/"},{"@type":"ListItem","position":3,"name":"PFAS \u2013 Comprendre et mettre en \u0153uvre les exigences actuelles (6217)"}]},{"@type":"WebSite","@id":"https:\/\/www.imds-professional.com\/#website","url":"https:\/\/www.imds-professional.com\/","name":"imds-professional","description":"Demo Seite f\u00fcr ein Projekt, nicht l\u00f6schen!!! ","publisher":{"@id":"https:\/\/www.imds-professional.com\/#organization"},"potentialAction":[{"@type":"SearchAction","target":{"@type":"EntryPoint","urlTemplate":"https:\/\/www.imds-professional.com\/?s={search_term_string}"},"query-input":{"@type":"PropertyValueSpecification","valueRequired":true,"valueName":"search_term_string"}}],"inLanguage":"fr-FR"},{"@type":"Organization","@id":"https:\/\/www.imds-professional.com\/#organization","name":"imds professional GmbH & Co. KG","url":"https:\/\/www.imds-professional.com\/","logo":{"@type":"ImageObject","inLanguage":"fr-FR","@id":"https:\/\/www.imds-professional.com\/#\/schema\/logo\/image\/","url":"https:\/\/www.imds-professional.com\/wp-content\/uploads\/2021\/06\/Logo-TransparentHeader.png","contentUrl":"https:\/\/www.imds-professional.com\/wp-content\/uploads\/2021\/06\/Logo-TransparentHeader.png","width":5012,"height":2111,"caption":"imds professional GmbH & Co. KG"},"image":{"@id":"https:\/\/www.imds-professional.com\/#\/schema\/logo\/image\/"}}]}},"_links":{"self":[{"href":"https:\/\/www.imds-professional.com\/fr\/wp-json\/wp\/v2\/product\/48678","targetHints":{"allow":["GET"]}}],"collection":[{"href":"https:\/\/www.imds-professional.com\/fr\/wp-json\/wp\/v2\/product"}],"about":[{"href":"https:\/\/www.imds-professional.com\/fr\/wp-json\/wp\/v2\/types\/product"}],"wp:attachment":[{"href":"https:\/\/www.imds-professional.com\/fr\/wp-json\/wp\/v2\/media?parent=48678"}],"wp:term":[{"taxonomy":"product_brand","embeddable":true,"href":"https:\/\/www.imds-professional.com\/fr\/wp-json\/wp\/v2\/product_brand?post=48678"},{"taxonomy":"product_cat","embeddable":true,"href":"https:\/\/www.imds-professional.com\/fr\/wp-json\/wp\/v2\/product_cat?post=48678"},{"taxonomy":"product_tag","embeddable":true,"href":"https:\/\/www.imds-professional.com\/fr\/wp-json\/wp\/v2\/product_tag?post=48678"}],"curies":[{"name":"wp","href":"https:\/\/api.w.org\/{rel}","templated":true}]}}