{"id":23058,"date":"2021-06-14T09:21:26","date_gmt":"2021-06-14T07:21:26","guid":{"rendered":"https:\/\/www.imds-professional.com\/imprint\/"},"modified":"2026-02-10T08:35:15","modified_gmt":"2026-02-10T07:35:15","slug":"imprint","status":"publish","type":"page","link":"https:\/\/www.imds-professional.com\/it\/imprint\/","title":{"rendered":"Imprint"},"content":{"rendered":"\t\t<div data-elementor-type=\"wp-page\" data-elementor-id=\"23058\" class=\"elementor elementor-23058 elementor-3393\" data-elementor-post-type=\"page\">\n\t\t\t\t\t\t<section class=\"elementor-section elementor-top-section elementor-element elementor-element-89fac03 elementor-section-content-middle elementor-reverse-mobile elementor-section-height-min-height elementor-section-boxed elementor-section-height-default elementor-section-items-middle\" data-id=\"89fac03\" data-element_type=\"section\" data-e-type=\"section\" data-settings=\"{&quot;background_background&quot;:&quot;classic&quot;}\">\n\t\t\t\t\t\t\t<div class=\"elementor-background-overlay\"><\/div>\n\t\t\t\t\t\t\t<div class=\"elementor-container elementor-column-gap-wider\">\n\t\t\t\t\t<div class=\"elementor-column elementor-col-50 elementor-top-column elementor-element elementor-element-658e976\" data-id=\"658e976\" data-element_type=\"column\" data-e-type=\"column\" data-settings=\"{&quot;background_background&quot;:&quot;classic&quot;}\">\n\t\t\t<div class=\"elementor-widget-wrap elementor-element-populated\">\n\t\t\t\t\t\t<section class=\"elementor-section elementor-inner-section elementor-element elementor-element-37be3bb elementor-section-content-middle elementor-reverse-mobile elementor-section-boxed elementor-section-height-default elementor-section-height-default elementor-invisible\" data-id=\"37be3bb\" data-element_type=\"section\" data-e-type=\"section\" data-settings=\"{&quot;animation&quot;:&quot;fadeInUp&quot;}\">\n\t\t\t\t\t\t<div class=\"elementor-container elementor-column-gap-default\">\n\t\t\t\t\t<div class=\"elementor-column elementor-col-100 elementor-inner-column elementor-element elementor-element-8d5173b\" data-id=\"8d5173b\" data-element_type=\"column\" data-e-type=\"column\">\n\t\t\t<div class=\"elementor-widget-wrap elementor-element-populated\">\n\t\t\t\t\t\t<div class=\"elementor-element elementor-element-c67980f elementor-widget elementor-widget-heading\" data-id=\"c67980f\" data-element_type=\"widget\" data-e-type=\"widget\" data-widget_type=\"heading.default\">\n\t\t\t\t<div class=\"elementor-widget-container\">\n\t\t\t\t\t<h3 class=\"elementor-heading-title elementor-size-default\">imds professional GmbH &amp; Co. KG <\/h3>\t\t\t\t<\/div>\n\t\t\t\t<\/div>\n\t\t\t\t<div class=\"elementor-element elementor-element-9cfefda elementor-widget-divider--view-line elementor-widget elementor-widget-divider\" data-id=\"9cfefda\" data-element_type=\"widget\" data-e-type=\"widget\" data-widget_type=\"divider.default\">\n\t\t\t\t<div class=\"elementor-widget-container\">\n\t\t\t\t\t\t\t<div class=\"elementor-divider\">\n\t\t\t<span class=\"elementor-divider-separator\">\n\t\t\t\t\t\t<\/span>\n\t\t<\/div>\n\t\t\t\t\t\t<\/div>\n\t\t\t\t<\/div>\n\t\t\t\t\t<\/div>\n\t\t<\/div>\n\t\t\t\t\t<\/div>\n\t\t<\/section>\n\t\t\t\t<div class=\"elementor-element elementor-element-af247de animated-slow elementor-invisible elementor-widget elementor-widget-heading\" data-id=\"af247de\" data-element_type=\"widget\" data-e-type=\"widget\" data-settings=\"{&quot;_animation&quot;:&quot;fadeInUp&quot;,&quot;_animation_delay&quot;:100}\" data-widget_type=\"heading.default\">\n\t\t\t\t<div class=\"elementor-widget-container\">\n\t\t\t\t\t<h1 class=\"elementor-heading-title elementor-size-default\"><b>Imprint<\/b><\/h1>\t\t\t\t<\/div>\n\t\t\t\t<\/div>\n\t\t\t\t<div class=\"elementor-element elementor-element-1facff3 elementor-align-left elementor-mobile-align-center elementor-widget elementor-widget-button\" data-id=\"1facff3\" data-element_type=\"widget\" data-e-type=\"widget\" data-widget_type=\"button.default\">\n\t\t\t\t<div class=\"elementor-widget-container\">\n\t\t\t\t\t\t\t\t\t<div class=\"elementor-button-wrapper\">\n\t\t\t\t\t<a class=\"elementor-button elementor-button-link elementor-size-sm elementor-animation-float\" href=\"https:\/\/www.imds-professional.com\/it\/protezione-dei-dati\/\">\n\t\t\t\t\t\t<span class=\"elementor-button-content-wrapper\">\n\t\t\t\t\t\t<span class=\"elementor-button-icon\">\n\t\t\t\t<svg xmlns=\"http:\/\/www.w3.org\/2000\/svg\" id=\"b385ca18-4b85-46d4-bb4b-571c73a19812\" data-name=\"b922a425-e5e0-4ef1-881c-5748460fd139\" viewBox=\"0 0 30.125 18.1738\"><title>arrow-icon-size3<\/title><path d=\"M29.75,9.3948,21.5281,1.1735a.8479.8479,0,0,0-.601-.261L20.9124.9119a.8526.8526,0,0,0-.5956.2409.8642.8642,0,0,0-.0027,1.23l6.7618,6.7611H.7316a.8566.8566,0,1,0,0,1.7131H27.0759l-6.7591,6.7591a.8576.8576,0,0,0-.0214,1.2113.8462.8462,0,0,0,.61.2583.8949.8949,0,0,0,.621-.2556l8.2233-8.224A.8587.8587,0,0,0,29.75,9.3948Z\" transform=\"translate(0.125 -0.9119)\"><\/path><\/svg>\t\t\t<\/span>\n\t\t\t\t\t\t\t\t\t<span class=\"elementor-button-text\">Protezione dei dati<\/span>\n\t\t\t\t\t<\/span>\n\t\t\t\t\t<\/a>\n\t\t\t\t<\/div>\n\t\t\t\t\t\t\t\t<\/div>\n\t\t\t\t<\/div>\n\t\t\t\t\t<\/div>\n\t\t<\/div>\n\t\t\t\t<div class=\"elementor-column elementor-col-50 elementor-top-column elementor-element elementor-element-2792dc2\" data-id=\"2792dc2\" data-element_type=\"column\" data-e-type=\"column\">\n\t\t\t<div class=\"elementor-widget-wrap elementor-element-populated\">\n\t\t\t\t\t\t<div class=\"elementor-element elementor-element-49a49ce animated-slow elementor-invisible elementor-widget elementor-widget-image\" data-id=\"49a49ce\" data-element_type=\"widget\" data-e-type=\"widget\" data-settings=\"{&quot;_animation&quot;:&quot;fadeInUp&quot;,&quot;_animation_delay&quot;:200}\" data-widget_type=\"image.default\">\n\t\t\t\t<div class=\"elementor-widget-container\">\n\t\t\t\t\t\t\t\t\t\t\t\t\t\t\t<img decoding=\"async\" src=\"https:\/\/www.imds-professional.com\/wp-content\/uploads\/elementor\/thumbs\/Puma-ohne-Logo-1-1-pklbgav612s2qotg28v74rlvszbdok43flxkt0egkk.jpg\" title=\"Puma-ohne-Logo (1)\" alt=\"imds professional startseite puma\" loading=\"lazy\" \/>\t\t\t\t\t\t\t\t\t\t\t\t\t\t\t<\/div>\n\t\t\t\t<\/div>\n\t\t\t\t\t<\/div>\n\t\t<\/div>\n\t\t\t\t\t<\/div>\n\t\t<\/section>\n\t\t\t\t<section class=\"elementor-section elementor-top-section elementor-element elementor-element-73a50f3 elementor-section-boxed elementor-section-height-default elementor-section-height-default\" data-id=\"73a50f3\" data-element_type=\"section\" data-e-type=\"section\">\n\t\t\t\t\t\t<div class=\"elementor-container elementor-column-gap-default\">\n\t\t\t\t\t<div class=\"elementor-column elementor-col-100 elementor-top-column elementor-element elementor-element-8fdeeb9\" data-id=\"8fdeeb9\" data-element_type=\"column\" data-e-type=\"column\">\n\t\t\t<div class=\"elementor-widget-wrap elementor-element-populated\">\n\t\t\t\t\t\t<div class=\"elementor-element elementor-element-845cff3 elementor-widget elementor-widget-spacer\" data-id=\"845cff3\" data-element_type=\"widget\" data-e-type=\"widget\" data-widget_type=\"spacer.default\">\n\t\t\t\t<div class=\"elementor-widget-container\">\n\t\t\t\t\t\t\t<div class=\"elementor-spacer\">\n\t\t\t<div class=\"elementor-spacer-inner\"><\/div>\n\t\t<\/div>\n\t\t\t\t\t\t<\/div>\n\t\t\t\t<\/div>\n\t\t\t\t<div class=\"elementor-element elementor-element-187247c elementor-widget elementor-widget-text-editor\" data-id=\"187247c\" data-element_type=\"widget\" data-e-type=\"widget\" data-widget_type=\"text-editor.default\">\n\t\t\t\t<div class=\"elementor-widget-container\">\n\t\t\t\t\t\t\t\t\t<p>imds professional GmbH &amp; Co. KG \u00e8 un fornitore di formazione, consulenza e servizi per la conformit\u00e0 ambientale dei prodotti in tutto il mondo.<\/p>\n<p>imds professional GmbH &amp; Co. KG<\/p>\n<p>Waschweg 3<br \/>61276 Weilrod \/Germania<\/p>\n<p>Telefono: +49-6083-9130-30<br \/>Fax: +49-6083-9130-930<br \/>E-Mail: info(at)imds-professional.com<br \/>Internet: www.imds-professional.com<\/p>\n<p>Direzione: Heide Teubert<br \/>Sede legale della societ\u00e0: Weilrod<br \/>Tribunale locale di K\u00f6nigstein: HRA 104787<br \/>Numero di identificazione dell&#8217;imposta sul valore aggiunto secondo il \u00a727 a della legge sull&#8217;imposta sul valore aggiunto: DE 249 46 47 59<br \/>Numero DUNS: 50-711-8821<\/p>\n<p>Coordinate bancarie:<br \/>Commerzbank<br \/>IBAN: DE91 5004 0000 0122 2900 00<br \/>BIC: COBADEFFXXX<\/p>\n<p>Informazioni sull&#8217;installazione del fornitore (PDF)<\/p>\n<p>Partner generale: imds professional Verwaltungs GmbH<br \/>Waschweg 3<br \/>61276 Weilrod (Germania)<br \/>Tribunale locale di K\u00f6nigstein<br \/>HRB 8769<\/p>\n<p>Il server per queste pagine web si trova a Weilrod, Germania.<\/p>\n<p>Responsabile del contenuto editoriale secondo il \u00a7 10 paragrafo 3 MDStV:<br \/>imds professional GmbH &amp; Co. KG &#8211; reparto marketing, indirizzo come sopra<\/p>\n<p>Questa impronta si applica anche ai nostri siti di social media (LinkedIn, Youtube).<\/p>\n<p><strong>Avviso legale<\/strong><\/p>\n<p>L&#8217;azienda imds professional controlla e aggiorna costantemente le informazioni sui suoi siti web. Nonostante tutte le attenzioni, i dati possono essere cambiati nel frattempo. Pertanto, nessuna responsabilit\u00e0 o garanzia pu\u00f2 essere assunta per l&#8217;attualit\u00e0, la correttezza e la completezza delle informazioni fornite. Lo stesso vale per tutti gli altri siti web a cui si fa riferimento tramite collegamento ipertestuale. imds professional non \u00e8 responsabile del contenuto dei siti web raggiunti tramite tale collegamento.<\/p>\n<p>Inoltre imds professional si riserva il diritto di apportare modifiche o aggiunte alle informazioni fornite. Il contenuto e la struttura del sito web imds professional sono protetti da copyright. La duplicazione di informazioni o dati, in particolare l&#8217;uso di testi, parti di testi o immagini, richiede il consenso preventivo di imds professional.<\/p>\n<p>Tutti i diritti di marchio eventualmente protetti da copyright menzionati qui rimangono agli autori e ai titolari dei diritti.<\/p>\n<p>Oltre alle immagini acquistate da <a href=\"https:\/\/www.istockphoto.com\/de\" target=\"_blank\" rel=\"noopener\">iStock<\/a> e <a href=\"https:\/\/stock.adobe.com\/de\" target=\"_blank\" rel=\"noopener\">Adobe<\/a>, utilizziamo immagini royalty-free di <a href=\"https:\/\/pixabay.com\/de\/\" target=\"_blank\" rel=\"noopener\">pixabay<\/a> e <a href=\"https:\/\/pixelio.net\/de\/\" target=\"_blank\" rel=\"noopener\">pixelio<\/a>, nonch\u00e9 immagini generate dall&#8217;intelligenza artificiale.<\/p>\n<p><strong>Cookie<\/strong><\/p>\n<p>I cookie sono file di testo che vengono automaticamente memorizzati localmente nel browser del visitatore quando viene richiamato un sito web. Questo sito web utilizza i cookies per rendere l&#8217;offerta pi\u00f9 semplice e funzionale. Grazie a questi file, \u00e8 possibile, per esempio, visualizzare informazioni su una pagina su misura per gli interessi individuali. Anche le funzioni di sicurezza per proteggere la sua privacy sono rese possibili dall&#8217;uso dei cookies. L&#8217;unico scopo \u00e8 quindi quello di adattare la nostra offerta ai desideri del cliente nel miglior modo possibile e di rendere l&#8217;uso del sito il pi\u00f9 confortevole possibile. Con l&#8217;applicazione del DSGVO 2018, i webmaster sono obbligati a rispettare il regolamento di base pubblicato su https:\/\/eu-datenschutz.org\/ e a informare di conseguenza i loro utenti sulla raccolta e l&#8217;analisi dei dati. La liceit\u00e0 del trattamento \u00e8 basata sul capitolo 2, articolo 6 del GDPR.<\/p>\n<p>\u00c8 possibile impedire la memorizzazione dei cookie impostando il software del browser di conseguenza.<\/p>\n<p>Google Analytics<\/p>\n<p>Questo sito web utilizza anche il servizio di analisi web Google Analytics, un programma di Google Inc. (&#8220;Google, USA&#8221;). Le informazioni sull&#8217;utilizzo di questo sito web raccolte dal monitoraggio vengono memorizzate su un server di Google negli Stati Uniti. Tramite la cosiddetta anonimizzazione dell&#8217;IP, il vostro indirizzo IP viene preventivamente abbreviato da Google all&#8217;interno degli stati membri dell&#8217;Unione Europea o in altri stati contraenti dell&#8217;accordo sullo Spazio Economico Europeo. Questo significa che la posizione del tuo browser pu\u00f2 essere assegnata solo a una regione, ma non alla tua persona. Google pu\u00f2 analizzare il comportamento dei visitatori al fine di compilare rapporti sull&#8217;attivit\u00e0 del sito web. Altri servizi associati all&#8217;uso del sito web e di Internet possono anche essere forniti all&#8217;operatore del sito web in questo modo.<\/p>\n<p>Potete impedire il rilevamento dei dati generati dal cookie e relativi al vostro utilizzo del sito web (compreso il vostro indirizzo IP) a Google, nonch\u00e9 l&#8217;elaborazione di questi dati da parte di Google, scaricando e installando il plugin del browser disponibile al seguente link: Browser Add On per disattivare Google Analytics.<\/p>\n<p>Fonte: Il modello per la protezione dei dati proviene da http:\/\/website-tutor.com\/datenschutz\/.<\/p>\n\t\t\t\t\t\t\t\t<\/div>\n\t\t\t\t<\/div>\n\t\t\t\t\t<\/div>\n\t\t<\/div>\n\t\t\t\t\t<\/div>\n\t\t<\/section>\n\t\t\t\t<\/div>\n\t\t","protected":false},"excerpt":{"rendered":"<p>imds professional GmbH &amp; Co. KG Imprint arrow-icon-size3 Protezione dei dati imds professional GmbH &amp; Co. KG \u00e8 un fornitore di formazione, consulenza e servizi per la conformit\u00e0 ambientale dei prodotti in tutto il mondo. imds professional GmbH &amp; Co. KG Waschweg 361276 Weilrod \/Germania Telefono: +49-6083-9130-30Fax: +49-6083-9130-930E-Mail: info(at)imds-professional.comInternet: www.imds-professional.com Direzione: Heide TeubertSede legale della [&hellip;]<\/p>\n","protected":false},"author":4,"featured_media":0,"parent":0,"menu_order":0,"comment_status":"closed","ping_status":"closed","template":"elementor_header_footer","meta":{"footnotes":""},"class_list":["post-23058","page","type-page","status-publish","hentry","entry","owp-thumbs-layout-horizontal","owp-btn-normal","owp-tabs-layout-horizontal","has-no-thumbnails","has-product-nav"],"yoast_head":"<!-- This site is optimized with the Yoast SEO plugin v27.3 - https:\/\/yoast.com\/product\/yoast-seo-wordpress\/ -->\n<title>Imprint<\/title>\n<meta name=\"description\" content=\"imds professional GmbH &amp; Co. KG \u00e8 un fornitore di servizi per la conformit\u00e0 ambientale dei prodotti. Clicca qui per l&#039;impronta.\" \/>\n<meta name=\"robots\" content=\"index, follow, max-snippet:-1, max-image-preview:large, max-video-preview:-1\" \/>\n<link rel=\"canonical\" href=\"https:\/\/www.imds-professional.com\/impressum\/\" \/>\n<meta property=\"og:locale\" content=\"it_IT\" \/>\n<meta property=\"og:type\" content=\"article\" \/>\n<meta property=\"og:title\" content=\"Imprint\" \/>\n<meta property=\"og:description\" content=\"imds professional GmbH &amp; Co. KG \u00e8 un fornitore di servizi per la conformit\u00e0 ambientale dei prodotti. Clicca qui per l&#039;impronta.\" \/>\n<meta property=\"og:url\" content=\"https:\/\/www.imds-professional.com\/impressum\/\" \/>\n<meta property=\"og:site_name\" content=\"imds-professional\" \/>\n<meta property=\"article:modified_time\" content=\"2026-02-10T07:35:15+00:00\" \/>\n<meta property=\"og:image\" content=\"https:\/\/www.imds-professional.com\/wp-content\/uploads\/elementor\/thumbs\/Puma-ohne-Logo-1-1-pklbgav612s2qotg28v74rlvszbdok43flxkt0egkk.jpg\" \/>\n<meta name=\"twitter:label1\" content=\"Tempo di lettura stimato\" \/>\n\t<meta name=\"twitter:data1\" content=\"4 minuti\" \/>\n<script type=\"application\/ld+json\" class=\"yoast-schema-graph\">{\"@context\":\"https:\\\/\\\/schema.org\",\"@graph\":[{\"@type\":\"WebPage\",\"@id\":\"https:\\\/\\\/www.imds-professional.com\\\/impressum\\\/\",\"url\":\"https:\\\/\\\/www.imds-professional.com\\\/impressum\\\/\",\"name\":\"Imprint\",\"isPartOf\":{\"@id\":\"https:\\\/\\\/www.imds-professional.com\\\/#website\"},\"primaryImageOfPage\":{\"@id\":\"https:\\\/\\\/www.imds-professional.com\\\/impressum\\\/#primaryimage\"},\"image\":{\"@id\":\"https:\\\/\\\/www.imds-professional.com\\\/impressum\\\/#primaryimage\"},\"thumbnailUrl\":\"https:\\\/\\\/www.imds-professional.com\\\/wp-content\\\/uploads\\\/elementor\\\/thumbs\\\/Puma-ohne-Logo-1-1-pklbgav612s2qotg28v74rlvszbdok43flxkt0egkk.jpg\",\"datePublished\":\"2021-06-14T07:21:26+00:00\",\"dateModified\":\"2026-02-10T07:35:15+00:00\",\"description\":\"imds professional GmbH & Co. KG \u00e8 un fornitore di servizi per la conformit\u00e0 ambientale dei prodotti. Clicca qui per l'impronta.\",\"breadcrumb\":{\"@id\":\"https:\\\/\\\/www.imds-professional.com\\\/impressum\\\/#breadcrumb\"},\"inLanguage\":\"it-IT\",\"potentialAction\":[{\"@type\":\"ReadAction\",\"target\":[\"https:\\\/\\\/www.imds-professional.com\\\/impressum\\\/\"]}]},{\"@type\":\"ImageObject\",\"inLanguage\":\"it-IT\",\"@id\":\"https:\\\/\\\/www.imds-professional.com\\\/impressum\\\/#primaryimage\",\"url\":\"https:\\\/\\\/www.imds-professional.com\\\/wp-content\\\/uploads\\\/elementor\\\/thumbs\\\/Puma-ohne-Logo-1-1-pklbgav612s2qotg28v74rlvszbdok43flxkt0egkk.jpg\",\"contentUrl\":\"https:\\\/\\\/www.imds-professional.com\\\/wp-content\\\/uploads\\\/elementor\\\/thumbs\\\/Puma-ohne-Logo-1-1-pklbgav612s2qotg28v74rlvszbdok43flxkt0egkk.jpg\"},{\"@type\":\"BreadcrumbList\",\"@id\":\"https:\\\/\\\/www.imds-professional.com\\\/impressum\\\/#breadcrumb\",\"itemListElement\":[{\"@type\":\"ListItem\",\"position\":1,\"name\":\"Startseite\",\"item\":\"https:\\\/\\\/www.imds-professional.com\\\/en\\\/\"},{\"@type\":\"ListItem\",\"position\":2,\"name\":\"Imprint\"}]},{\"@type\":\"WebSite\",\"@id\":\"https:\\\/\\\/www.imds-professional.com\\\/#website\",\"url\":\"https:\\\/\\\/www.imds-professional.com\\\/\",\"name\":\"imds-professional\",\"description\":\"Demo Seite f\u00fcr ein Projekt, nicht l\u00f6schen!!! \",\"publisher\":{\"@id\":\"https:\\\/\\\/www.imds-professional.com\\\/#organization\"},\"potentialAction\":[{\"@type\":\"SearchAction\",\"target\":{\"@type\":\"EntryPoint\",\"urlTemplate\":\"https:\\\/\\\/www.imds-professional.com\\\/?s={search_term_string}\"},\"query-input\":{\"@type\":\"PropertyValueSpecification\",\"valueRequired\":true,\"valueName\":\"search_term_string\"}}],\"inLanguage\":\"it-IT\"},{\"@type\":\"Organization\",\"@id\":\"https:\\\/\\\/www.imds-professional.com\\\/#organization\",\"name\":\"imds professional GmbH & Co. KG\",\"url\":\"https:\\\/\\\/www.imds-professional.com\\\/\",\"logo\":{\"@type\":\"ImageObject\",\"inLanguage\":\"it-IT\",\"@id\":\"https:\\\/\\\/www.imds-professional.com\\\/#\\\/schema\\\/logo\\\/image\\\/\",\"url\":\"https:\\\/\\\/www.imds-professional.com\\\/wp-content\\\/uploads\\\/2021\\\/06\\\/Logo-TransparentHeader.png\",\"contentUrl\":\"https:\\\/\\\/www.imds-professional.com\\\/wp-content\\\/uploads\\\/2021\\\/06\\\/Logo-TransparentHeader.png\",\"width\":5012,\"height\":2111,\"caption\":\"imds professional GmbH & Co. KG\"},\"image\":{\"@id\":\"https:\\\/\\\/www.imds-professional.com\\\/#\\\/schema\\\/logo\\\/image\\\/\"}}]}<\/script>\n<!-- \/ Yoast SEO plugin. -->","yoast_head_json":{"title":"Imprint","description":"imds professional GmbH & Co. KG \u00e8 un fornitore di servizi per la conformit\u00e0 ambientale dei prodotti. Clicca qui per l'impronta.","robots":{"index":"index","follow":"follow","max-snippet":"max-snippet:-1","max-image-preview":"max-image-preview:large","max-video-preview":"max-video-preview:-1"},"canonical":"https:\/\/www.imds-professional.com\/impressum\/","og_locale":"it_IT","og_type":"article","og_title":"Imprint","og_description":"imds professional GmbH & Co. KG \u00e8 un fornitore di servizi per la conformit\u00e0 ambientale dei prodotti. Clicca qui per l'impronta.","og_url":"https:\/\/www.imds-professional.com\/impressum\/","og_site_name":"imds-professional","article_modified_time":"2026-02-10T07:35:15+00:00","og_image":[{"url":"https:\/\/www.imds-professional.com\/wp-content\/uploads\/elementor\/thumbs\/Puma-ohne-Logo-1-1-pklbgav612s2qotg28v74rlvszbdok43flxkt0egkk.jpg","type":"","width":"","height":""}],"twitter_misc":{"Tempo di lettura stimato":"4 minuti"},"schema":{"@context":"https:\/\/schema.org","@graph":[{"@type":"WebPage","@id":"https:\/\/www.imds-professional.com\/impressum\/","url":"https:\/\/www.imds-professional.com\/impressum\/","name":"Imprint","isPartOf":{"@id":"https:\/\/www.imds-professional.com\/#website"},"primaryImageOfPage":{"@id":"https:\/\/www.imds-professional.com\/impressum\/#primaryimage"},"image":{"@id":"https:\/\/www.imds-professional.com\/impressum\/#primaryimage"},"thumbnailUrl":"https:\/\/www.imds-professional.com\/wp-content\/uploads\/elementor\/thumbs\/Puma-ohne-Logo-1-1-pklbgav612s2qotg28v74rlvszbdok43flxkt0egkk.jpg","datePublished":"2021-06-14T07:21:26+00:00","dateModified":"2026-02-10T07:35:15+00:00","description":"imds professional GmbH & Co. KG \u00e8 un fornitore di servizi per la conformit\u00e0 ambientale dei prodotti. Clicca qui per l'impronta.","breadcrumb":{"@id":"https:\/\/www.imds-professional.com\/impressum\/#breadcrumb"},"inLanguage":"it-IT","potentialAction":[{"@type":"ReadAction","target":["https:\/\/www.imds-professional.com\/impressum\/"]}]},{"@type":"ImageObject","inLanguage":"it-IT","@id":"https:\/\/www.imds-professional.com\/impressum\/#primaryimage","url":"https:\/\/www.imds-professional.com\/wp-content\/uploads\/elementor\/thumbs\/Puma-ohne-Logo-1-1-pklbgav612s2qotg28v74rlvszbdok43flxkt0egkk.jpg","contentUrl":"https:\/\/www.imds-professional.com\/wp-content\/uploads\/elementor\/thumbs\/Puma-ohne-Logo-1-1-pklbgav612s2qotg28v74rlvszbdok43flxkt0egkk.jpg"},{"@type":"BreadcrumbList","@id":"https:\/\/www.imds-professional.com\/impressum\/#breadcrumb","itemListElement":[{"@type":"ListItem","position":1,"name":"Startseite","item":"https:\/\/www.imds-professional.com\/en\/"},{"@type":"ListItem","position":2,"name":"Imprint"}]},{"@type":"WebSite","@id":"https:\/\/www.imds-professional.com\/#website","url":"https:\/\/www.imds-professional.com\/","name":"imds-professional","description":"Demo Seite f\u00fcr ein Projekt, nicht l\u00f6schen!!! ","publisher":{"@id":"https:\/\/www.imds-professional.com\/#organization"},"potentialAction":[{"@type":"SearchAction","target":{"@type":"EntryPoint","urlTemplate":"https:\/\/www.imds-professional.com\/?s={search_term_string}"},"query-input":{"@type":"PropertyValueSpecification","valueRequired":true,"valueName":"search_term_string"}}],"inLanguage":"it-IT"},{"@type":"Organization","@id":"https:\/\/www.imds-professional.com\/#organization","name":"imds professional GmbH & Co. KG","url":"https:\/\/www.imds-professional.com\/","logo":{"@type":"ImageObject","inLanguage":"it-IT","@id":"https:\/\/www.imds-professional.com\/#\/schema\/logo\/image\/","url":"https:\/\/www.imds-professional.com\/wp-content\/uploads\/2021\/06\/Logo-TransparentHeader.png","contentUrl":"https:\/\/www.imds-professional.com\/wp-content\/uploads\/2021\/06\/Logo-TransparentHeader.png","width":5012,"height":2111,"caption":"imds professional GmbH & Co. KG"},"image":{"@id":"https:\/\/www.imds-professional.com\/#\/schema\/logo\/image\/"}}]}},"_links":{"self":[{"href":"https:\/\/www.imds-professional.com\/it\/wp-json\/wp\/v2\/pages\/23058","targetHints":{"allow":["GET"]}}],"collection":[{"href":"https:\/\/www.imds-professional.com\/it\/wp-json\/wp\/v2\/pages"}],"about":[{"href":"https:\/\/www.imds-professional.com\/it\/wp-json\/wp\/v2\/types\/page"}],"author":[{"embeddable":true,"href":"https:\/\/www.imds-professional.com\/it\/wp-json\/wp\/v2\/users\/4"}],"replies":[{"embeddable":true,"href":"https:\/\/www.imds-professional.com\/it\/wp-json\/wp\/v2\/comments?post=23058"}],"version-history":[{"count":2,"href":"https:\/\/www.imds-professional.com\/it\/wp-json\/wp\/v2\/pages\/23058\/revisions"}],"predecessor-version":[{"id":71123,"href":"https:\/\/www.imds-professional.com\/it\/wp-json\/wp\/v2\/pages\/23058\/revisions\/71123"}],"wp:attachment":[{"href":"https:\/\/www.imds-professional.com\/it\/wp-json\/wp\/v2\/media?parent=23058"}],"curies":[{"name":"wp","href":"https:\/\/api.w.org\/{rel}","templated":true}]}}