{"id":32593,"date":"2022-06-22T14:18:17","date_gmt":"2022-06-22T12:18:17","guid":{"rendered":"https:\/\/www.imds-professional.com\/formazione-mdr\/"},"modified":"2024-05-28T15:20:04","modified_gmt":"2024-05-28T13:20:04","slug":"corsi-di-formazione-sul-regolamento-per-i-dispositivi-medici","status":"publish","type":"page","link":"https:\/\/www.imds-professional.com\/it\/corsi-di-formazione-sul-regolamento-per-i-dispositivi-medici\/","title":{"rendered":"Formazione MDR"},"content":{"rendered":"\t\t<div data-elementor-type=\"wp-page\" data-elementor-id=\"32593\" class=\"elementor elementor-32593 elementor-32239\" data-elementor-post-type=\"page\">\n\t\t\t\t\t\t<section class=\"elementor-section elementor-top-section elementor-element elementor-element-310d797 elementor-section-boxed elementor-section-height-default elementor-section-height-default\" data-id=\"310d797\" data-element_type=\"section\" data-e-type=\"section\">\n\t\t\t\t\t\t\t<div class=\"elementor-background-overlay\"><\/div>\n\t\t\t\t\t\t\t<div class=\"elementor-container elementor-column-gap-default\">\n\t\t\t\t\t<div class=\"elementor-column elementor-col-50 elementor-top-column elementor-element elementor-element-3806531\" data-id=\"3806531\" data-element_type=\"column\" data-e-type=\"column\" data-settings=\"{&quot;background_background&quot;:&quot;classic&quot;}\">\n\t\t\t<div class=\"elementor-widget-wrap elementor-element-populated\">\n\t\t\t\t\t<div class=\"elementor-background-overlay\"><\/div>\n\t\t\t\t\t\t<div class=\"elementor-element elementor-element-a86c7cb elementor-nav-menu__align-start elementor-nav-menu--dropdown-none elementor-widget elementor-widget-nav-menu\" data-id=\"a86c7cb\" data-element_type=\"widget\" data-e-type=\"widget\" data-settings=\"{&quot;layout&quot;:&quot;vertical&quot;,&quot;sticky&quot;:&quot;top&quot;,&quot;sticky_parent&quot;:&quot;yes&quot;,&quot;submenu_icon&quot;:{&quot;value&quot;:&quot;&lt;i aria-hidden=\\&quot;true\\&quot; class=\\&quot;\\&quot;&gt;&lt;\\\/i&gt;&quot;,&quot;library&quot;:&quot;&quot;},&quot;sticky_on&quot;:[&quot;desktop&quot;],&quot;sticky_offset&quot;:0,&quot;sticky_effects_offset&quot;:0,&quot;sticky_anchor_link_offset&quot;:0}\" data-widget_type=\"nav-menu.default\">\n\t\t\t\t<div class=\"elementor-widget-container\">\n\t\t\t\t\t\t\t\t<nav aria-label=\"Menu\" class=\"elementor-nav-menu--main elementor-nav-menu__container elementor-nav-menu--layout-vertical e--pointer-none\">\n\t\t\t\t<ul id=\"menu-1-a86c7cb\" class=\"elementor-nav-menu sm-vertical\"><li class=\"menu-item menu-item-type-post_type menu-item-object-page menu-item-53849\"><a href=\"https:\/\/www.imds-professional.com\/it\/regolamento-ai-dispositivi-medici\/\" class=\"elementor-item\">MDR<\/a><\/li>\n<\/ul>\t\t\t<\/nav>\n\t\t\t\t\t\t<nav class=\"elementor-nav-menu--dropdown elementor-nav-menu__container\" aria-hidden=\"true\">\n\t\t\t\t<ul id=\"menu-2-a86c7cb\" class=\"elementor-nav-menu sm-vertical\"><li class=\"menu-item menu-item-type-post_type menu-item-object-page menu-item-53849\"><a href=\"https:\/\/www.imds-professional.com\/it\/regolamento-ai-dispositivi-medici\/\" class=\"elementor-item\" tabindex=\"-1\">MDR<\/a><\/li>\n<\/ul>\t\t\t<\/nav>\n\t\t\t\t\t\t<\/div>\n\t\t\t\t<\/div>\n\t\t\t\t<div class=\"elementor-element elementor-element-1593ad0 elementor-align-left elementor-widget elementor-widget-button\" data-id=\"1593ad0\" data-element_type=\"widget\" data-e-type=\"widget\" data-settings=\"{&quot;sticky&quot;:&quot;top&quot;,&quot;sticky_offset&quot;:330,&quot;sticky_parent&quot;:&quot;yes&quot;,&quot;sticky_on&quot;:[&quot;desktop&quot;],&quot;sticky_effects_offset&quot;:0,&quot;sticky_anchor_link_offset&quot;:0}\" data-widget_type=\"button.default\">\n\t\t\t\t<div class=\"elementor-widget-container\">\n\t\t\t\t\t\t\t\t\t<div class=\"elementor-button-wrapper\">\n\t\t\t\t\t<a class=\"elementor-button elementor-button-link elementor-size-sm elementor-animation-float\" href=\"https:\/\/www.imds-professional.com\/it\/contatto\/\">\n\t\t\t\t\t\t<span class=\"elementor-button-content-wrapper\">\n\t\t\t\t\t\t<span class=\"elementor-button-icon\">\n\t\t\t\t<svg xmlns=\"http:\/\/www.w3.org\/2000\/svg\" id=\"b385ca18-4b85-46d4-bb4b-571c73a19812\" data-name=\"b922a425-e5e0-4ef1-881c-5748460fd139\" viewBox=\"0 0 30.125 18.1738\"><title>arrow-icon-size3<\/title><path d=\"M29.75,9.3948,21.5281,1.1735a.8479.8479,0,0,0-.601-.261L20.9124.9119a.8526.8526,0,0,0-.5956.2409.8642.8642,0,0,0-.0027,1.23l6.7618,6.7611H.7316a.8566.8566,0,1,0,0,1.7131H27.0759l-6.7591,6.7591a.8576.8576,0,0,0-.0214,1.2113.8462.8462,0,0,0,.61.2583.8949.8949,0,0,0,.621-.2556l8.2233-8.224A.8587.8587,0,0,0,29.75,9.3948Z\" transform=\"translate(0.125 -0.9119)\"><\/path><\/svg>\t\t\t<\/span>\n\t\t\t\t\t\t\t\t\t<span class=\"elementor-button-text\">Contatta<\/span>\n\t\t\t\t\t<\/span>\n\t\t\t\t\t<\/a>\n\t\t\t\t<\/div>\n\t\t\t\t\t\t\t\t<\/div>\n\t\t\t\t<\/div>\n\t\t\t\t<div class=\"elementor-element elementor-element-2ff3192 elementor-align-left elementor-widget elementor-widget-button\" data-id=\"2ff3192\" data-element_type=\"widget\" data-e-type=\"widget\" data-settings=\"{&quot;sticky&quot;:&quot;top&quot;,&quot;sticky_offset&quot;:440,&quot;sticky_parent&quot;:&quot;yes&quot;,&quot;sticky_on&quot;:[&quot;desktop&quot;],&quot;sticky_effects_offset&quot;:0,&quot;sticky_anchor_link_offset&quot;:0}\" data-widget_type=\"button.default\">\n\t\t\t\t<div class=\"elementor-widget-container\">\n\t\t\t\t\t\t\t\t\t<div class=\"elementor-button-wrapper\">\n\t\t\t\t\t<a class=\"elementor-button elementor-button-link elementor-size-sm elementor-animation-float\" href=\"https:\/\/www.imds-professional.com\/it\/formazioni-attuali\/\">\n\t\t\t\t\t\t<span class=\"elementor-button-content-wrapper\">\n\t\t\t\t\t\t<span class=\"elementor-button-icon\">\n\t\t\t\t<svg xmlns=\"http:\/\/www.w3.org\/2000\/svg\" id=\"b385ca18-4b85-46d4-bb4b-571c73a19812\" data-name=\"b922a425-e5e0-4ef1-881c-5748460fd139\" viewBox=\"0 0 30.125 18.1738\"><title>arrow-icon-size3<\/title><path d=\"M29.75,9.3948,21.5281,1.1735a.8479.8479,0,0,0-.601-.261L20.9124.9119a.8526.8526,0,0,0-.5956.2409.8642.8642,0,0,0-.0027,1.23l6.7618,6.7611H.7316a.8566.8566,0,1,0,0,1.7131H27.0759l-6.7591,6.7591a.8576.8576,0,0,0-.0214,1.2113.8462.8462,0,0,0,.61.2583.8949.8949,0,0,0,.621-.2556l8.2233-8.224A.8587.8587,0,0,0,29.75,9.3948Z\" transform=\"translate(0.125 -0.9119)\"><\/path><\/svg>\t\t\t<\/span>\n\t\t\t\t\t\t\t\t\t<span class=\"elementor-button-text\">Prenotazione del seminario<\/span>\n\t\t\t\t\t<\/span>\n\t\t\t\t\t<\/a>\n\t\t\t\t<\/div>\n\t\t\t\t\t\t\t\t<\/div>\n\t\t\t\t<\/div>\n\t\t\t\t<div class=\"elementor-element elementor-element-c32053f elementor-align-left elementor-widget elementor-widget-button\" data-id=\"c32053f\" data-element_type=\"widget\" data-e-type=\"widget\" data-settings=\"{&quot;sticky&quot;:&quot;top&quot;,&quot;sticky_offset&quot;:500,&quot;sticky_parent&quot;:&quot;yes&quot;,&quot;sticky_on&quot;:[&quot;desktop&quot;],&quot;sticky_effects_offset&quot;:0,&quot;sticky_anchor_link_offset&quot;:0}\" data-widget_type=\"button.default\">\n\t\t\t\t<div class=\"elementor-widget-container\">\n\t\t\t\t\t\t\t\t\t<div class=\"elementor-button-wrapper\">\n\t\t\t\t\t<a class=\"elementor-button elementor-button-link elementor-size-sm elementor-animation-float\" href=\"https:\/\/www.imds-professional.com\/it\/newsletter\/\">\n\t\t\t\t\t\t<span class=\"elementor-button-content-wrapper\">\n\t\t\t\t\t\t<span class=\"elementor-button-icon\">\n\t\t\t\t<svg xmlns=\"http:\/\/www.w3.org\/2000\/svg\" id=\"b385ca18-4b85-46d4-bb4b-571c73a19812\" data-name=\"b922a425-e5e0-4ef1-881c-5748460fd139\" viewBox=\"0 0 30.125 18.1738\"><title>arrow-icon-size3<\/title><path d=\"M29.75,9.3948,21.5281,1.1735a.8479.8479,0,0,0-.601-.261L20.9124.9119a.8526.8526,0,0,0-.5956.2409.8642.8642,0,0,0-.0027,1.23l6.7618,6.7611H.7316a.8566.8566,0,1,0,0,1.7131H27.0759l-6.7591,6.7591a.8576.8576,0,0,0-.0214,1.2113.8462.8462,0,0,0,.61.2583.8949.8949,0,0,0,.621-.2556l8.2233-8.224A.8587.8587,0,0,0,29.75,9.3948Z\" transform=\"translate(0.125 -0.9119)\"><\/path><\/svg>\t\t\t<\/span>\n\t\t\t\t\t\t\t\t\t<span class=\"elementor-button-text\">Newsletter<\/span>\n\t\t\t\t\t<\/span>\n\t\t\t\t\t<\/a>\n\t\t\t\t<\/div>\n\t\t\t\t\t\t\t\t<\/div>\n\t\t\t\t<\/div>\n\t\t\t\t\t<\/div>\n\t\t<\/div>\n\t\t\t\t<div class=\"elementor-column elementor-col-50 elementor-top-column elementor-element elementor-element-e65e6da\" data-id=\"e65e6da\" data-element_type=\"column\" data-e-type=\"column\" data-settings=\"{&quot;background_background&quot;:&quot;classic&quot;}\">\n\t\t\t<div class=\"elementor-widget-wrap elementor-element-populated\">\n\t\t\t\t\t<div class=\"elementor-background-overlay\"><\/div>\n\t\t\t\t\t\t<div class=\"elementor-element elementor-element-7db202b elementor-align-left elementor-widget elementor-widget-button\" data-id=\"7db202b\" data-element_type=\"widget\" data-e-type=\"widget\" data-widget_type=\"button.default\">\n\t\t\t\t<div class=\"elementor-widget-container\">\n\t\t\t\t\t\t\t\t\t<div class=\"elementor-button-wrapper\">\n\t\t\t\t\t<a class=\"elementor-button elementor-button-link elementor-size-sm\" href=\"https:\/\/www.imds-professional.com\/it\/argomenti-specialistici\/\">\n\t\t\t\t\t\t<span class=\"elementor-button-content-wrapper\">\n\t\t\t\t\t\t<span class=\"elementor-button-icon\">\n\t\t\t\t<i aria-hidden=\"true\" class=\"dticon dticon-arrow-down-outline\"><\/i>\t\t\t<\/span>\n\t\t\t\t\t\t\t\t\t<span class=\"elementor-button-text\">Torna agli argomenti specialistici<\/span>\n\t\t\t\t\t<\/span>\n\t\t\t\t\t<\/a>\n\t\t\t\t<\/div>\n\t\t\t\t\t\t\t\t<\/div>\n\t\t\t\t<\/div>\n\t\t\t\t<div class=\"elementor-element elementor-element-7487d88 elementor-widget elementor-widget-heading\" data-id=\"7487d88\" data-element_type=\"widget\" data-e-type=\"widget\" data-widget_type=\"heading.default\">\n\t\t\t\t<div class=\"elementor-widget-container\">\n\t\t\t\t\t<h3 class=\"elementor-heading-title elementor-size-default\">Formazione <b>MDR<\/b><\/h3>\t\t\t\t<\/div>\n\t\t\t\t<\/div>\n\t\t\t\t<div class=\"elementor-element elementor-element-1ed5679 elementor-widget-divider--view-line elementor-invisible elementor-widget elementor-widget-divider\" data-id=\"1ed5679\" data-element_type=\"widget\" data-e-type=\"widget\" data-settings=\"{&quot;_animation&quot;:&quot;fadeIn&quot;,&quot;_animation_delay&quot;:150}\" data-widget_type=\"divider.default\">\n\t\t\t\t<div class=\"elementor-widget-container\">\n\t\t\t\t\t\t\t<div class=\"elementor-divider\">\n\t\t\t<span class=\"elementor-divider-separator\">\n\t\t\t\t\t\t<\/span>\n\t\t<\/div>\n\t\t\t\t\t\t<\/div>\n\t\t\t\t<\/div>\n\t\t\t\t<div class=\"elementor-element elementor-element-8c07343 animated-slow elementor-invisible elementor-widget elementor-widget-heading\" data-id=\"8c07343\" data-element_type=\"widget\" data-e-type=\"widget\" data-settings=\"{&quot;_animation&quot;:&quot;fadeInUp&quot;,&quot;_animation_delay&quot;:100}\" data-widget_type=\"heading.default\">\n\t\t\t\t<div class=\"elementor-widget-container\">\n\t\t\t\t\t<h1 class=\"elementor-heading-title elementor-size-default\">Se vuoi saperne di pi\u00f9 sul MDR, sei in buone mani nel nostro ipCampus - dai un'occhiata!<\/h1>\t\t\t\t<\/div>\n\t\t\t\t<\/div>\n\t\t\t\t<div class=\"elementor-element elementor-element-ddcf113 elementor-widget elementor-widget-text-editor\" data-id=\"ddcf113\" data-element_type=\"widget\" data-e-type=\"widget\" data-widget_type=\"text-editor.default\">\n\t\t\t\t<div class=\"elementor-widget-container\">\n\t\t\t\t\t\t\t\t\t<span style=\"font-weight: 400;\">Hai bisogno di ulteriore formazione sul regolamento per i dispositivi medici? Allora sei nel posto giusto! Offriamo una serie di corsi di alta qualit\u00e0 sulla nostra piattaforma di apprendimento <\/span><a href=\"http:\/\/5.189.184.204\/imds-schulungen\/\"><span style=\"font-weight: 400;\">ipCampus <\/span><\/a><span style=\"font-weight: 400;\">che ti daranno aggiornamenti in pochissimo tempo. Oltre a fornire corsi di formazione programmati, offriamo webinar personalizzati o corsi di persona. Questi ti faranno familiarizzare rapidamente con i principi legali fondamentali, in modo che ti senta sicuro al momento di metterli in pratica. Molti dei partecipanti ai nostri corsi preferiscono i webinar perch\u00e9 li trovano un metodo di formazione pi\u00f9 conveniente che possono segiore dalla comodit\u00e0 della loro casa o del posto di lavoro. Siamo lieti di tenere corsi di formazione per il tuo personale presso la tua sede aziendale. Il contenuto pu\u00f2 anche essere personalizzato per soddisfare le esigenze specifiche della tua azienda. Compila il nostro <\/span><span style=\"font-weight: 400;\">modulo di contatto <\/span><span style=\"font-weight: 400;\">e facci sapere come possiamo aiutarti. Ti risponderemo senza indugio.<\/span>\t\t\t\t\t\t\t\t<\/div>\n\t\t\t\t<\/div>\n\t\t\t\t<div class=\"elementor-element elementor-element-bcac146 elementor-widget elementor-widget-spacer\" data-id=\"bcac146\" data-element_type=\"widget\" data-e-type=\"widget\" data-widget_type=\"spacer.default\">\n\t\t\t\t<div class=\"elementor-widget-container\">\n\t\t\t\t\t\t\t<div class=\"elementor-spacer\">\n\t\t\t<div class=\"elementor-spacer-inner\"><\/div>\n\t\t<\/div>\n\t\t\t\t\t\t<\/div>\n\t\t\t\t<\/div>\n\t\t\t\t<div class=\"elementor-element elementor-element-77ba8fd elementor-widget elementor-widget-text-editor\" data-id=\"77ba8fd\" data-element_type=\"widget\" data-e-type=\"widget\" data-widget_type=\"text-editor.default\">\n\t\t\t\t<div class=\"elementor-widget-container\">\n\t\t\t\t\t\t\t\t\t<strong> Vantaggi dei nostri corsi sul regolamento per i dispositivi medici:<\/strong>\r\n<ul style=\"text-align: left;\">\r\n \t<li style=\"list-style-type: none;\">\r\n<ul style=\"text-align: left;\">\r\n \t<li style=\"font-weight: 400;\" aria-level=\"1\"><span style=\"font-weight: 400;\">Riceverai dei certificati personalizzati come prova delle competenze acquisite.\u00a0<\/span><\/li>\r\n \t<li style=\"font-weight: 400;\" aria-level=\"1\"><span style=\"font-weight: 400;\">Gli istruttori esperti sono generalmente in grado di rispondere immediatamente a qualsiasi domanda urgente.\u00a0<\/span><\/li>\r\n \t<li style=\"font-weight: 400;\" aria-level=\"1\"><span style=\"font-weight: 400;\">Risparmierai tempo e denaro imparando le insidie pi\u00f9 comuni e come evitarle.<\/span><\/li>\r\n<\/ul>\r\n<\/li>\r\n<\/ul>\t\t\t\t\t\t\t\t<\/div>\n\t\t\t\t<\/div>\n\t\t\t\t<section class=\"elementor-section elementor-inner-section elementor-element elementor-element-2bf5988 elementor-section-boxed elementor-section-height-default elementor-section-height-default\" data-id=\"2bf5988\" data-element_type=\"section\" data-e-type=\"section\">\n\t\t\t\t\t\t<div class=\"elementor-container elementor-column-gap-default\">\n\t\t\t\t\t<div class=\"elementor-column elementor-col-100 elementor-inner-column elementor-element elementor-element-2256a41\" data-id=\"2256a41\" data-element_type=\"column\" data-e-type=\"column\" data-settings=\"{&quot;background_background&quot;:&quot;classic&quot;}\">\n\t\t\t<div class=\"elementor-widget-wrap elementor-element-populated\">\n\t\t\t\t\t<div class=\"elementor-background-overlay\"><\/div>\n\t\t\t\t\t\t<div class=\"elementor-element elementor-element-b15e522 elementor-widget elementor-widget-heading\" data-id=\"b15e522\" data-element_type=\"widget\" data-e-type=\"widget\" data-widget_type=\"heading.default\">\n\t\t\t\t<div class=\"elementor-widget-container\">\n\t\t\t\t\t<h2 class=\"elementor-heading-title elementor-size-default\">Ulteriori servizi per il <b>MDR<\/b><\/h2>\t\t\t\t<\/div>\n\t\t\t\t<\/div>\n\t\t\t\t<div class=\"elementor-element elementor-element-dbdd9e0 elementor-widget elementor-widget-text-editor\" data-id=\"dbdd9e0\" data-element_type=\"widget\" data-e-type=\"widget\" data-widget_type=\"text-editor.default\">\n\t\t\t\t<div class=\"elementor-widget-container\">\n\t\t\t\t\t\t\t\t\t<p><em>Scopri le date dei nostri corsi di formazione nel nostro calendario dei seminari ora!<\/em><\/p><p><em style=\"font-size: 16px;\">Oltre ai nostri corsi di formazione, offriamo anche un servizio completo su MDR. Contattateci se desiderate una consultazione gratuita per l&#8217;orientamento.<\/em><\/p>\t\t\t\t\t\t\t\t<\/div>\n\t\t\t\t<\/div>\n\t\t\t\t<div class=\"elementor-element elementor-element-cac6d94 elementor-align-left elementor-widget elementor-widget-button\" data-id=\"cac6d94\" data-element_type=\"widget\" data-e-type=\"widget\" data-widget_type=\"button.default\">\n\t\t\t\t<div class=\"elementor-widget-container\">\n\t\t\t\t\t\t\t\t\t<div class=\"elementor-button-wrapper\">\n\t\t\t\t\t<a class=\"elementor-button elementor-button-link elementor-size-sm elementor-animation-float\" href=\"https:\/\/www.imds-professional.com\/it\/contatto\/\">\n\t\t\t\t\t\t<span class=\"elementor-button-content-wrapper\">\n\t\t\t\t\t\t<span class=\"elementor-button-icon\">\n\t\t\t\t<svg xmlns=\"http:\/\/www.w3.org\/2000\/svg\" id=\"b385ca18-4b85-46d4-bb4b-571c73a19812\" data-name=\"b922a425-e5e0-4ef1-881c-5748460fd139\" viewBox=\"0 0 30.125 18.1738\"><title>arrow-icon-size3<\/title><path d=\"M29.75,9.3948,21.5281,1.1735a.8479.8479,0,0,0-.601-.261L20.9124.9119a.8526.8526,0,0,0-.5956.2409.8642.8642,0,0,0-.0027,1.23l6.7618,6.7611H.7316a.8566.8566,0,1,0,0,1.7131H27.0759l-6.7591,6.7591a.8576.8576,0,0,0-.0214,1.2113.8462.8462,0,0,0,.61.2583.8949.8949,0,0,0,.621-.2556l8.2233-8.224A.8587.8587,0,0,0,29.75,9.3948Z\" transform=\"translate(0.125 -0.9119)\"><\/path><\/svg>\t\t\t<\/span>\n\t\t\t\t\t\t\t\t\t<span class=\"elementor-button-text\">Contatta<\/span>\n\t\t\t\t\t<\/span>\n\t\t\t\t\t<\/a>\n\t\t\t\t<\/div>\n\t\t\t\t\t\t\t\t<\/div>\n\t\t\t\t<\/div>\n\t\t\t\t\t<\/div>\n\t\t<\/div>\n\t\t\t\t\t<\/div>\n\t\t<\/section>\n\t\t\t\t\t<\/div>\n\t\t<\/div>\n\t\t\t\t\t<\/div>\n\t\t<\/section>\n\t\t\t\t<\/div>\n\t\t","protected":false},"excerpt":{"rendered":"<p>arrow-icon-size3 Contatta arrow-icon-size3 Prenotazione del seminario arrow-icon-size3 Newsletter Torna agli argomenti specialistici Formazione MDR Se vuoi saperne di pi\u00f9 sul MDR, sei in buone mani nel nostro ipCampus &#8211; dai un&#8217;occhiata! Hai bisogno di ulteriore formazione sul regolamento per i dispositivi medici? Allora sei nel posto giusto! Offriamo una serie di corsi di alta qualit\u00e0 [&hellip;]<\/p>\n","protected":false},"author":3,"featured_media":0,"parent":0,"menu_order":0,"comment_status":"closed","ping_status":"closed","template":"elementor_header_footer","meta":{"footnotes":""},"class_list":["post-32593","page","type-page","status-publish","hentry","entry","owp-thumbs-layout-horizontal","owp-btn-normal","owp-tabs-layout-horizontal","has-no-thumbnails","has-product-nav"],"yoast_head":"<!-- This site is optimized with the Yoast SEO plugin v27.3 - https:\/\/yoast.com\/product\/yoast-seo-wordpress\/ -->\n<title>Formazione MDR<\/title>\n<meta name=\"description\" content=\"Se vuoi saperne di pi\u00f9 sul regolamento per i dispositivi medici sei in buone mani nel nostro ipCampus - dai un&#039;occhiata!\" \/>\n<meta name=\"robots\" content=\"noindex, follow\" \/>\n<meta property=\"og:locale\" content=\"it_IT\" \/>\n<meta property=\"og:type\" content=\"article\" \/>\n<meta property=\"og:title\" content=\"Formazione MDR\" \/>\n<meta property=\"og:description\" content=\"Se vuoi saperne di pi\u00f9 sul regolamento per i dispositivi medici sei in buone mani nel nostro ipCampus - dai un&#039;occhiata!\" \/>\n<meta property=\"og:url\" content=\"https:\/\/www.imds-professional.com\/it\/corsi-di-formazione-sul-regolamento-per-i-dispositivi-medici\/\" \/>\n<meta property=\"og:site_name\" content=\"imds-professional\" \/>\n<meta property=\"article:modified_time\" content=\"2024-05-28T13:20:04+00:00\" \/>\n<meta name=\"twitter:label1\" content=\"Tempo di lettura stimato\" \/>\n\t<meta name=\"twitter:data1\" content=\"2 minuti\" \/>\n<script type=\"application\/ld+json\" class=\"yoast-schema-graph\">{\"@context\":\"https:\\\/\\\/schema.org\",\"@graph\":[{\"@type\":\"WebPage\",\"@id\":\"https:\\\/\\\/www.imds-professional.com\\\/it\\\/corsi-di-formazione-sul-regolamento-per-i-dispositivi-medici\\\/\",\"url\":\"https:\\\/\\\/www.imds-professional.com\\\/it\\\/corsi-di-formazione-sul-regolamento-per-i-dispositivi-medici\\\/\",\"name\":\"Formazione MDR\",\"isPartOf\":{\"@id\":\"https:\\\/\\\/www.imds-professional.com\\\/#website\"},\"datePublished\":\"2022-06-22T12:18:17+00:00\",\"dateModified\":\"2024-05-28T13:20:04+00:00\",\"description\":\"Se vuoi saperne di pi\u00f9 sul regolamento per i dispositivi medici sei in buone mani nel nostro ipCampus - dai un'occhiata!\",\"breadcrumb\":{\"@id\":\"https:\\\/\\\/www.imds-professional.com\\\/it\\\/corsi-di-formazione-sul-regolamento-per-i-dispositivi-medici\\\/#breadcrumb\"},\"inLanguage\":\"it-IT\",\"potentialAction\":[{\"@type\":\"ReadAction\",\"target\":[\"https:\\\/\\\/www.imds-professional.com\\\/it\\\/corsi-di-formazione-sul-regolamento-per-i-dispositivi-medici\\\/\"]}]},{\"@type\":\"BreadcrumbList\",\"@id\":\"https:\\\/\\\/www.imds-professional.com\\\/it\\\/corsi-di-formazione-sul-regolamento-per-i-dispositivi-medici\\\/#breadcrumb\",\"itemListElement\":[{\"@type\":\"ListItem\",\"position\":1,\"name\":\"Startseite\",\"item\":\"https:\\\/\\\/www.imds-professional.com\\\/en\\\/\"},{\"@type\":\"ListItem\",\"position\":2,\"name\":\"Formazione MDR\"}]},{\"@type\":\"WebSite\",\"@id\":\"https:\\\/\\\/www.imds-professional.com\\\/#website\",\"url\":\"https:\\\/\\\/www.imds-professional.com\\\/\",\"name\":\"imds-professional\",\"description\":\"Demo Seite f\u00fcr ein Projekt, nicht l\u00f6schen!!! \",\"publisher\":{\"@id\":\"https:\\\/\\\/www.imds-professional.com\\\/#organization\"},\"potentialAction\":[{\"@type\":\"SearchAction\",\"target\":{\"@type\":\"EntryPoint\",\"urlTemplate\":\"https:\\\/\\\/www.imds-professional.com\\\/?s={search_term_string}\"},\"query-input\":{\"@type\":\"PropertyValueSpecification\",\"valueRequired\":true,\"valueName\":\"search_term_string\"}}],\"inLanguage\":\"it-IT\"},{\"@type\":\"Organization\",\"@id\":\"https:\\\/\\\/www.imds-professional.com\\\/#organization\",\"name\":\"imds professional GmbH & Co. KG\",\"url\":\"https:\\\/\\\/www.imds-professional.com\\\/\",\"logo\":{\"@type\":\"ImageObject\",\"inLanguage\":\"it-IT\",\"@id\":\"https:\\\/\\\/www.imds-professional.com\\\/#\\\/schema\\\/logo\\\/image\\\/\",\"url\":\"https:\\\/\\\/www.imds-professional.com\\\/wp-content\\\/uploads\\\/2021\\\/06\\\/Logo-TransparentHeader.png\",\"contentUrl\":\"https:\\\/\\\/www.imds-professional.com\\\/wp-content\\\/uploads\\\/2021\\\/06\\\/Logo-TransparentHeader.png\",\"width\":5012,\"height\":2111,\"caption\":\"imds professional GmbH & Co. KG\"},\"image\":{\"@id\":\"https:\\\/\\\/www.imds-professional.com\\\/#\\\/schema\\\/logo\\\/image\\\/\"}}]}<\/script>\n<!-- \/ Yoast SEO plugin. -->","yoast_head_json":{"title":"Formazione MDR","description":"Se vuoi saperne di pi\u00f9 sul regolamento per i dispositivi medici sei in buone mani nel nostro ipCampus - dai un'occhiata!","robots":{"index":"noindex","follow":"follow"},"og_locale":"it_IT","og_type":"article","og_title":"Formazione MDR","og_description":"Se vuoi saperne di pi\u00f9 sul regolamento per i dispositivi medici sei in buone mani nel nostro ipCampus - dai un'occhiata!","og_url":"https:\/\/www.imds-professional.com\/it\/corsi-di-formazione-sul-regolamento-per-i-dispositivi-medici\/","og_site_name":"imds-professional","article_modified_time":"2024-05-28T13:20:04+00:00","twitter_misc":{"Tempo di lettura stimato":"2 minuti"},"schema":{"@context":"https:\/\/schema.org","@graph":[{"@type":"WebPage","@id":"https:\/\/www.imds-professional.com\/it\/corsi-di-formazione-sul-regolamento-per-i-dispositivi-medici\/","url":"https:\/\/www.imds-professional.com\/it\/corsi-di-formazione-sul-regolamento-per-i-dispositivi-medici\/","name":"Formazione MDR","isPartOf":{"@id":"https:\/\/www.imds-professional.com\/#website"},"datePublished":"2022-06-22T12:18:17+00:00","dateModified":"2024-05-28T13:20:04+00:00","description":"Se vuoi saperne di pi\u00f9 sul regolamento per i dispositivi medici sei in buone mani nel nostro ipCampus - dai un'occhiata!","breadcrumb":{"@id":"https:\/\/www.imds-professional.com\/it\/corsi-di-formazione-sul-regolamento-per-i-dispositivi-medici\/#breadcrumb"},"inLanguage":"it-IT","potentialAction":[{"@type":"ReadAction","target":["https:\/\/www.imds-professional.com\/it\/corsi-di-formazione-sul-regolamento-per-i-dispositivi-medici\/"]}]},{"@type":"BreadcrumbList","@id":"https:\/\/www.imds-professional.com\/it\/corsi-di-formazione-sul-regolamento-per-i-dispositivi-medici\/#breadcrumb","itemListElement":[{"@type":"ListItem","position":1,"name":"Startseite","item":"https:\/\/www.imds-professional.com\/en\/"},{"@type":"ListItem","position":2,"name":"Formazione MDR"}]},{"@type":"WebSite","@id":"https:\/\/www.imds-professional.com\/#website","url":"https:\/\/www.imds-professional.com\/","name":"imds-professional","description":"Demo Seite f\u00fcr ein Projekt, nicht l\u00f6schen!!! ","publisher":{"@id":"https:\/\/www.imds-professional.com\/#organization"},"potentialAction":[{"@type":"SearchAction","target":{"@type":"EntryPoint","urlTemplate":"https:\/\/www.imds-professional.com\/?s={search_term_string}"},"query-input":{"@type":"PropertyValueSpecification","valueRequired":true,"valueName":"search_term_string"}}],"inLanguage":"it-IT"},{"@type":"Organization","@id":"https:\/\/www.imds-professional.com\/#organization","name":"imds professional GmbH & Co. KG","url":"https:\/\/www.imds-professional.com\/","logo":{"@type":"ImageObject","inLanguage":"it-IT","@id":"https:\/\/www.imds-professional.com\/#\/schema\/logo\/image\/","url":"https:\/\/www.imds-professional.com\/wp-content\/uploads\/2021\/06\/Logo-TransparentHeader.png","contentUrl":"https:\/\/www.imds-professional.com\/wp-content\/uploads\/2021\/06\/Logo-TransparentHeader.png","width":5012,"height":2111,"caption":"imds professional GmbH & Co. KG"},"image":{"@id":"https:\/\/www.imds-professional.com\/#\/schema\/logo\/image\/"}}]}},"_links":{"self":[{"href":"https:\/\/www.imds-professional.com\/it\/wp-json\/wp\/v2\/pages\/32593","targetHints":{"allow":["GET"]}}],"collection":[{"href":"https:\/\/www.imds-professional.com\/it\/wp-json\/wp\/v2\/pages"}],"about":[{"href":"https:\/\/www.imds-professional.com\/it\/wp-json\/wp\/v2\/types\/page"}],"author":[{"embeddable":true,"href":"https:\/\/www.imds-professional.com\/it\/wp-json\/wp\/v2\/users\/3"}],"replies":[{"embeddable":true,"href":"https:\/\/www.imds-professional.com\/it\/wp-json\/wp\/v2\/comments?post=32593"}],"version-history":[{"count":0,"href":"https:\/\/www.imds-professional.com\/it\/wp-json\/wp\/v2\/pages\/32593\/revisions"}],"wp:attachment":[{"href":"https:\/\/www.imds-professional.com\/it\/wp-json\/wp\/v2\/media?parent=32593"}],"curies":[{"name":"wp","href":"https:\/\/api.w.org\/{rel}","templated":true}]}}